{"id":204782,"date":"2017-06-16T03:54:39","date_gmt":"2017-06-16T03:54:39","guid":{"rendered":"http:\/\/disteco.com\/logistica\/"},"modified":"2025-04-30T11:10:44","modified_gmt":"2025-04-30T11:10:44","slug":"logistics-distribution","status":"publish","type":"page","link":"https:\/\/disteco.com\/en\/logistics-distribution\/","title":{"rendered":"Logistics and distribution"},"content":{"rendered":"<p>[et_pb_section bb_built=&#8221;1&#8243; admin_label=&#8221;Secci\u00f3n&#8221; fullwidth=&#8221;on&#8221; _builder_version=&#8221;3.0.51&#8243;][et_pb_fullwidth_image admin_label=&#8221;Cabecera quienes somos&#8221; src=&#8221;https:\/\/disteco.com\/wp-content\/uploads\/2017\/06\/disteco-fresc.jpg&#8221; _builder_version=&#8221;3.0.51&#8243; \/][\/et_pb_section][et_pb_section bb_built=&#8221;1&#8243; admin_label=&#8221;section&#8221; custom_padding=&#8221;0px|0px|58px|0px&#8221; module_id=&#8221;actividad&#8221; _builder_version=&#8221;3.0.51&#8243;][et_pb_row admin_label=&#8221;Fila&#8221; custom_padding=&#8221;12.2585px|0px|45px|0px&#8221; parallax_method_1=&#8221;off&#8221; _builder_version=&#8221;3.0.47&#8243; background_size=&#8221;initial&#8221; background_position=&#8221;top_left&#8221; background_repeat=&#8221;repeat&#8221;][et_pb_column type=&#8221;4_4&#8243;][et_pb_text admin_label=&#8221;Texto&#8221; _builder_version=&#8221;3.0.51&#8243; background_size=&#8221;initial&#8221; background_position=&#8221;top_left&#8221; background_repeat=&#8221;repeat&#8221; custom_margin=&#8221;40px|40px|40px|40px&#8221; inline_fonts=&#8221;Comfortaa&#8221; background_layout=&#8221;light&#8221; text_orientation=&#8221;left&#8221; border_style=&#8221;solid&#8221;]<\/p>\n<h1 style=\"text-align: center;\"><span style=\"font-family: Comfortaa; font-weight: normal; font-size: xx-large; color: #dd3333;\"><strong>Logistics and distribution<\/strong><\/span><\/h1>\n<p>[\/et_pb_text][et_pb_text admin_label=&#8221;Texto&#8221; _builder_version=&#8221;3.0.51&#8243; background_size=&#8221;initial&#8221; background_position=&#8221;top_left&#8221; background_repeat=&#8221;repeat&#8221; custom_margin=&#8221;30px|||&#8221; background_layout=&#8221;light&#8221; text_orientation=&#8221;left&#8221; border_style=&#8221;solid&#8221;]<\/p>\n<h3>En\u00a0<strong> <a href=\"http:\/\/disteco.com\/\" target=\"_blank\" rel=\"noopener noreferrer\">Grup Alimentari DISTECO <\/a><\/strong>ofrecemos desde hace m\u00e1s de dos d\u00e9cadas servicios de \u00a0log\u00edstica y distribuci\u00f3n comercial de productos alimentarios, aunando calidad de servicio y lucha por la mejora del medio ambiente<span lang=\"ES-TRAD\" style=\"font-size: 14px; text-align: justify; color: #666666;\">.<\/span><\/h3>\n<h3><\/h3>\n<h3>Nos encargamos directamente de todas las labores relacionadas con el almacenaje del producto, la preparaci\u00f3n de pedidos y la distribuci\u00f3n. De esta forma podemos asegurar a nuestros socios comerciales que sus productos van a llegar a sus clientes en \u00f3ptimas condiciones. Con el cuidado y dedicaci\u00f3n que s\u00f3lo un experto en distribuci\u00f3n alimentaria puede dar.<\/h3>\n<h3><\/h3>\n<p>[\/et_pb_text][\/et_pb_column][\/et_pb_row][et_pb_row admin_label=&#8221;row&#8221; make_fullwidth=&#8221;on&#8221; custom_padding=&#8221;0px|0px|0px|0px&#8221; custom_margin=&#8221;||-30px|&#8221; make_equal=&#8221;on&#8221; _builder_version=&#8221;3.0.51&#8243; background_size=&#8221;initial&#8221; background_position=&#8221;top_left&#8221; background_repeat=&#8221;repeat&#8221;][et_pb_column type=&#8221;1_2&#8243;][et_pb_image admin_label=&#8221;Imagen&#8221; src=&#8221;https:\/\/disteco.com\/wp-content\/uploads\/2017\/06\/flota-vehiculos-gad-distribuidor-alimentario.jpg&#8221; show_in_lightbox=&#8221;on&#8221; align=&#8221;center&#8221; _builder_version=&#8221;3.0.51&#8243; custom_margin=&#8221;|10%||10%&#8221; \/][\/et_pb_column][et_pb_column type=&#8221;1_2&#8243;][et_pb_text admin_label=&#8221;Texto&#8221; _builder_version=&#8221;3.0.51&#8243; background_size=&#8221;initial&#8221; background_position=&#8221;top_left&#8221; background_repeat=&#8221;repeat&#8221; custom_margin=&#8221;30px|80px||&#8221; inline_fonts=&#8221;Playfair Display&#8221; background_layout=&#8221;light&#8221; text_orientation=&#8221;left&#8221; border_style=&#8221;solid&#8221;]<\/p>\n<h1 style=\"text-align: left;\"><\/h1>\n<h1 style=\"text-align: left;\"><\/h1>\n<blockquote>\n<h1 style=\"text-align: left;\"><span style=\"font-size: x-large;\"><strong style=\"text-align: left;\">Our work would not be complete without a good logistics and distribution system.<\/strong><\/span><\/h1>\n<h1 style=\"text-align: left;\"><span style=\"font-size: x-large;\"><strong style=\"text-align: left;\">It allows us to take our products to all our customers in an efficient and ecological way.<\/strong><\/span><\/h1>\n<h1 style=\"text-align: left;\"><span style=\"font-size: x-large;\"><strong style=\"text-align: left;\">Save costs affects the final price of the product, making it more competitive.<\/strong><\/span><\/h1>\n<\/blockquote>\n<p>[\/et_pb_text][\/et_pb_column][\/et_pb_row][\/et_pb_section][et_pb_section bb_built=&#8221;1&#8243; admin_label=&#8221;Secci\u00f3n&#8221; module_id=&#8221;logistica&#8221; _builder_version=&#8221;3.0.51&#8243;][et_pb_row admin_label=&#8221;Fila&#8221; custom_padding=&#8221;12.2585px|0px|45px|0px&#8221; parallax_method_1=&#8221;off&#8221; _builder_version=&#8221;3.0.47&#8243; background_size=&#8221;initial&#8221; background_position=&#8221;top_left&#8221; background_repeat=&#8221;repeat&#8221;][et_pb_column type=&#8221;4_4&#8243;][et_pb_text admin_label=&#8221;Texto&#8221; _builder_version=&#8221;3.0.51&#8243; background_size=&#8221;initial&#8221; background_position=&#8221;top_left&#8221; background_repeat=&#8221;repeat&#8221; custom_margin=&#8221;40px|40px|40px|40px&#8221; inline_fonts=&#8221;Comfortaa&#8221; background_layout=&#8221;light&#8221; text_orientation=&#8221;left&#8221; border_style=&#8221;solid&#8221;]<\/p>\n<h1 style=\"text-align: center;\"><span style=\"font-family: Comfortaa; font-weight: normal; font-size: xx-large; color: #dd3333;\"><strong>Proximity Logistics<\/strong><\/span><\/h1>\n<p>[\/et_pb_text][et_pb_text admin_label=&#8221;Texto&#8221; _builder_version=&#8221;3.0.51&#8243; background_size=&#8221;initial&#8221; background_position=&#8221;top_left&#8221; background_repeat=&#8221;repeat&#8221; custom_margin=&#8221;30px|||&#8221; background_layout=&#8221;light&#8221; text_orientation=&#8221;left&#8221; border_style=&#8221;solid&#8221;]<\/p>\n<h3>The long-distance trade affects environmental degradation with increased emission of gases during transport that create the greenhouse effect and also of persons, the NGO Interm\u00f3n Oxfam in a\u00a0report\u00a0denounces the irregularities in the third world of multinationals food, as this NGO do not hesitate to put their commercial interests to any circumstance, although it degraded ecosystems or consenting child labor.<\/h3>\n<p>&nbsp;<\/p>\n<h3>At the same time supporting local producers and closest possible to the distribution point, together with the maximum product grouping order lowers and clears the chain producer &#8211; retailer &#8211; consumer, this proximity makes it easier to know the origin of the products and production methods, consumers are increasingly aware of the importance of nutrition and food security.<\/h3>\n<h3><\/h3>\n<p>[\/et_pb_text][\/et_pb_column][\/et_pb_row][\/et_pb_section][et_pb_section bb_built=&#8221;1&#8243; admin_label=&#8221;Secci\u00f3n&#8221; transparent_background=&#8221;on&#8221; custom_padding=&#8221;0px|0px|0px|0px&#8221; _builder_version=&#8221;3.0.51&#8243; background_image=&#8221;https:\/\/disteco.com\/wp-content\/uploads\/2017\/05\/distribuidor-logistica-de-proximidad-grup-alimentari-disteco-barcelona.png&#8221;][et_pb_row admin_label=&#8221;Fila&#8221; custom_padding=&#8221;12.2585px|0px|547px|0px&#8221; custom_margin=&#8221;30px|||&#8221; parallax_method_1=&#8221;off&#8221; _builder_version=&#8221;3.0.51&#8243; background_size=&#8221;initial&#8221; background_position=&#8221;top_left&#8221; background_repeat=&#8221;repeat&#8221;][et_pb_column type=&#8221;4_4&#8243;][et_pb_text admin_label=&#8221;Texto&#8221; text_orientation=&#8221;center&#8221; module_id=&#8221;actividad&#8221; _builder_version=&#8221;3.0.51&#8243; background_size=&#8221;initial&#8221; background_position=&#8221;top_left&#8221; background_repeat=&#8221;repeat&#8221; inline_fonts=&#8221;Playfair Display,Comfortaa&#8221; background_layout=&#8221;light&#8221; border_style=&#8221;solid&#8221;]<\/p>\n<h1><\/h1>\n<h1><span style=\"font-family: Comfortaa;\"><strong><span style=\"color: #dd3333;\">\u00a0<\/span><\/strong><\/span><\/h1>\n<p>[\/et_pb_text][et_pb_text admin_label=&#8221;Texto&#8221; _builder_version=&#8221;3.0.51&#8243; background_size=&#8221;initial&#8221; background_position=&#8221;top_left&#8221; background_repeat=&#8221;repeat&#8221; custom_margin=&#8221;20px|20px||40px&#8221; background_layout=&#8221;light&#8221; text_orientation=&#8221;left&#8221; border_style=&#8221;solid&#8221;]<\/p>\n<h4><\/h4>\n<h4><span style=\"color: #ffffff;\">We have the certainty that the correct distribution of products weigh heavily in the struggle for environmental improvement as it avoids the use of the energy.<\/span><\/h4>\n<h4><span style=\"color: #ffffff;\">The strengthening of the developers based on proximity and regrouping of different types of products (meat, tinned, dried etc.) By one service creates wealth and quality of life in the immediate environment. Local consumption and purchase of proximity positively affects the economy of those who practice it and it is the best way to make Country.<\/span><\/h4>\n<p>[\/et_pb_text][\/et_pb_column][\/et_pb_row][\/et_pb_section]<\/p>\n","protected":false},"excerpt":{"rendered":"<p>Logistics and distribution En\u00a0 Grup Alimentari DISTECO ofrecemos desde hace m\u00e1s de dos d\u00e9cadas servicios de \u00a0log\u00edstica y distribuci\u00f3n comercial de productos alimentarios, aunando calidad de servicio y lucha por la mejora del medio ambiente. Nos encargamos directamente de todas las labores relacionadas con el almacenaje del producto, la preparaci\u00f3n de pedidos y la distribuci\u00f3n. [&hellip;]<\/p>\n","protected":false},"author":1,"featured_media":0,"parent":0,"menu_order":0,"comment_status":"closed","ping_status":"closed","template":"","meta":{"_et_pb_use_builder":"on","_et_pb_old_content":"","_et_gb_content_width":"","footnotes":""},"class_list":["post-204782","page","type-page","status-publish","hentry"],"yoast_head":"<!-- This site is optimized with the Yoast SEO plugin v26.9 - https:\/\/yoast.com\/product\/yoast-seo-wordpress\/ -->\n<title>Logistics in GRUP ALIMENTARI DISTECO<\/title>\n<meta name=\"description\" content=\"Logistics. We have the certainty that the correct distribution of the products have great weight in the fight for the improvement of the environment.\" \/>\n<meta name=\"robots\" content=\"index, follow, max-snippet:-1, max-image-preview:large, max-video-preview:-1\" \/>\n<link rel=\"canonical\" href=\"https:\/\/disteco.com\/en\/logistics-distribution\/\" \/>\n<meta property=\"og:locale\" content=\"en_US\" \/>\n<meta property=\"og:type\" content=\"article\" \/>\n<meta property=\"og:title\" content=\"Logistics in GRUP ALIMENTARI DISTECO\" \/>\n<meta property=\"og:description\" content=\"Logistics. We have the certainty that the correct distribution of the products have great weight in the fight for the improvement of the environment.\" \/>\n<meta property=\"og:url\" content=\"https:\/\/disteco.com\/en\/logistics-distribution\/\" \/>\n<meta property=\"og:site_name\" content=\"GRUP ALIMENTARI DISTECO\" \/>\n<meta property=\"article:publisher\" content=\"https:\/\/www.facebook.com\/grupalimentaridisteco\/\" \/>\n<meta property=\"article:modified_time\" content=\"2025-04-30T11:10:44+00:00\" \/>\n<meta name=\"twitter:card\" content=\"summary_large_image\" \/>\n<meta name=\"twitter:site\" content=\"@DistecoGrup\" \/>\n<meta name=\"twitter:label1\" content=\"Est. reading time\" \/>\n\t<meta name=\"twitter:data1\" content=\"2 minutes\" \/>\n<script type=\"application\/ld+json\" class=\"yoast-schema-graph\">{\"@context\":\"https:\/\/schema.org\",\"@graph\":[{\"@type\":\"WebPage\",\"@id\":\"https:\/\/disteco.com\/en\/logistics-distribution\/\",\"url\":\"https:\/\/disteco.com\/en\/logistics-distribution\/\",\"name\":\"Logistics in GRUP ALIMENTARI DISTECO\",\"isPartOf\":{\"@id\":\"https:\/\/disteco.com\/en\/#website\"},\"datePublished\":\"2017-06-16T03:54:39+00:00\",\"dateModified\":\"2025-04-30T11:10:44+00:00\",\"description\":\"Logistics. We have the certainty that the correct distribution of the products have great weight in the fight for the improvement of the environment.\",\"breadcrumb\":{\"@id\":\"https:\/\/disteco.com\/en\/logistics-distribution\/#breadcrumb\"},\"inLanguage\":\"en-US\",\"potentialAction\":[{\"@type\":\"ReadAction\",\"target\":[\"https:\/\/disteco.com\/en\/logistics-distribution\/\"]}]},{\"@type\":\"BreadcrumbList\",\"@id\":\"https:\/\/disteco.com\/en\/logistics-distribution\/#breadcrumb\",\"itemListElement\":[{\"@type\":\"ListItem\",\"position\":1,\"name\":\"Portada\",\"item\":\"https:\/\/disteco.com\/en\/\"},{\"@type\":\"ListItem\",\"position\":2,\"name\":\"Logistics and distribution\"}]},{\"@type\":\"WebSite\",\"@id\":\"https:\/\/disteco.com\/en\/#website\",\"url\":\"https:\/\/disteco.com\/en\/\",\"name\":\"GRUP ALIMENTARI DISTECO\",\"description\":\"Food distribution of high quality products\",\"publisher\":{\"@id\":\"https:\/\/disteco.com\/en\/#organization\"},\"potentialAction\":[{\"@type\":\"SearchAction\",\"target\":{\"@type\":\"EntryPoint\",\"urlTemplate\":\"https:\/\/disteco.com\/en\/?s={search_term_string}\"},\"query-input\":{\"@type\":\"PropertyValueSpecification\",\"valueRequired\":true,\"valueName\":\"search_term_string\"}}],\"inLanguage\":\"en-US\"},{\"@type\":\"Organization\",\"@id\":\"https:\/\/disteco.com\/en\/#organization\",\"name\":\"GRUP ALIMENTARI DISTECO\",\"url\":\"https:\/\/disteco.com\/en\/\",\"logo\":{\"@type\":\"ImageObject\",\"inLanguage\":\"en-US\",\"@id\":\"https:\/\/disteco.com\/en\/#\/schema\/logo\/image\/\",\"url\":\"https:\/\/disteco.com\/wp-content\/uploads\/2017\/03\/logo-grup-alimentari-disteco.png\",\"contentUrl\":\"https:\/\/disteco.com\/wp-content\/uploads\/2017\/03\/logo-grup-alimentari-disteco.png\",\"width\":600,\"height\":61,\"caption\":\"GRUP ALIMENTARI DISTECO\"},\"image\":{\"@id\":\"https:\/\/disteco.com\/en\/#\/schema\/logo\/image\/\"},\"sameAs\":[\"https:\/\/www.facebook.com\/grupalimentaridisteco\/\",\"https:\/\/x.com\/DistecoGrup\",\"https:\/\/www.instagram.com\/gadisteco\/\",\"https:\/\/www.linkedin.com\/company\/grup-alimentari-disteco\/\",\"https:\/\/www.youtube.com\/@grupalimentaridisteco572\"]}]}<\/script>\n<!-- \/ Yoast SEO plugin. -->","yoast_head_json":{"title":"Logistics in GRUP ALIMENTARI DISTECO","description":"Logistics. We have the certainty that the correct distribution of the products have great weight in the fight for the improvement of the environment.","robots":{"index":"index","follow":"follow","max-snippet":"max-snippet:-1","max-image-preview":"max-image-preview:large","max-video-preview":"max-video-preview:-1"},"canonical":"https:\/\/disteco.com\/en\/logistics-distribution\/","og_locale":"en_US","og_type":"article","og_title":"Logistics in GRUP ALIMENTARI DISTECO","og_description":"Logistics. We have the certainty that the correct distribution of the products have great weight in the fight for the improvement of the environment.","og_url":"https:\/\/disteco.com\/en\/logistics-distribution\/","og_site_name":"GRUP ALIMENTARI DISTECO","article_publisher":"https:\/\/www.facebook.com\/grupalimentaridisteco\/","article_modified_time":"2025-04-30T11:10:44+00:00","twitter_card":"summary_large_image","twitter_site":"@DistecoGrup","twitter_misc":{"Est. reading time":"2 minutes"},"schema":{"@context":"https:\/\/schema.org","@graph":[{"@type":"WebPage","@id":"https:\/\/disteco.com\/en\/logistics-distribution\/","url":"https:\/\/disteco.com\/en\/logistics-distribution\/","name":"Logistics in GRUP ALIMENTARI DISTECO","isPartOf":{"@id":"https:\/\/disteco.com\/en\/#website"},"datePublished":"2017-06-16T03:54:39+00:00","dateModified":"2025-04-30T11:10:44+00:00","description":"Logistics. We have the certainty that the correct distribution of the products have great weight in the fight for the improvement of the environment.","breadcrumb":{"@id":"https:\/\/disteco.com\/en\/logistics-distribution\/#breadcrumb"},"inLanguage":"en-US","potentialAction":[{"@type":"ReadAction","target":["https:\/\/disteco.com\/en\/logistics-distribution\/"]}]},{"@type":"BreadcrumbList","@id":"https:\/\/disteco.com\/en\/logistics-distribution\/#breadcrumb","itemListElement":[{"@type":"ListItem","position":1,"name":"Portada","item":"https:\/\/disteco.com\/en\/"},{"@type":"ListItem","position":2,"name":"Logistics and distribution"}]},{"@type":"WebSite","@id":"https:\/\/disteco.com\/en\/#website","url":"https:\/\/disteco.com\/en\/","name":"GRUP ALIMENTARI DISTECO","description":"Food distribution of high quality products","publisher":{"@id":"https:\/\/disteco.com\/en\/#organization"},"potentialAction":[{"@type":"SearchAction","target":{"@type":"EntryPoint","urlTemplate":"https:\/\/disteco.com\/en\/?s={search_term_string}"},"query-input":{"@type":"PropertyValueSpecification","valueRequired":true,"valueName":"search_term_string"}}],"inLanguage":"en-US"},{"@type":"Organization","@id":"https:\/\/disteco.com\/en\/#organization","name":"GRUP ALIMENTARI DISTECO","url":"https:\/\/disteco.com\/en\/","logo":{"@type":"ImageObject","inLanguage":"en-US","@id":"https:\/\/disteco.com\/en\/#\/schema\/logo\/image\/","url":"https:\/\/disteco.com\/wp-content\/uploads\/2017\/03\/logo-grup-alimentari-disteco.png","contentUrl":"https:\/\/disteco.com\/wp-content\/uploads\/2017\/03\/logo-grup-alimentari-disteco.png","width":600,"height":61,"caption":"GRUP ALIMENTARI DISTECO"},"image":{"@id":"https:\/\/disteco.com\/en\/#\/schema\/logo\/image\/"},"sameAs":["https:\/\/www.facebook.com\/grupalimentaridisteco\/","https:\/\/x.com\/DistecoGrup","https:\/\/www.instagram.com\/gadisteco\/","https:\/\/www.linkedin.com\/company\/grup-alimentari-disteco\/","https:\/\/www.youtube.com\/@grupalimentaridisteco572"]}]}},"_links":{"self":[{"href":"https:\/\/disteco.com\/en\/wp-json\/wp\/v2\/pages\/204782","targetHints":{"allow":["GET"]}}],"collection":[{"href":"https:\/\/disteco.com\/en\/wp-json\/wp\/v2\/pages"}],"about":[{"href":"https:\/\/disteco.com\/en\/wp-json\/wp\/v2\/types\/page"}],"author":[{"embeddable":true,"href":"https:\/\/disteco.com\/en\/wp-json\/wp\/v2\/users\/1"}],"replies":[{"embeddable":true,"href":"https:\/\/disteco.com\/en\/wp-json\/wp\/v2\/comments?post=204782"}],"version-history":[{"count":6,"href":"https:\/\/disteco.com\/en\/wp-json\/wp\/v2\/pages\/204782\/revisions"}],"predecessor-version":[{"id":257075,"href":"https:\/\/disteco.com\/en\/wp-json\/wp\/v2\/pages\/204782\/revisions\/257075"}],"wp:attachment":[{"href":"https:\/\/disteco.com\/en\/wp-json\/wp\/v2\/media?parent=204782"}],"curies":[{"name":"wp","href":"https:\/\/api.w.org\/{rel}","templated":true}]}}