{"id":208147,"date":"2018-01-27T05:10:42","date_gmt":"2018-01-27T05:10:42","guid":{"rendered":"http:\/\/disteco.com\/?page_id=208147"},"modified":"2024-02-26T17:42:35","modified_gmt":"2024-02-26T17:42:35","slug":"alfonso-torres","status":"publish","type":"page","link":"https:\/\/disteco.com\/ca\/altres-productes\/alfonso-torres\/","title":{"rendered":"Alfonso Torres"},"content":{"rendered":"<p>[et_pb_section bb_built=&#8221;1&#8243; admin_label=&#8221;section&#8221; _builder_version=&#8221;3.0.51&#8243; parallax=&#8221;on&#8221; custom_padding=&#8221;50px|0px|0px|0px&#8221;][et_pb_row admin_label=&#8221;row&#8221; make_fullwidth=&#8221;on&#8221; use_custom_gutter=&#8221;on&#8221; gutter_width=&#8221;1&#8243; custom_padding=&#8221;160px||322px|&#8221; column_padding_mobile=&#8221;on&#8221; parallax_method_1=&#8221;off&#8221; background_position_1=&#8221;top_left&#8221; background_repeat_1=&#8221;no-repeat&#8221; _builder_version=&#8221;3.0.51&#8243; background_image=&#8221;https:\/\/disteco.com\/wp-content\/uploads\/2018\/01\/disteco-cabecera-alfonso-torres-1.jpg&#8221; background_position=&#8221;top_center&#8221;][et_pb_column type=&#8221;4_4&#8243;][et_pb_cta admin_label=&#8221;Call To Action&#8221; use_background_color=&#8221;off&#8221; _builder_version=&#8221;3.0.51&#8243; header_font=&#8221;Montserrat|on|||&#8221; header_font_size=&#8221;92&#8243; header_font_size_tablet=&#8221;64&#8243; header_font_size_last_edited=&#8221;on|tablet&#8221; header_text_color=&#8221;#ffffff&#8221; header_line_height=&#8221;1.2em&#8221; body_font=&#8221;PT Serif||||&#8221; body_font_size=&#8221;24&#8243; body_text_color=&#8221;#dddddd&#8221; background_size=&#8221;initial&#8221; background_position=&#8221;top_left&#8221; background_repeat=&#8221;repeat&#8221; inline_fonts=&#8221;Comfortaa&#8221; \/][\/et_pb_column][\/et_pb_row][\/et_pb_section][et_pb_section bb_built=&#8221;1&#8243; admin_label=&#8221;Secci\u00f3n&#8221; background_color=&#8221;#b22318&#8243; fullwidth=&#8221;on&#8221; _builder_version=&#8221;3.0.51&#8243;][et_pb_fullwidth_image admin_label=&#8221;Imagen de anchura completa&#8221; _builder_version=&#8221;3.0.51&#8243; \/][\/et_pb_section][et_pb_section bb_built=&#8221;1&#8243; admin_label=&#8221;Section&#8221; transparent_background=&#8221;on&#8221; padding_mobile=&#8221;off&#8221; _builder_version=&#8221;3.0.51&#8243;][et_pb_row admin_label=&#8221;Fila&#8221; custom_padding=&#8221;32px|0px|13.4844px|0px&#8221; _builder_version=&#8221;3.0.47&#8243; background_size=&#8221;initial&#8221; background_position=&#8221;top_left&#8221; background_repeat=&#8221;repeat&#8221;][et_pb_column type=&#8221;1_4&#8243;][et_pb_image admin_label=&#8221;Imagen&#8221; src=&#8221;https:\/\/disteco.com\/wp-content\/uploads\/2017\/06\/logo-Alfonso-Torres.jpg&#8221; show_in_lightbox=&#8221;on&#8221; _builder_version=&#8221;3.0.51&#8243; custom_margin=&#8221;20px|||&#8221; url_new_window=&#8221;off&#8221; use_overlay=&#8221;off&#8221; sticky=&#8221;off&#8221; align=&#8221;left&#8221; always_center_on_mobile=&#8221;on&#8221; border_style=&#8221;solid&#8221; force_fullwidth=&#8221;off&#8221; \/][et_pb_text admin_label=&#8221;Texto&#8221; _builder_version=&#8221;3.0.51&#8243; background_layout=&#8221;light&#8221; text_orientation=&#8221;left&#8221; border_style=&#8221;solid&#8221;]<\/p>\n<h4 style=\"text-align: center;\"><strong>ALFONSO TORRES<\/strong><\/h4>\n<h4><\/h4>\n<p>[\/et_pb_text][et_pb_image admin_label=&#8221;Imagen&#8221; src=&#8221;https:\/\/disteco.com\/wp-content\/uploads\/2017\/03\/gad-grup-alimentari-disteco.png&#8221; align=&#8221;center&#8221; max_width=&#8221;150px&#8221; _builder_version=&#8221;3.0.51&#8243; custom_margin=&#8221;|||&#8221; show_in_lightbox=&#8221;off&#8221; url_new_window=&#8221;off&#8221; use_overlay=&#8221;off&#8221; sticky=&#8221;off&#8221; always_center_on_mobile=&#8221;on&#8221; border_style=&#8221;solid&#8221; force_fullwidth=&#8221;off&#8221; \/][\/et_pb_column][et_pb_column type=&#8221;3_4&#8243;][et_pb_text admin_label=&#8221;Texto&#8221; _builder_version=&#8221;3.0.51&#8243; background_layout=&#8221;light&#8221; text_orientation=&#8221;left&#8221; border_style=&#8221;solid&#8221;]<\/p>\n<p><iframe loading=\"lazy\" src=\"http:\/\/www.patatasalfonsotorres.es\/\" width=\"100%\" height=\"550\" align=\"center\"><\/iframe><\/p>\n<p>[\/et_pb_text][et_pb_divider admin_label=&#8221;Separador&#8221; height=&#8221;10&#8243; _builder_version=&#8221;3.0.51&#8243; \/][\/et_pb_column][\/et_pb_row][\/et_pb_section]<\/p>\n","protected":false},"excerpt":{"rendered":"<p>ALFONSO TORRES<\/p>\n","protected":false},"author":1,"featured_media":0,"parent":247229,"menu_order":0,"comment_status":"closed","ping_status":"closed","template":"","meta":{"_et_pb_use_builder":"on","_et_pb_old_content":"","_et_gb_content_width":"","footnotes":""},"class_list":["post-208147","page","type-page","status-publish","hentry"],"yoast_head":"<!-- This site is optimized with the Yoast SEO plugin v26.9 - https:\/\/yoast.com\/product\/yoast-seo-wordpress\/ -->\n<title>Alfonso Torres - Altres productes - GRUP ALIMENTARI DISTECO<\/title>\n<meta name=\"description\" content=\"Grup Alimentari Disteco \u00e9s distribu\u00efdor de Patates Fritas Alfonso Torres, elaborades mitjan\u00e7ant el mateix proc\u00e9s des del 1975.\" \/>\n<meta name=\"robots\" content=\"index, follow, max-snippet:-1, max-image-preview:large, max-video-preview:-1\" \/>\n<link rel=\"canonical\" href=\"https:\/\/disteco.com\/ca\/altres-productes\/alfonso-torres\/\" \/>\n<meta property=\"og:locale\" content=\"ca_ES\" \/>\n<meta property=\"og:type\" content=\"article\" \/>\n<meta property=\"og:title\" content=\"Alfonso Torres - Altres productes - GRUP ALIMENTARI DISTECO\" \/>\n<meta property=\"og:description\" content=\"Grup Alimentari Disteco \u00e9s distribu\u00efdor de Patates Fritas Alfonso Torres, elaborades mitjan\u00e7ant el mateix proc\u00e9s des del 1975.\" \/>\n<meta property=\"og:url\" content=\"https:\/\/disteco.com\/ca\/altres-productes\/alfonso-torres\/\" \/>\n<meta property=\"og:site_name\" content=\"GRUP ALIMENTARI DISTECO\" \/>\n<meta property=\"article:publisher\" content=\"https:\/\/www.facebook.com\/grupalimentaridisteco\/\" \/>\n<meta property=\"article:modified_time\" content=\"2024-02-26T17:42:35+00:00\" \/>\n<meta name=\"twitter:card\" content=\"summary_large_image\" \/>\n<meta name=\"twitter:site\" content=\"@DistecoGrup\" \/>\n<meta name=\"twitter:label1\" content=\"Temps estimat de lectura\" \/>\n\t<meta name=\"twitter:data1\" content=\"1 minut\" \/>\n<script type=\"application\/ld+json\" class=\"yoast-schema-graph\">{\"@context\":\"https:\/\/schema.org\",\"@graph\":[{\"@type\":\"WebPage\",\"@id\":\"https:\/\/disteco.com\/ca\/altres-productes\/alfonso-torres\/\",\"url\":\"https:\/\/disteco.com\/ca\/altres-productes\/alfonso-torres\/\",\"name\":\"Alfonso Torres - Altres productes - GRUP ALIMENTARI DISTECO\",\"isPartOf\":{\"@id\":\"https:\/\/disteco.com\/ca\/#website\"},\"datePublished\":\"2018-01-27T05:10:42+00:00\",\"dateModified\":\"2024-02-26T17:42:35+00:00\",\"description\":\"Grup Alimentari Disteco \u00e9s distribu\u00efdor de Patates Fritas Alfonso Torres, elaborades mitjan\u00e7ant el mateix proc\u00e9s des del 1975.\",\"breadcrumb\":{\"@id\":\"https:\/\/disteco.com\/ca\/altres-productes\/alfonso-torres\/#breadcrumb\"},\"inLanguage\":\"ca\",\"potentialAction\":[{\"@type\":\"ReadAction\",\"target\":[\"https:\/\/disteco.com\/ca\/altres-productes\/alfonso-torres\/\"]}]},{\"@type\":\"BreadcrumbList\",\"@id\":\"https:\/\/disteco.com\/ca\/altres-productes\/alfonso-torres\/#breadcrumb\",\"itemListElement\":[{\"@type\":\"ListItem\",\"position\":1,\"name\":\"Portada\",\"item\":\"https:\/\/disteco.com\/ca\/\"},{\"@type\":\"ListItem\",\"position\":2,\"name\":\"Altres productes\",\"item\":\"https:\/\/disteco.com\/ca\/altres-productes\/\"},{\"@type\":\"ListItem\",\"position\":3,\"name\":\"Alfonso Torres\"}]},{\"@type\":\"WebSite\",\"@id\":\"https:\/\/disteco.com\/ca\/#website\",\"url\":\"https:\/\/disteco.com\/ca\/\",\"name\":\"GRUP ALIMENTARI DISTECO\",\"description\":\"Distribuci\u00f3 aliment\u00e0ria de productes d'alta qualitat\",\"publisher\":{\"@id\":\"https:\/\/disteco.com\/ca\/#organization\"},\"potentialAction\":[{\"@type\":\"SearchAction\",\"target\":{\"@type\":\"EntryPoint\",\"urlTemplate\":\"https:\/\/disteco.com\/ca\/?s={search_term_string}\"},\"query-input\":{\"@type\":\"PropertyValueSpecification\",\"valueRequired\":true,\"valueName\":\"search_term_string\"}}],\"inLanguage\":\"ca\"},{\"@type\":\"Organization\",\"@id\":\"https:\/\/disteco.com\/ca\/#organization\",\"name\":\"GRUP ALIMENTARI DISTECO\",\"url\":\"https:\/\/disteco.com\/ca\/\",\"logo\":{\"@type\":\"ImageObject\",\"inLanguage\":\"ca\",\"@id\":\"https:\/\/disteco.com\/ca\/#\/schema\/logo\/image\/\",\"url\":\"https:\/\/disteco.com\/wp-content\/uploads\/2017\/03\/logo-grup-alimentari-disteco.png\",\"contentUrl\":\"https:\/\/disteco.com\/wp-content\/uploads\/2017\/03\/logo-grup-alimentari-disteco.png\",\"width\":600,\"height\":61,\"caption\":\"GRUP ALIMENTARI DISTECO\"},\"image\":{\"@id\":\"https:\/\/disteco.com\/ca\/#\/schema\/logo\/image\/\"},\"sameAs\":[\"https:\/\/www.facebook.com\/grupalimentaridisteco\/\",\"https:\/\/x.com\/DistecoGrup\",\"https:\/\/www.instagram.com\/gadisteco\/\",\"https:\/\/www.linkedin.com\/company\/grup-alimentari-disteco\/\",\"https:\/\/www.youtube.com\/@grupalimentaridisteco572\"]}]}<\/script>\n<!-- \/ Yoast SEO plugin. -->","yoast_head_json":{"title":"Alfonso Torres - Altres productes - GRUP ALIMENTARI DISTECO","description":"Grup Alimentari Disteco \u00e9s distribu\u00efdor de Patates Fritas Alfonso Torres, elaborades mitjan\u00e7ant el mateix proc\u00e9s des del 1975.","robots":{"index":"index","follow":"follow","max-snippet":"max-snippet:-1","max-image-preview":"max-image-preview:large","max-video-preview":"max-video-preview:-1"},"canonical":"https:\/\/disteco.com\/ca\/altres-productes\/alfonso-torres\/","og_locale":"ca_ES","og_type":"article","og_title":"Alfonso Torres - Altres productes - GRUP ALIMENTARI DISTECO","og_description":"Grup Alimentari Disteco \u00e9s distribu\u00efdor de Patates Fritas Alfonso Torres, elaborades mitjan\u00e7ant el mateix proc\u00e9s des del 1975.","og_url":"https:\/\/disteco.com\/ca\/altres-productes\/alfonso-torres\/","og_site_name":"GRUP ALIMENTARI DISTECO","article_publisher":"https:\/\/www.facebook.com\/grupalimentaridisteco\/","article_modified_time":"2024-02-26T17:42:35+00:00","twitter_card":"summary_large_image","twitter_site":"@DistecoGrup","twitter_misc":{"Temps estimat de lectura":"1 minut"},"schema":{"@context":"https:\/\/schema.org","@graph":[{"@type":"WebPage","@id":"https:\/\/disteco.com\/ca\/altres-productes\/alfonso-torres\/","url":"https:\/\/disteco.com\/ca\/altres-productes\/alfonso-torres\/","name":"Alfonso Torres - Altres productes - GRUP ALIMENTARI DISTECO","isPartOf":{"@id":"https:\/\/disteco.com\/ca\/#website"},"datePublished":"2018-01-27T05:10:42+00:00","dateModified":"2024-02-26T17:42:35+00:00","description":"Grup Alimentari Disteco \u00e9s distribu\u00efdor de Patates Fritas Alfonso Torres, elaborades mitjan\u00e7ant el mateix proc\u00e9s des del 1975.","breadcrumb":{"@id":"https:\/\/disteco.com\/ca\/altres-productes\/alfonso-torres\/#breadcrumb"},"inLanguage":"ca","potentialAction":[{"@type":"ReadAction","target":["https:\/\/disteco.com\/ca\/altres-productes\/alfonso-torres\/"]}]},{"@type":"BreadcrumbList","@id":"https:\/\/disteco.com\/ca\/altres-productes\/alfonso-torres\/#breadcrumb","itemListElement":[{"@type":"ListItem","position":1,"name":"Portada","item":"https:\/\/disteco.com\/ca\/"},{"@type":"ListItem","position":2,"name":"Altres productes","item":"https:\/\/disteco.com\/ca\/altres-productes\/"},{"@type":"ListItem","position":3,"name":"Alfonso Torres"}]},{"@type":"WebSite","@id":"https:\/\/disteco.com\/ca\/#website","url":"https:\/\/disteco.com\/ca\/","name":"GRUP ALIMENTARI DISTECO","description":"Distribuci\u00f3 aliment\u00e0ria de productes d'alta qualitat","publisher":{"@id":"https:\/\/disteco.com\/ca\/#organization"},"potentialAction":[{"@type":"SearchAction","target":{"@type":"EntryPoint","urlTemplate":"https:\/\/disteco.com\/ca\/?s={search_term_string}"},"query-input":{"@type":"PropertyValueSpecification","valueRequired":true,"valueName":"search_term_string"}}],"inLanguage":"ca"},{"@type":"Organization","@id":"https:\/\/disteco.com\/ca\/#organization","name":"GRUP ALIMENTARI DISTECO","url":"https:\/\/disteco.com\/ca\/","logo":{"@type":"ImageObject","inLanguage":"ca","@id":"https:\/\/disteco.com\/ca\/#\/schema\/logo\/image\/","url":"https:\/\/disteco.com\/wp-content\/uploads\/2017\/03\/logo-grup-alimentari-disteco.png","contentUrl":"https:\/\/disteco.com\/wp-content\/uploads\/2017\/03\/logo-grup-alimentari-disteco.png","width":600,"height":61,"caption":"GRUP ALIMENTARI DISTECO"},"image":{"@id":"https:\/\/disteco.com\/ca\/#\/schema\/logo\/image\/"},"sameAs":["https:\/\/www.facebook.com\/grupalimentaridisteco\/","https:\/\/x.com\/DistecoGrup","https:\/\/www.instagram.com\/gadisteco\/","https:\/\/www.linkedin.com\/company\/grup-alimentari-disteco\/","https:\/\/www.youtube.com\/@grupalimentaridisteco572"]}]}},"_links":{"self":[{"href":"https:\/\/disteco.com\/ca\/wp-json\/wp\/v2\/pages\/208147","targetHints":{"allow":["GET"]}}],"collection":[{"href":"https:\/\/disteco.com\/ca\/wp-json\/wp\/v2\/pages"}],"about":[{"href":"https:\/\/disteco.com\/ca\/wp-json\/wp\/v2\/types\/page"}],"author":[{"embeddable":true,"href":"https:\/\/disteco.com\/ca\/wp-json\/wp\/v2\/users\/1"}],"replies":[{"embeddable":true,"href":"https:\/\/disteco.com\/ca\/wp-json\/wp\/v2\/comments?post=208147"}],"version-history":[{"count":8,"href":"https:\/\/disteco.com\/ca\/wp-json\/wp\/v2\/pages\/208147\/revisions"}],"predecessor-version":[{"id":254101,"href":"https:\/\/disteco.com\/ca\/wp-json\/wp\/v2\/pages\/208147\/revisions\/254101"}],"up":[{"embeddable":true,"href":"https:\/\/disteco.com\/ca\/wp-json\/wp\/v2\/pages\/247229"}],"wp:attachment":[{"href":"https:\/\/disteco.com\/ca\/wp-json\/wp\/v2\/media?parent=208147"}],"curies":[{"name":"wp","href":"https:\/\/api.w.org\/{rel}","templated":true}]}}