{"id":207296,"date":"2017-09-19T10:30:37","date_gmt":"2017-09-19T10:30:37","guid":{"rendered":"http:\/\/disteco.com\/politica-de-privacidad\/"},"modified":"2022-02-10T10:45:30","modified_gmt":"2022-02-10T10:45:30","slug":"politica-de-privacitat","status":"publish","type":"page","link":"https:\/\/disteco.com\/ca\/politica-de-privacitat\/","title":{"rendered":"Pol\u00edtica de privacitat"},"content":{"rendered":"<p>[et_pb_section fb_built=&#8221;1&#8243; admin_label=&#8221;section&#8221; _builder_version=&#8221;3.22&#8243; parallax=&#8221;on&#8221; custom_padding=&#8221;50px|0px|0px|0px&#8221;][et_pb_row use_custom_gutter=&#8221;on&#8221; gutter_width=&#8221;1&#8243; column_padding_mobile=&#8221;on&#8221; admin_label=&#8221;row&#8221; module_class=&#8221; et_pb_row_fullwidth&#8221; _builder_version=&#8221;3.25&#8243; background_image=&#8221;https:\/\/disteco.com\/wp-content\/uploads\/2017\/04\/grup-alimentari-disteco.jpg&#8221; width=&#8221;100%&#8221; width_tablet=&#8221;100%&#8221; width_phone=&#8221;&#8221; width_last_edited=&#8221;on|desktop&#8221; max_width=&#8221;100%&#8221; max_width_tablet=&#8221;100%&#8221; max_width_phone=&#8221;&#8221; max_width_last_edited=&#8221;on|desktop&#8221; custom_padding=&#8221;36px|0px|30px|0px&#8221; make_fullwidth=&#8221;on&#8221;][et_pb_column type=&#8221;4_4&#8243; _builder_version=&#8221;3.25&#8243; background_position=&#8221;top_left&#8221; custom_padding=&#8221;|||&#8221; custom_padding__hover=&#8221;|||&#8221;][et_pb_cta title=&#8221;POL\u00cdTICA DE PRIVACITAT&#8221; admin_label=&#8221;Call To Action&#8221; _builder_version=&#8221;4.9.2&#8243; header_font=&#8221;Montserrat|on|||&#8221; header_text_color=&#8221;#ffffff&#8221; header_font_size=&#8221;92&#8243; header_line_height=&#8221;1.2em&#8221; body_font=&#8221;PT Serif||||&#8221; body_text_color=&#8221;#dddddd&#8221; body_font_size=&#8221;24&#8243; use_background_color=&#8221;off&#8221; background_size=&#8221;initial&#8221; background_position=&#8221;top_left&#8221; background_repeat=&#8221;repeat&#8221; header_font_size_tablet=&#8221;64&#8243; header_font_size_phone=&#8221;52px&#8221; header_font_size_last_edited=&#8221;on|phone&#8221; border_style=&#8221;solid&#8221; button_letter_spacing_hover=&#8221;0&#8243; inline_fonts=&#8221;Comfortaa&#8221; button_text_size__hover_enabled=&#8221;off&#8221; button_one_text_size__hover_enabled=&#8221;off&#8221; button_two_text_size__hover_enabled=&#8221;off&#8221; button_text_color__hover_enabled=&#8221;off&#8221; button_one_text_color__hover_enabled=&#8221;off&#8221; button_two_text_color__hover_enabled=&#8221;off&#8221; button_border_width__hover_enabled=&#8221;off&#8221; button_one_border_width__hover_enabled=&#8221;off&#8221; button_two_border_width__hover_enabled=&#8221;off&#8221; button_border_color__hover_enabled=&#8221;off&#8221; button_one_border_color__hover_enabled=&#8221;off&#8221; button_two_border_color__hover_enabled=&#8221;off&#8221; button_border_radius__hover_enabled=&#8221;off&#8221; button_one_border_radius__hover_enabled=&#8221;off&#8221; button_two_border_radius__hover_enabled=&#8221;off&#8221; button_letter_spacing__hover_enabled=&#8221;on&#8221; button_letter_spacing__hover=&#8221;0&#8243; button_one_letter_spacing__hover_enabled=&#8221;off&#8221; button_two_letter_spacing__hover_enabled=&#8221;off&#8221; button_bg_color__hover_enabled=&#8221;off&#8221; button_one_bg_color__hover_enabled=&#8221;off&#8221; button_two_bg_color__hover_enabled=&#8221;off&#8221;][\/et_pb_cta][\/et_pb_column][\/et_pb_row][\/et_pb_section][et_pb_section fb_built=&#8221;1&#8243; fullwidth=&#8221;on&#8221; admin_label=&#8221;Secci\u00f3n&#8221; _builder_version=&#8221;3.22&#8243; background_color=&#8221;#b22318&#8243;][et_pb_fullwidth_image admin_label=&#8221;Imagen de anchura completa&#8221; _builder_version=&#8221;3.0.72&#8243; animation_style=&#8221;slide&#8221; animation_direction=&#8221;left&#8221; animation_duration=&#8221;500ms&#8221; animation_intensity_slide=&#8221;10%&#8221;][\/et_pb_fullwidth_image][\/et_pb_section][et_pb_section fb_built=&#8221;1&#8243; custom_padding_last_edited=&#8221;on|desktop&#8221; admin_label=&#8221;Section&#8221; _builder_version=&#8221;3.22&#8243; background_color=&#8221;rgba(255,255,255,0)&#8221; custom_padding_tablet=&#8221;50px|0|50px|0&#8243; custom_padding_phone=&#8221;&#8221; transparent_background=&#8221;on&#8221; padding_mobile=&#8221;off&#8221;][et_pb_row admin_label=&#8221;Fila&#8221; _builder_version=&#8221;3.25&#8243; background_size=&#8221;initial&#8221; background_position=&#8221;top_left&#8221; background_repeat=&#8221;repeat&#8221; custom_padding=&#8221;32px|0px|13.4844px|0px&#8221;][et_pb_column type=&#8221;4_4&#8243; _builder_version=&#8221;3.25&#8243; custom_padding=&#8221;|||&#8221; custom_padding__hover=&#8221;|||&#8221;][et_pb_text admin_label=&#8221;Texto&#8221; _builder_version=&#8221;4.9.4&#8243; hover_enabled=&#8221;0&#8243; border_style=&#8221;solid&#8221; sticky_enabled=&#8221;0&#8243;]<\/p>\n<h2><span>POL\u00cdTICA DE PRIVACITAT<\/span><\/h2>\n<p><strong><\/strong><\/p>\n<p><span>GRUP<\/span><span>\u00a0<\/span><span>ALIMENTARI<\/span><span>\u00a0<\/span><span>DISTECO<\/span><span>, S. A., informa els usuaris del lloc web sobre la seva pol\u00edtica respecte al tractament i protecci\u00f3 de les dades de car\u00e0cter personal dels usuaris i clients.<\/span><\/p>\n<p><span>I garanteix en tot moment l&#8217;\u00edntegre i ple compliment de les obligacions disposades per la normativa de protecci\u00f3 de dades i serveis de la societat de la informaci\u00f3: Reglament (UE) 2016\/679 del Parlament Europeu i del Consell, de 27 d&#8217;abril de 2016, relatiu a la protecci\u00f3 de les persones f\u00edsiques pel que fa al tractament de dades personals i a la lliure circulaci\u00f3 d&#8217;aquestes dades (<\/span><span>RGPD)<\/span><span>, la normativa Llei org\u00e0nica 3\/2018, de 5 de desembre, de Protecci\u00f3 de Dades Personals i garantia dels drets digitals (<\/span><span>LOPDGDD)<\/span><span>\u00a0i la Llei 34\/2002, d&#8217;11 de juliol, de Serveis de la Societat de la Informaci\u00f3 i del Comer\u00e7 Electr\u00f2nic (<\/span><span>LSSIce)<\/span><span>.<\/span><\/p>\n<p><strong>\u00a0<\/strong><strong><\/strong><\/p>\n<h3><span>RESPONSABLE DEL TRACTAMENT<\/span><\/h3>\n<p>GRUP ALIMENTARI DISTECO, S.A.<\/p>\n<p>C.I.F.: A60911526<\/p>\n<p>Domicili: C\/ TORRE DE CELLERS, 5 POL.IND. CAN VOLARD \u2013 08150 \u2013 PARETS DEL VALLES\u00a0 (BARCELONA)<\/p>\n<p><span>Inscrit en el Registre Mercantil de Barcelona, Tom 28.496, Foli 105, Full B-137.967, Inscripci\u00f3 1a, Data 23\/10\/1995<\/span><\/p>\n<p>Tel\u00e8fon: 938498900<\/p>\n<p>Correo electr\u00f3nico:<span>\u00a0<\/span><a href=\"mailto:info@gadisteco.com\" target=\"_blank\" rel=\"noopener\">info@gadisteco.com<\/a><\/p>\n<p>&nbsp;<\/p>\n<h3><span>FINALITATS DEL TRACTAMENT DE LES DADES<\/span><\/h3>\n<p><span>Les dades facilitades per l&#8217;usuari s\u00f3n utilitzats amb diverses finalitats que s&#8217;enumeren a continuaci\u00f3:<\/span><\/p>\n<table width=\"584\">\n<tbody>\n<tr>\n<td><strong><span>Finalitat del tractament<\/span><\/strong><\/td>\n<td><strong>Base jur\u00eddica per al tractament<\/strong><\/td>\n<\/tr>\n<tr>\n<td><span>Gestionar les consultes plantejades a trav\u00e9s del formulari de consulta.<\/span><\/td>\n<td>\n<p><span>Inter\u00e8s leg\u00edtim de la Societat per a atendre els requeriments d&#8217;informaci\u00f3 a trav\u00e9s de la web.<\/span><\/p>\n<p><span>Consentiment prestat de manera expressa en el moment de recollida de les dades a trav\u00e9s dels formularis web.<\/span><\/p>\n<\/td>\n<\/tr>\n<tr>\n<td><span>Enviament de\u00a0<\/span><span>newsletters<\/span><span>, comunicacions comercials i promocions.<\/span><\/td>\n<td><span>Consentiment prestat de manera expressa en el moment de recollida de les dades a trav\u00e9s dels formularis web.<\/span><\/td>\n<\/tr>\n<tr>\n<td><span>Gestionar les incid\u00e8ncies i el manteniment de la web.<\/span><\/td>\n<td><span>Inter\u00e8s leg\u00edtim de la Societat.<\/span><\/td>\n<\/tr>\n<\/tbody>\n<\/table>\n<p>&nbsp;<\/p>\n<h3><span>TERMINI DE CONSERVACI\u00d3 DE LES DADES<\/span><\/h3>\n<table width=\"584\">\n<tbody>\n<tr>\n<td width=\"291\"><strong>Finalitat del tractament<\/strong><\/td>\n<td width=\"293\"><strong><span>Base jur\u00eddica per al tractament<\/span><\/strong><\/td>\n<\/tr>\n<tr>\n<td width=\"291\"><span>Gestionar les consultes plantejades a trav\u00e9s del formulari de consulta.<\/span><\/td>\n<td width=\"293\"><span>Tractarem les teves dades durant el temps que sigui necessari per a atendre la teva sol\u00b7licitud o petici\u00f3.<\/span><\/td>\n<\/tr>\n<tr>\n<td width=\"291\"><span>Enviament de\u00a0<\/span><span>newsletters<\/span><span>, comunicacions comercials i promocions.<\/span><\/td>\n<td width=\"293\"><span>Tractarem les teves dades fins que et donis de baixa.<\/span><\/td>\n<\/tr>\n<tr>\n<td width=\"291\"><span>Gestionar les incid\u00e8ncies i el manteniment de la web.<\/span><\/td>\n<td width=\"293\"><span>Tractarem les seves dades durant el temps necessari per a complir els terminis legals de prescripci\u00f3 que li resultin d&#8217;aplicaci\u00f3.<\/span><\/td>\n<\/tr>\n<\/tbody>\n<\/table>\n<p>&nbsp;<\/p>\n<h3><strong><span>DESTINATARIS DE LES DADES<\/span><\/strong><\/h3>\n<p><span>Per a complir les finalitats indicades en la present Pol\u00edtica de Privacitat, \u00e9s necessari que donem acc\u00e9s a les teves dades personals a terceres parts que ens donin suport en els serveis que t&#8217;oferim (Encarats de Tractament).<\/span><\/p>\n<p><span>Els encarregats de tractament per a l&#8217;execuci\u00f3 d&#8217;un contracte o prestaci\u00f3 d&#8217;un servei al Responsable, seguint per aix\u00f2 les seves instruccions en tot moment i assegurant els mateixos nivells de seguretat.<\/span><\/p>\n<p>&nbsp;<\/p>\n<h3><span>DRETS DELS USUARIS<\/span><\/h3>\n<p><span>L&#8217;usuari t\u00e9 dret a:<\/span><\/p>\n<ul>\n<li><span>Sol\u00b7licitar l&#8217;acc\u00e9s a les seves dades personals que s&#8217;estan tractant i rebre aquesta informaci\u00f3 per escrit pel mitj\u00e0 sol\u00b7licitat.<\/span><\/li>\n<li><span>Sol\u00b7licitar la rectificaci\u00f3 de les dades personals inexactes o, en el seu cas, sol\u00b7licitar la seva supressi\u00f3 quan, entre altres motius, les dades ja no siguin necessaris per a la finalitat pels quals van ser recollits.<\/span><\/li>\n<li><span>Sol\u00b7licitar la limitaci\u00f3 del tractament de les seves dades.<\/span><\/li>\n<li><span>Oposar-se al tractament de les seves dades personals quan escaigui, i en aquest cas es deixaran de tractar les seves dades excepte per motius leg\u00edtims.<\/span><\/li>\n<li><span>Dret a la portabilitat de les seves dades personals quan el tractament estigui basat en un consentiment i s&#8217;efectu\u00ef per mitjans automatitzats les dades es lliuressin de forma estructurada, \u00fas com\u00fa i lectura mec\u00e0nica.<\/span><\/li>\n<li><span>Dret a retirar el consentiment prestat.<\/span><\/li>\n<li><span>Dret a reclamar davant l&#8217;ag\u00e8ncia espanyola de protecci\u00f3 de dades.<\/span><\/li>\n<\/ul>\n<p><span>L&#8217;Usuari pot exercitar els drets anteriorment indicats a l&#8217;adre\u00e7a de correu postal o electr\u00f2nica del Responsable, acreditant la seva identitat amb una c\u00f2pia escanejada del seu DNI o document equivalent, i especificant el dret que desitja exercir.<\/span><\/p>\n<p><strong>\u00a0<\/strong><\/p>\n<h3><span>PROCED\u00c8NCIA DE LES DADES<\/span><\/h3>\n<p><span>Les dades personals seran facilitats pel propi interessat de forma absolutament volunt\u00e0ria.\u00a0 La manca de facilitar determinades dades o preguntes que poguessin formular-se en els processos de registre o en els diferents formularis electr\u00f2nics que se li presentin a l&#8217;Usuari, pot provocar la impossibilitat d&#8217;acc\u00e9s a determinats serveis per a la prestaci\u00f3 dels quals \u00e9s imprescindible disposar de les dades de car\u00e0cter personal, en tal caso El Responsable informar\u00e0 del car\u00e0cter obligatori i\/o necessari de facilitar les dades personals per al funcionament del servei.<\/span><\/p>\n<p><span>El Responsable li assegura la confidencialitat de les seves dades personals i li garanteix la seguretat d&#8217;aquests, adoptant les mesures necess\u00e0ries per a evitar la seva alteraci\u00f3, p\u00e8rdua, tractament o acc\u00e9s no autoritzat.<\/span><\/p>\n<p>&nbsp;<\/p>\n<h4><\/h4>\n<h3>INFORMACI\u00d3 FACILITADA PER L&#8217;USUARI<\/h3>\n<div class=\"traductor-checkbox form-group\">\n<div class=\"row\"><\/div>\n<\/div>\n<h3><\/h3>\n<p><span>Els i les menors de 18 anys no poden cedir les seves dades personals sense el previ consentiment del seu pare\/mare i\/o tutors legals.<\/span><\/p>\n<p><span>Els Usuaris, introduint les seves dades en els formularis de contacte o presentats en formularis de desc\u00e0rrega, accepten expressament i de manera lliure i inequ\u00edvoca, que les seves dades s\u00f3n necess\u00e0ries per a atendre la seva petici\u00f3, per part del Responsable, sent volunt\u00e0ria la inclusi\u00f3 de dades en els camps restants.<\/span><\/p>\n<p><span>L&#8217;Usuari garanteix que les dades personals facilitades s\u00f3n veraces i es fa responsable de comunicar qualsevol modificaci\u00f3 d&#8217;aquests.<\/span><\/p>\n<p><span>Totes les dades sol\u00b7licitades a trav\u00e9s del lloc web s\u00f3n necessaris per a la prestaci\u00f3 d&#8217;un servei \u00f2ptim a l&#8217;Usuari. En cas que no siguin facilitats totes les dades, no es garanteix que la informaci\u00f3 i serveis que El Responsable li faciliti, siguin completament ajustats a les seves necessitats.<\/span><\/p>\n<p><strong>\u00a0<\/strong><\/p>\n<h3><span>MESURES DE SEGURETAT<\/span><\/h3>\n<p><span>Que de conformitat amb el que es disposa en les normatives vigents en mat\u00e8ria de protecci\u00f3 de dades personals, El Responsable est\u00e0 complint amb totes les disposicions de les normatives\u00a0<\/span><span>RGPD<\/span><span>\u00a0i\u00a0<\/span><span>LOPDGDD<\/span><span>\u00a0per al tractament de les dades personals de la seva responsabilitat, els quals s\u00f3n tractats de manera l\u00edcita, lleial i transparent en relaci\u00f3 amb l&#8217;interessat i adequats, pertinents i limitats al necessari en relaci\u00f3 amb els fins per als quals s\u00f3n tractats.<\/span><\/p>\n<p><span>El Responsable garanteix que ha implementat pol\u00edtiques t\u00e8cniques i organitzatives apropiades per a aplicar les mesures de seguretat que estableixen el\u00a0<\/span><span>RGPD<\/span><span>\u00a0i la\u00a0<\/span><span>LOPDGDD<\/span><span>\u00a0amb la finalitat de protegir els drets i llibertats dels Usuaris i els ha comunicat la informaci\u00f3 adequada perqu\u00e8 puguin exercir-los.<\/span><\/p>\n<p><strong>\u00a0<\/strong><\/p>\n<h3><span>BRETXES DE SEGURETAT<\/span><\/h3>\n<div class=\"traductor-textarea form-group\">\n<div class=\"textarea-desti col-xs-12 col-sm-6\">\n<div class=\"form-control second-textarea\">El Responsable\u00a0informar\u00e0 sobre qualsevol bretxa de seguretat que afecti la base de dades que utilitza aquest lloc web, o que afecti a qualsevol dels nostres serveis de tercers, a totes i cadascuna de les persones, dades dels quals puguin haver estat afectades, i autoritats, dins de les 72 hores seg\u00fcents a la detecci\u00f3 de la bretxa.<\/div>\n<\/div>\n<\/div>\n<div class=\"traductor-checkbox form-group\">\n<div class=\"row\">\n<div class=\"col-sm-offset-2 col-sm-5\"><\/div>\n<\/div>\n<\/div>\n<p><strong>\u00a0<\/strong><\/p>\n<h3><span>LEGISLACI\u00d3 APLICABLE I JURISDICCI\u00d3<\/span><\/h3>\n<p><span>Per a la resoluci\u00f3 de totes les controv\u00e8rsies o q\u00fcestions relacionades amb el present lloc web o de les activitats en ell desenvolupades, ser\u00e0 aplicable la legislaci\u00f3 espanyola, a la qual se sotmeten expressament les parts, sent competents per a la resoluci\u00f3 de tots els conflictes derivats o relacionats amb el seu \u00fas els Jutjats i Tribunals de Barcelona.<\/span><\/p>\n<p>[\/et_pb_text][et_pb_divider show_divider=&#8221;off&#8221; disabled_on=&#8221;on|on|off&#8221; admin_label=&#8221;Separador&#8221; _builder_version=&#8221;3.23.4&#8243; height=&#8221;10px&#8221;][\/et_pb_divider][\/et_pb_column][\/et_pb_row][\/et_pb_section]<\/p>\n","protected":false},"excerpt":{"rendered":"<p>POL\u00cdTICA DE PRIVACITAT GRUP\u00a0ALIMENTARI\u00a0DISTECO, S. A., informa els usuaris del lloc web sobre la seva pol\u00edtica respecte al tractament i protecci\u00f3 de les dades de car\u00e0cter personal dels usuaris i clients. I garanteix en tot moment l&#8217;\u00edntegre i ple compliment de les obligacions disposades per la normativa de protecci\u00f3 de dades i serveis de la [&hellip;]<\/p>\n","protected":false},"author":1,"featured_media":0,"parent":0,"menu_order":0,"comment_status":"closed","ping_status":"closed","template":"","meta":{"_et_pb_use_builder":"on","_et_pb_old_content":"","_et_gb_content_width":"","footnotes":""},"class_list":["post-207296","page","type-page","status-publish","hentry"],"yoast_head":"<!-- This site is optimized with the Yoast SEO plugin v26.9 - https:\/\/yoast.com\/product\/yoast-seo-wordpress\/ -->\n<title>Pol\u00edtica de privacitat. Termes i Condicions.<\/title>\n<meta name=\"description\" content=\"Pol\u00edtica de privacitat. Termes i condicions. L&#039;usuari, mitjan\u00e7ant la seva acceptaci\u00f3, garanteix que les dades facilitades s\u00f3n certes i es compromet a\" \/>\n<meta name=\"robots\" content=\"index, follow, max-snippet:-1, max-image-preview:large, max-video-preview:-1\" \/>\n<link rel=\"canonical\" href=\"https:\/\/disteco.com\/ca\/politica-de-privacitat\/\" \/>\n<meta property=\"og:locale\" content=\"ca_ES\" \/>\n<meta property=\"og:type\" content=\"article\" \/>\n<meta property=\"og:title\" content=\"Pol\u00edtica de privacitat. Termes i Condicions.\" \/>\n<meta property=\"og:description\" content=\"Pol\u00edtica de privacitat. Termes i condicions. L&#039;usuari, mitjan\u00e7ant la seva acceptaci\u00f3, garanteix que les dades facilitades s\u00f3n certes i es compromet a\" \/>\n<meta property=\"og:url\" content=\"https:\/\/disteco.com\/ca\/politica-de-privacitat\/\" \/>\n<meta property=\"og:site_name\" content=\"GRUP ALIMENTARI DISTECO\" \/>\n<meta property=\"article:publisher\" content=\"https:\/\/www.facebook.com\/grupalimentaridisteco\/\" \/>\n<meta property=\"article:modified_time\" content=\"2022-02-10T10:45:30+00:00\" \/>\n<meta name=\"twitter:card\" content=\"summary_large_image\" \/>\n<meta name=\"twitter:site\" content=\"@DistecoGrup\" \/>\n<meta name=\"twitter:label1\" content=\"Temps estimat de lectura\" \/>\n\t<meta name=\"twitter:data1\" content=\"9 minut\" \/>\n<script type=\"application\/ld+json\" class=\"yoast-schema-graph\">{\"@context\":\"https:\/\/schema.org\",\"@graph\":[{\"@type\":\"WebPage\",\"@id\":\"https:\/\/disteco.com\/ca\/politica-de-privacitat\/\",\"url\":\"https:\/\/disteco.com\/ca\/politica-de-privacitat\/\",\"name\":\"Pol\u00edtica de privacitat. Termes i Condicions.\",\"isPartOf\":{\"@id\":\"https:\/\/disteco.com\/ca\/#website\"},\"datePublished\":\"2017-09-19T10:30:37+00:00\",\"dateModified\":\"2022-02-10T10:45:30+00:00\",\"description\":\"Pol\u00edtica de privacitat. Termes i condicions. L'usuari, mitjan\u00e7ant la seva acceptaci\u00f3, garanteix que les dades facilitades s\u00f3n certes i es compromet a\",\"breadcrumb\":{\"@id\":\"https:\/\/disteco.com\/ca\/politica-de-privacitat\/#breadcrumb\"},\"inLanguage\":\"ca\",\"potentialAction\":[{\"@type\":\"ReadAction\",\"target\":[\"https:\/\/disteco.com\/ca\/politica-de-privacitat\/\"]}]},{\"@type\":\"BreadcrumbList\",\"@id\":\"https:\/\/disteco.com\/ca\/politica-de-privacitat\/#breadcrumb\",\"itemListElement\":[{\"@type\":\"ListItem\",\"position\":1,\"name\":\"Portada\",\"item\":\"https:\/\/disteco.com\/ca\/\"},{\"@type\":\"ListItem\",\"position\":2,\"name\":\"Pol\u00edtica de privacitat\"}]},{\"@type\":\"WebSite\",\"@id\":\"https:\/\/disteco.com\/ca\/#website\",\"url\":\"https:\/\/disteco.com\/ca\/\",\"name\":\"GRUP ALIMENTARI DISTECO\",\"description\":\"Distribuci\u00f3 aliment\u00e0ria de productes d'alta qualitat\",\"publisher\":{\"@id\":\"https:\/\/disteco.com\/ca\/#organization\"},\"potentialAction\":[{\"@type\":\"SearchAction\",\"target\":{\"@type\":\"EntryPoint\",\"urlTemplate\":\"https:\/\/disteco.com\/ca\/?s={search_term_string}\"},\"query-input\":{\"@type\":\"PropertyValueSpecification\",\"valueRequired\":true,\"valueName\":\"search_term_string\"}}],\"inLanguage\":\"ca\"},{\"@type\":\"Organization\",\"@id\":\"https:\/\/disteco.com\/ca\/#organization\",\"name\":\"GRUP ALIMENTARI DISTECO\",\"url\":\"https:\/\/disteco.com\/ca\/\",\"logo\":{\"@type\":\"ImageObject\",\"inLanguage\":\"ca\",\"@id\":\"https:\/\/disteco.com\/ca\/#\/schema\/logo\/image\/\",\"url\":\"https:\/\/disteco.com\/wp-content\/uploads\/2017\/03\/logo-grup-alimentari-disteco.png\",\"contentUrl\":\"https:\/\/disteco.com\/wp-content\/uploads\/2017\/03\/logo-grup-alimentari-disteco.png\",\"width\":600,\"height\":61,\"caption\":\"GRUP ALIMENTARI DISTECO\"},\"image\":{\"@id\":\"https:\/\/disteco.com\/ca\/#\/schema\/logo\/image\/\"},\"sameAs\":[\"https:\/\/www.facebook.com\/grupalimentaridisteco\/\",\"https:\/\/x.com\/DistecoGrup\",\"https:\/\/www.instagram.com\/gadisteco\/\",\"https:\/\/www.linkedin.com\/company\/grup-alimentari-disteco\/\",\"https:\/\/www.youtube.com\/@grupalimentaridisteco572\"]}]}<\/script>\n<!-- \/ Yoast SEO plugin. -->","yoast_head_json":{"title":"Pol\u00edtica de privacitat. Termes i Condicions.","description":"Pol\u00edtica de privacitat. Termes i condicions. L'usuari, mitjan\u00e7ant la seva acceptaci\u00f3, garanteix que les dades facilitades s\u00f3n certes i es compromet a","robots":{"index":"index","follow":"follow","max-snippet":"max-snippet:-1","max-image-preview":"max-image-preview:large","max-video-preview":"max-video-preview:-1"},"canonical":"https:\/\/disteco.com\/ca\/politica-de-privacitat\/","og_locale":"ca_ES","og_type":"article","og_title":"Pol\u00edtica de privacitat. Termes i Condicions.","og_description":"Pol\u00edtica de privacitat. Termes i condicions. L'usuari, mitjan\u00e7ant la seva acceptaci\u00f3, garanteix que les dades facilitades s\u00f3n certes i es compromet a","og_url":"https:\/\/disteco.com\/ca\/politica-de-privacitat\/","og_site_name":"GRUP ALIMENTARI DISTECO","article_publisher":"https:\/\/www.facebook.com\/grupalimentaridisteco\/","article_modified_time":"2022-02-10T10:45:30+00:00","twitter_card":"summary_large_image","twitter_site":"@DistecoGrup","twitter_misc":{"Temps estimat de lectura":"9 minut"},"schema":{"@context":"https:\/\/schema.org","@graph":[{"@type":"WebPage","@id":"https:\/\/disteco.com\/ca\/politica-de-privacitat\/","url":"https:\/\/disteco.com\/ca\/politica-de-privacitat\/","name":"Pol\u00edtica de privacitat. Termes i Condicions.","isPartOf":{"@id":"https:\/\/disteco.com\/ca\/#website"},"datePublished":"2017-09-19T10:30:37+00:00","dateModified":"2022-02-10T10:45:30+00:00","description":"Pol\u00edtica de privacitat. Termes i condicions. L'usuari, mitjan\u00e7ant la seva acceptaci\u00f3, garanteix que les dades facilitades s\u00f3n certes i es compromet a","breadcrumb":{"@id":"https:\/\/disteco.com\/ca\/politica-de-privacitat\/#breadcrumb"},"inLanguage":"ca","potentialAction":[{"@type":"ReadAction","target":["https:\/\/disteco.com\/ca\/politica-de-privacitat\/"]}]},{"@type":"BreadcrumbList","@id":"https:\/\/disteco.com\/ca\/politica-de-privacitat\/#breadcrumb","itemListElement":[{"@type":"ListItem","position":1,"name":"Portada","item":"https:\/\/disteco.com\/ca\/"},{"@type":"ListItem","position":2,"name":"Pol\u00edtica de privacitat"}]},{"@type":"WebSite","@id":"https:\/\/disteco.com\/ca\/#website","url":"https:\/\/disteco.com\/ca\/","name":"GRUP ALIMENTARI DISTECO","description":"Distribuci\u00f3 aliment\u00e0ria de productes d'alta qualitat","publisher":{"@id":"https:\/\/disteco.com\/ca\/#organization"},"potentialAction":[{"@type":"SearchAction","target":{"@type":"EntryPoint","urlTemplate":"https:\/\/disteco.com\/ca\/?s={search_term_string}"},"query-input":{"@type":"PropertyValueSpecification","valueRequired":true,"valueName":"search_term_string"}}],"inLanguage":"ca"},{"@type":"Organization","@id":"https:\/\/disteco.com\/ca\/#organization","name":"GRUP ALIMENTARI DISTECO","url":"https:\/\/disteco.com\/ca\/","logo":{"@type":"ImageObject","inLanguage":"ca","@id":"https:\/\/disteco.com\/ca\/#\/schema\/logo\/image\/","url":"https:\/\/disteco.com\/wp-content\/uploads\/2017\/03\/logo-grup-alimentari-disteco.png","contentUrl":"https:\/\/disteco.com\/wp-content\/uploads\/2017\/03\/logo-grup-alimentari-disteco.png","width":600,"height":61,"caption":"GRUP ALIMENTARI DISTECO"},"image":{"@id":"https:\/\/disteco.com\/ca\/#\/schema\/logo\/image\/"},"sameAs":["https:\/\/www.facebook.com\/grupalimentaridisteco\/","https:\/\/x.com\/DistecoGrup","https:\/\/www.instagram.com\/gadisteco\/","https:\/\/www.linkedin.com\/company\/grup-alimentari-disteco\/","https:\/\/www.youtube.com\/@grupalimentaridisteco572"]}]}},"_links":{"self":[{"href":"https:\/\/disteco.com\/ca\/wp-json\/wp\/v2\/pages\/207296","targetHints":{"allow":["GET"]}}],"collection":[{"href":"https:\/\/disteco.com\/ca\/wp-json\/wp\/v2\/pages"}],"about":[{"href":"https:\/\/disteco.com\/ca\/wp-json\/wp\/v2\/types\/page"}],"author":[{"embeddable":true,"href":"https:\/\/disteco.com\/ca\/wp-json\/wp\/v2\/users\/1"}],"replies":[{"embeddable":true,"href":"https:\/\/disteco.com\/ca\/wp-json\/wp\/v2\/comments?post=207296"}],"version-history":[{"count":3,"href":"https:\/\/disteco.com\/ca\/wp-json\/wp\/v2\/pages\/207296\/revisions"}],"predecessor-version":[{"id":215603,"href":"https:\/\/disteco.com\/ca\/wp-json\/wp\/v2\/pages\/207296\/revisions\/215603"}],"wp:attachment":[{"href":"https:\/\/disteco.com\/ca\/wp-json\/wp\/v2\/media?parent=207296"}],"curies":[{"name":"wp","href":"https:\/\/api.w.org\/{rel}","templated":true}]}}