{"id":207019,"date":"2017-08-25T16:32:18","date_gmt":"2017-08-25T16:32:18","guid":{"rendered":"http:\/\/disteco.com\/receptes-de-cuina\/ternera-del-girones-en-salsa\/"},"modified":"2024-03-06T18:06:54","modified_gmt":"2024-03-06T18:06:54","slug":"vedella-del-girones-amb-salsa","status":"publish","type":"page","link":"https:\/\/disteco.com\/ca\/vedella-del-girones-amb-salsa\/","title":{"rendered":"Vedella del &#8220;Giron\u00e8s&#8221; amb salsa"},"content":{"rendered":"<p>[et_pb_section bb_built=&#8221;1&#8243; admin_label=&#8221;section&#8221; background_color=&#8221;rgba(255,255,255,0.02)&#8221; custom_padding=&#8221;||0px|&#8221; padding_mobile=&#8221;on&#8221; _builder_version=&#8221;3.0.51&#8243; background_image=&#8221;https:\/\/disteco.com\/wp-content\/uploads\/2017\/08\/vedella-del-girones-amb-salsa.jpg&#8221; parallax=&#8221;on&#8221; parallax_method=&#8221;off&#8221;][et_pb_row admin_label=&#8221;row&#8221; custom_padding=&#8221;||0px|&#8221; padding_mobile=&#8221;on&#8221; column_padding_mobile=&#8221;on&#8221; parallax_method_1=&#8221;off&#8221; _builder_version=&#8221;3.0.51&#8243; background_size=&#8221;initial&#8221; background_position=&#8221;top_left&#8221; background_repeat=&#8221;repeat&#8221;][et_pb_column type=&#8221;4_4&#8243;][et_pb_divider admin_label=&#8221;Divider&#8221; height=&#8221;110&#8243; _builder_version=&#8221;3.0.51&#8243; \/][\/et_pb_column][\/et_pb_row][\/et_pb_section][et_pb_section bb_built=&#8221;1&#8243; admin_label=&#8221;Section&#8221; background_color=&#8221;#f7f7f4&#8243; custom_padding=&#8221;0px||0px|&#8221; _builder_version=&#8221;3.0.51&#8243;][et_pb_row admin_label=&#8221;row&#8221; use_custom_width=&#8221;on&#8221; custom_width_px=&#8221;620px&#8221; custom_padding=&#8221;0px||0px|&#8221; column_padding_mobile=&#8221;on&#8221; parallax_method_1=&#8221;off&#8221; parallax_method_2=&#8221;off&#8221; _builder_version=&#8221;3.0.51&#8243; background_size=&#8221;initial&#8221; background_position=&#8221;top_left&#8221; background_repeat=&#8221;repeat&#8221;][et_pb_column type=&#8221;4_4&#8243;][et_pb_image admin_label=&#8221;logo GAD&#8221; src=&#8221;https:\/\/disteco.com\/wp-content\/uploads\/2017\/03\/gad-grup-alimentari-disteco.png&#8221; animation=&#8221;off&#8221; sticky=&#8221;on&#8221; align=&#8221;center&#8221; _builder_version=&#8221;3.0.51&#8243; custom_margin=&#8221;-48px|||&#8221; \/][et_pb_text admin_label=&#8221;Familia de recetas&#8221; text_orientation=&#8221;center&#8221; _builder_version=&#8221;3.0.51&#8243; text_font=&#8221;PT Sans|on|||&#8221; text_text_color=&#8221;#bcbcbc&#8221; text_letter_spacing=&#8221;2px&#8221; background_size=&#8221;initial&#8221; background_position=&#8221;top_left&#8221; background_repeat=&#8221;repeat&#8221; custom_margin=&#8221;||0px|&#8221; custom_padding=&#8221;||0px|&#8221; inline_fonts=&#8221;Montserrat&#8221;]<\/p>\n<p class=\"\" style=\"text-align: center;\"><span style=\"font-family: Montserrat; font-weight: normal; font-size: large;\">\u00a0<\/span><\/p>\n<p>[\/et_pb_text][et_pb_text admin_label=&#8221;T\u00edtulo&#8221; text_orientation=&#8221;center&#8221; max_width=&#8221;660px&#8221; _builder_version=&#8221;3.0.51&#8243; text_font=&#8221;PT Sans||||&#8221; text_font_size=&#8221;72&#8243; text_font_size_tablet=&#8221;52&#8243; text_font_size_last_edited=&#8221;on|desktop&#8221; text_text_color=&#8221;#1d1d1d&#8221; text_line_height=&#8221;1.1em&#8221; background_size=&#8221;initial&#8221; background_position=&#8221;top_left&#8221; background_repeat=&#8221;repeat&#8221; custom_margin=&#8221;18px||80px|&#8221; background_layout=&#8221;light&#8221; border_style=&#8221;solid&#8221;]<\/p>\n<h1 class=\"entry-title\"><span style=\"color: #000000;\"><strong>Vedella del &#8220;Giron\u00e8s&#8221; amb salsa<\/strong><\/span><\/h1>\n<p>[\/et_pb_text][\/et_pb_column][\/et_pb_row][et_pb_row admin_label=&#8221;Fila&#8221; custom_padding=&#8221;0px|0px|0px|0px&#8221; background_position_1=&#8221;top_left&#8221; background_position_2=&#8221;top_left&#8221; background_repeat_1=&#8221;no-repeat&#8221; background_repeat_2=&#8221;no-repeat&#8221; _builder_version=&#8221;3.0.51&#8243; background_size=&#8221;initial&#8221; background_position=&#8221;top_left&#8221; background_repeat=&#8221;repeat&#8221;][et_pb_column type=&#8221;1_4&#8243;][et_pb_text admin_label=&#8221;Autor receta&#8221; _builder_version=&#8221;3.0.51&#8243; background_layout=&#8221;light&#8221; text_orientation=&#8221;left&#8221; border_style=&#8221;solid&#8221;]<\/p>\n<p><span style=\"color: #000000;\"><strong>Autor:<\/strong>\u00a0DISTECO<\/span><\/p>\n<p><span style=\"color: #000000;\"><strong>Tipus de plat:<\/strong>\u00a0SEGON PLAT<\/span><\/p>\n<p><span style=\"color: #000000;\"><strong>Tipus de cuina:<\/strong>\u00a0SANA<\/span><\/p>\n<p><span style=\"color: #000000;\"><strong>Temps de preparaci\u00f3:\u00a0<\/strong>1 hora +15 minuts<\/span><\/p>\n<p><span style=\"color: #000000;\"><strong>Dificultat:<\/strong>\u00a0F\u00c0CIL<\/span><\/p>\n<p>[\/et_pb_text][\/et_pb_column][et_pb_column type=&#8221;3_4&#8243;][et_pb_image admin_label=&#8221;Image&#8221; src=&#8221;https:\/\/disteco.com\/wp-content\/uploads\/2017\/08\/vedella-del-girones-amb-salsa.jpg&#8221; animation=&#8221;fade_in&#8221; sticky=&#8221;on&#8221; _builder_version=&#8221;3.0.51&#8243; \/][et_pb_text admin_label=&#8221;T\u00edtulo imagen&#8221; max_width=&#8221;400px&#8221; _builder_version=&#8221;3.0.51&#8243; text_font=&#8221;PT Serif||on||&#8221; text_font_size=&#8221;12&#8243; text_text_color=&#8221;#363636&#8243; text_line_height=&#8221;1.2em&#8221; background_size=&#8221;initial&#8221; background_position=&#8221;top_left&#8221; background_repeat=&#8221;repeat&#8221; custom_margin=&#8221;6px|||&#8221; inline_fonts=&#8221;Comfortaa&#8221; background_layout=&#8221;light&#8221; text_orientation=&#8221;left&#8221; border_style=&#8221;solid&#8221;] <span style=\"color: #e02b20; font-family: Comfortaa;\">Vedella del &#8220;Giron\u00e8s&#8221; amb salsa<\/span> [\/et_pb_text][et_pb_divider admin_label=&#8221;Separador&#8221; color=&#8221;#aeaeac&#8221; show_divider=&#8221;on&#8221; divider_style=&#8221;solid&#8221; divider_position=&#8221;top&#8221; hide_on_mobile=&#8221;off&#8221; _builder_version=&#8221;3.0.51&#8243; custom_css_main_element=&#8221;width:130px;&#8221; \/][\/et_pb_column][\/et_pb_row][\/et_pb_section][et_pb_section bb_built=&#8221;1&#8243; admin_label=&#8221;Section&#8221; background_color=&#8221;#f7f7f4&#8243; custom_padding=&#8221;0px|||&#8221; padding_mobile=&#8221;on&#8221; _builder_version=&#8221;3.0.51&#8243; transparent_background=&#8221;on&#8221;][et_pb_row admin_label=&#8221;Fila&#8221; custom_padding=&#8221;0px|0px|55px|0px&#8221; background_position_1=&#8221;top_left&#8221; background_position_2=&#8221;top_left&#8221; background_repeat_1=&#8221;no-repeat&#8221; background_repeat_2=&#8221;no-repeat&#8221; _builder_version=&#8221;3.0.51&#8243; background_size=&#8221;initial&#8221; background_position=&#8221;top_left&#8221; background_repeat=&#8221;repeat&#8221;][et_pb_column type=&#8221;4_4&#8243;][et_pb_text admin_label=&#8221;Ingredientes&#8221; max_width=&#8221;800px&#8221; _builder_version=&#8221;3.0.51&#8243; text_font_size_last_edited=&#8221;on|desktop&#8221; text_text_color=&#8221;#363636&#8243; text_line_height=&#8221;1.5em&#8221; background_size=&#8221;initial&#8221; background_position=&#8221;top_left&#8221; background_repeat=&#8221;repeat&#8221; custom_margin=&#8221;30px||0px|&#8221; inline_fonts=&#8221;Comfortaa&#8221; background_layout=&#8221;light&#8221; text_orientation=&#8221;left&#8221; border_style=&#8221;solid&#8221;]<\/p>\n<div class=\"ERSIngredients\">\n<div class=\"ERSIngredientsHeader ERSHeading\">\n<h1 class=\"ERSIngredientsHeader ERSHeading\"><strong>Ingredients<\/strong><\/h1>\n<div class=\"ERSIngredientsHeader ERSHeading\">\n<p>Per preparar un plat de vedella amb salsa una mica diferent a l&#8217;habitual es necessiten els seg\u00fcents ingredients per a quatre persones:<\/p>\n<ul>\n<li>1 quilo de carn de vedella tallada a trossos mitjans.<\/li>\n<li>1 carbass\u00f3.<\/li>\n<li>1 ceba.<\/li>\n<li>1 pebrot vermell.<\/li>\n<li>2 grans d&#8217;all.<\/li>\n<li>1 got d&#8217;aigua.<\/li>\n<li>1 got de vi blanc.<\/li>\n<li>Farina.<\/li>\n<li>Sal.<\/li>\n<li>Pebre negre.<\/li>\n<li>Oli d&#8217;oliva.<\/li>\n<\/ul>\n<\/div>\n<\/div>\n<\/div>\n<div class=\"ERSInstructions\"><\/div>\n<p>[\/et_pb_text][et_pb_text admin_label=&#8221;Receta&#8221; max_width=&#8221;1400px&#8221; _builder_version=&#8221;3.0.51&#8243; text_font_size_last_edited=&#8221;on|desktop&#8221; text_text_color=&#8221;#363636&#8243; text_line_height=&#8221;1.5em&#8221; background_size=&#8221;initial&#8221; background_position=&#8221;top_left&#8221; background_repeat=&#8221;repeat&#8221; custom_margin=&#8221;30px||0px|&#8221; inline_fonts=&#8221;Comfortaa&#8221; background_layout=&#8221;light&#8221; text_orientation=&#8221;left&#8221; border_style=&#8221;solid&#8221;]<\/p>\n<h1 class=\"ERSInstructionsHeader ERSHeading\"><strong>Recepta de vedella del &#8220;Giron\u00e8s&#8221; amb salsa<\/strong><\/h1>\n<ul>\n<li>Es salpebra la carn i s&#8217;enfarina lleugerament.<\/li>\n<li>Es salteja la carn en una cassola prou gran perqu\u00e8 tota la carn quedi ben daurada.<\/li>\n<li>Quan la vedella estigui a punt la traiem de la paella i la reservem en un plat.<\/li>\n<li>Rentem i tallem les hortalisses.<\/li>\n<li>A la mateixa cassola usada per fregir la carn i amb el mateix oli es fregeixen les verdures a foc fort.<\/li>\n<li>A continuaci\u00f3 tornem a afegir la carn que pr\u00e8viament hav\u00edem reservat i afegim un got d&#8217;aigua i un altre de vi.<\/li>\n<li>Quan comenci a bullir tapem la cassola i la deixem coent a foc lent uns 45 minuts.<\/li>\n<li>Vam comprovar que la carn estigui tendra i si \u00e9s aix\u00ed retirem la carn de la cassola i triturem la salsa amb ajuda d&#8217;una batedora.<\/li>\n<li>Tot seguit incorporem de nou la carn a la salsa i deixem cuinar a foc lent cinc minuts.<\/li>\n<li>El plat ja est\u00e0 llest per servir.<\/li>\n<\/ul>\n<p>[\/et_pb_text][\/et_pb_column][\/et_pb_row][\/et_pb_section][et_pb_section bb_built=&#8221;1&#8243; admin_label=&#8221;Section&#8221; transparent_background=&#8221;on&#8221; custom_padding=&#8221;0px|||&#8221; padding_mobile=&#8221;on&#8221; _builder_version=&#8221;3.0.51&#8243;][et_pb_row admin_label=&#8221;Fila&#8221; custom_padding=&#8221;0px|0px|55px|0px&#8221; background_position_1=&#8221;top_left&#8221; background_position_2=&#8221;top_left&#8221; background_repeat_1=&#8221;no-repeat&#8221; background_repeat_2=&#8221;no-repeat&#8221; _builder_version=&#8221;3.0.51&#8243; background_size=&#8221;initial&#8221; background_position=&#8221;top_left&#8221; background_repeat=&#8221;repeat&#8221;][et_pb_column type=&#8221;4_4&#8243;][et_pb_text admin_label=&#8221;Valor nutricional &#8221; max_width=&#8221;800px&#8221; _builder_version=&#8221;3.0.51&#8243; text_font_size_last_edited=&#8221;on|desktop&#8221; text_text_color=&#8221;#363636&#8243; text_line_height=&#8221;1.5em&#8221; background_size=&#8221;initial&#8221; background_position=&#8221;top_left&#8221; background_repeat=&#8221;repeat&#8221; custom_margin=&#8221;30px||0px|&#8221; inline_fonts=&#8221;Comfortaa&#8221; background_layout=&#8221;light&#8221; text_orientation=&#8221;left&#8221; border_style=&#8221;solid&#8221;]<\/p>\n<h2><\/h2>\n<div class=\"ERSInstructions\">\n<h2><strong>Informaci\u00f3 nutricional del filet de vedella del &#8220;Giron\u00e8s&#8221; per 100 grams<\/strong><\/h2>\n<\/div>\n<table width=\"527\">\n<tbody>\n<tr>\n<td colspan=\"2\"><strong>Calories<\/strong><\/td>\n<td colspan=\"2\">131,0\u00a0kcal.<\/td>\n<\/tr>\n<tr>\n<td colspan=\"2\"><strong>Greix<\/strong><\/td>\n<td colspan=\"2\">\u00a05,40 g.<\/td>\n<\/tr>\n<tr>\n<td colspan=\"2\"><strong>Colesterol<\/strong><\/td>\n<td colspan=\"2\">80,00 mg.<\/td>\n<\/tr>\n<tr>\n<td colspan=\"2\"><strong>Sodi<\/strong><\/td>\n<td colspan=\"2\">107 mg.<\/td>\n<\/tr>\n<tr>\n<td colspan=\"2\"><strong>Carbohidrats<\/strong><\/td>\n<td colspan=\"2\">0,00 g.<\/td>\n<\/tr>\n<tr>\n<td colspan=\"2\"><strong>Fibra<\/strong><\/td>\n<td colspan=\"2\">0 g.<\/td>\n<\/tr>\n<tr>\n<td colspan=\"2\"><strong>Sucres<\/strong><\/td>\n<td colspan=\"2\">0 g.<\/td>\n<\/tr>\n<tr>\n<td colspan=\"2\"><strong>Prote\u00efnes<\/strong><\/td>\n<td colspan=\"2\">20,10\u00a0g.<\/td>\n<\/tr>\n<tr>\n<td><strong>Potassi<\/strong><\/td>\n<td>357 mg.<\/td>\n<td><strong>F\u00f2sfor<\/strong><\/td>\n<td>258 mg.<\/td>\n<\/tr>\n<tr>\n<td><b>Calci<\/b><\/td>\n<td>7,60 mg.<\/td>\n<td><strong>Vitamina B1<\/strong><\/td>\n<td>0,11 mg.<\/td>\n<\/tr>\n<tr>\n<td><strong>Ferro<\/strong><\/td>\n<td>2,30 mg.<\/td>\n<td><strong>Vitamina B2<\/strong><\/td>\n<td>0,21 mg.<\/td>\n<\/tr>\n<\/tbody>\n<\/table>\n<h2><\/h2>\n<p>[\/et_pb_text][et_pb_text admin_label=&#8221;Comentarios a la receta&#8221; text_orientation=&#8221;justified&#8221; max_width=&#8221;1400px&#8221; _builder_version=&#8221;3.0.51&#8243; text_font_size_last_edited=&#8221;on|desktop&#8221; text_text_color=&#8221;#363636&#8243; text_line_height=&#8221;1.5em&#8221; background_size=&#8221;initial&#8221; background_position=&#8221;top_left&#8221; background_repeat=&#8221;repeat&#8221; custom_margin=&#8221;30px||0px|&#8221; inline_fonts=&#8221;Comfortaa&#8221; background_layout=&#8221;light&#8221; border_style=&#8221;solid&#8221;]<\/p>\n<h2><strong>Beneficis del consum de vedella del &#8220;Giron\u00e8s&#8221;<\/strong><\/h2>\n<p>Entre els aliments de la categoria de les carns i derivats que trobem a la nostra botiga de confian\u00e7a, es troben la carn de vedella del &#8220;Girones&#8221;.<\/p>\n<p>La carn de vedella del &#8220;Giron\u00e8s&#8221; es troba entre els aliments baixos en sucre i \u00e9s que aquest aliment no cont\u00e9 sucre. Est\u00e0 classificada com una carn blanca pel seu color rosat, i sobretot destaca per ser una carn magra que aporta una gran varietat de beneficis nutricionals en el seu consum al nostre organisme.<\/p>\n<p>La vedella en salsa \u00e9s una recepta tradicional que admet un gran nombre de variants, per\u00f2 que en totes elles es caracteritza per ser un plat sa, ric i m\u00e9s econ\u00f2mic.<\/p>\n<p>La vedella aporta una important quantitat de prote\u00efnes i minerals essencials per al correcte funcionament de l&#8217;organisme com el ferro o el zinc. El seu baix contingut en greix fa que sigui una carn especialment f\u00e0cil de digerir i la seva preparaci\u00f3 en salsa facilita la ingesta de carn magra tant als nens com als grans, en quedar la vedella molt tendra.<\/p>\n<p>a.<\/p>\n<p>[\/et_pb_text][\/et_pb_column][\/et_pb_row][\/et_pb_section]<\/p>\n","protected":false},"excerpt":{"rendered":"<p>\u00a0 Vedella del &#8220;Giron\u00e8s&#8221; amb salsa Autor:\u00a0DISTECO Tipus de plat:\u00a0SEGON PLAT Tipus de cuina:\u00a0SANA Temps de preparaci\u00f3:\u00a01 hora +15 minuts Dificultat:\u00a0F\u00c0CIL Vedella del &#8220;Giron\u00e8s&#8221; amb salsa Ingredients Per preparar un plat de vedella amb salsa una mica diferent a l&#8217;habitual es necessiten els seg\u00fcents ingredients per a quatre persones: 1 quilo de carn de vedella [&hellip;]<\/p>\n","protected":false},"author":1,"featured_media":205776,"parent":0,"menu_order":0,"comment_status":"closed","ping_status":"closed","template":"","meta":{"_et_pb_use_builder":"on","_et_pb_old_content":"","_et_gb_content_width":"","footnotes":""},"class_list":["post-207019","page","type-page","status-publish","has-post-thumbnail","hentry"],"yoast_head":"<!-- This site is optimized with the Yoast SEO plugin v26.9 - https:\/\/yoast.com\/product\/yoast-seo-wordpress\/ -->\n<title>Vedella del &quot;Giron\u00e8s&quot; amb salsa, una recepta plena de beneficis<\/title>\n<meta name=\"description\" content=\"Entre els aliments de la categoria de les carns i derivats que trobem a la nostra botiga de confian\u00e7a, es troben la carn de vedella del Giron\u00e8s.\" \/>\n<meta name=\"robots\" content=\"index, follow, max-snippet:-1, max-image-preview:large, max-video-preview:-1\" \/>\n<link rel=\"canonical\" href=\"https:\/\/disteco.com\/ca\/vedella-del-girones-amb-salsa\/\" \/>\n<meta property=\"og:locale\" content=\"ca_ES\" \/>\n<meta property=\"og:type\" content=\"article\" \/>\n<meta property=\"og:title\" content=\"Vedella del &quot;Giron\u00e8s&quot; amb salsa, una recepta plena de beneficis\" \/>\n<meta property=\"og:description\" content=\"Entre els aliments de la categoria de les carns i derivats que trobem a la nostra botiga de confian\u00e7a, es troben la carn de vedella del Giron\u00e8s.\" \/>\n<meta property=\"og:url\" content=\"https:\/\/disteco.com\/ca\/vedella-del-girones-amb-salsa\/\" \/>\n<meta property=\"og:site_name\" content=\"GRUP ALIMENTARI DISTECO\" \/>\n<meta property=\"article:publisher\" content=\"https:\/\/www.facebook.com\/grupalimentaridisteco\/\" \/>\n<meta property=\"article:modified_time\" content=\"2024-03-06T18:06:54+00:00\" \/>\n<meta property=\"og:image\" content=\"https:\/\/disteco.com\/wp-content\/uploads\/2017\/08\/vedella-del-girones-amb-salsa.jpg\" \/>\n\t<meta property=\"og:image:width\" content=\"1024\" \/>\n\t<meta property=\"og:image:height\" content=\"686\" \/>\n\t<meta property=\"og:image:type\" content=\"image\/jpeg\" \/>\n<meta name=\"twitter:card\" content=\"summary_large_image\" \/>\n<meta name=\"twitter:site\" content=\"@DistecoGrup\" \/>\n<meta name=\"twitter:label1\" content=\"Temps estimat de lectura\" \/>\n\t<meta name=\"twitter:data1\" content=\"3 minut\" \/>\n<script type=\"application\/ld+json\" class=\"yoast-schema-graph\">{\"@context\":\"https:\/\/schema.org\",\"@graph\":[{\"@type\":\"WebPage\",\"@id\":\"https:\/\/disteco.com\/ca\/vedella-del-girones-amb-salsa\/\",\"url\":\"https:\/\/disteco.com\/ca\/vedella-del-girones-amb-salsa\/\",\"name\":\"Vedella del \\\"Giron\u00e8s\\\" amb salsa, una recepta plena de beneficis\",\"isPartOf\":{\"@id\":\"https:\/\/disteco.com\/ca\/#website\"},\"primaryImageOfPage\":{\"@id\":\"https:\/\/disteco.com\/ca\/vedella-del-girones-amb-salsa\/#primaryimage\"},\"image\":{\"@id\":\"https:\/\/disteco.com\/ca\/vedella-del-girones-amb-salsa\/#primaryimage\"},\"thumbnailUrl\":\"https:\/\/disteco.com\/wp-content\/uploads\/2017\/08\/vedella-del-girones-amb-salsa.jpg\",\"datePublished\":\"2017-08-25T16:32:18+00:00\",\"dateModified\":\"2024-03-06T18:06:54+00:00\",\"description\":\"Entre els aliments de la categoria de les carns i derivats que trobem a la nostra botiga de confian\u00e7a, es troben la carn de vedella del Giron\u00e8s.\",\"breadcrumb\":{\"@id\":\"https:\/\/disteco.com\/ca\/vedella-del-girones-amb-salsa\/#breadcrumb\"},\"inLanguage\":\"ca\",\"potentialAction\":[{\"@type\":\"ReadAction\",\"target\":[\"https:\/\/disteco.com\/ca\/vedella-del-girones-amb-salsa\/\"]}]},{\"@type\":\"ImageObject\",\"inLanguage\":\"ca\",\"@id\":\"https:\/\/disteco.com\/ca\/vedella-del-girones-amb-salsa\/#primaryimage\",\"url\":\"https:\/\/disteco.com\/wp-content\/uploads\/2017\/08\/vedella-del-girones-amb-salsa.jpg\",\"contentUrl\":\"https:\/\/disteco.com\/wp-content\/uploads\/2017\/08\/vedella-del-girones-amb-salsa.jpg\",\"width\":1024,\"height\":686},{\"@type\":\"BreadcrumbList\",\"@id\":\"https:\/\/disteco.com\/ca\/vedella-del-girones-amb-salsa\/#breadcrumb\",\"itemListElement\":[{\"@type\":\"ListItem\",\"position\":1,\"name\":\"Portada\",\"item\":\"https:\/\/disteco.com\/ca\/\"},{\"@type\":\"ListItem\",\"position\":2,\"name\":\"Vedella del &#8220;Giron\u00e8s&#8221; amb salsa\"}]},{\"@type\":\"WebSite\",\"@id\":\"https:\/\/disteco.com\/ca\/#website\",\"url\":\"https:\/\/disteco.com\/ca\/\",\"name\":\"GRUP ALIMENTARI DISTECO\",\"description\":\"Distribuci\u00f3 aliment\u00e0ria de productes d'alta qualitat\",\"publisher\":{\"@id\":\"https:\/\/disteco.com\/ca\/#organization\"},\"potentialAction\":[{\"@type\":\"SearchAction\",\"target\":{\"@type\":\"EntryPoint\",\"urlTemplate\":\"https:\/\/disteco.com\/ca\/?s={search_term_string}\"},\"query-input\":{\"@type\":\"PropertyValueSpecification\",\"valueRequired\":true,\"valueName\":\"search_term_string\"}}],\"inLanguage\":\"ca\"},{\"@type\":\"Organization\",\"@id\":\"https:\/\/disteco.com\/ca\/#organization\",\"name\":\"GRUP ALIMENTARI DISTECO\",\"url\":\"https:\/\/disteco.com\/ca\/\",\"logo\":{\"@type\":\"ImageObject\",\"inLanguage\":\"ca\",\"@id\":\"https:\/\/disteco.com\/ca\/#\/schema\/logo\/image\/\",\"url\":\"https:\/\/disteco.com\/wp-content\/uploads\/2017\/03\/logo-grup-alimentari-disteco.png\",\"contentUrl\":\"https:\/\/disteco.com\/wp-content\/uploads\/2017\/03\/logo-grup-alimentari-disteco.png\",\"width\":600,\"height\":61,\"caption\":\"GRUP ALIMENTARI DISTECO\"},\"image\":{\"@id\":\"https:\/\/disteco.com\/ca\/#\/schema\/logo\/image\/\"},\"sameAs\":[\"https:\/\/www.facebook.com\/grupalimentaridisteco\/\",\"https:\/\/x.com\/DistecoGrup\",\"https:\/\/www.instagram.com\/gadisteco\/\",\"https:\/\/www.linkedin.com\/company\/grup-alimentari-disteco\/\",\"https:\/\/www.youtube.com\/@grupalimentaridisteco572\"]}]}<\/script>\n<!-- \/ Yoast SEO plugin. -->","yoast_head_json":{"title":"Vedella del \"Giron\u00e8s\" amb salsa, una recepta plena de beneficis","description":"Entre els aliments de la categoria de les carns i derivats que trobem a la nostra botiga de confian\u00e7a, es troben la carn de vedella del Giron\u00e8s.","robots":{"index":"index","follow":"follow","max-snippet":"max-snippet:-1","max-image-preview":"max-image-preview:large","max-video-preview":"max-video-preview:-1"},"canonical":"https:\/\/disteco.com\/ca\/vedella-del-girones-amb-salsa\/","og_locale":"ca_ES","og_type":"article","og_title":"Vedella del \"Giron\u00e8s\" amb salsa, una recepta plena de beneficis","og_description":"Entre els aliments de la categoria de les carns i derivats que trobem a la nostra botiga de confian\u00e7a, es troben la carn de vedella del Giron\u00e8s.","og_url":"https:\/\/disteco.com\/ca\/vedella-del-girones-amb-salsa\/","og_site_name":"GRUP ALIMENTARI DISTECO","article_publisher":"https:\/\/www.facebook.com\/grupalimentaridisteco\/","article_modified_time":"2024-03-06T18:06:54+00:00","og_image":[{"width":1024,"height":686,"url":"https:\/\/disteco.com\/wp-content\/uploads\/2017\/08\/vedella-del-girones-amb-salsa.jpg","type":"image\/jpeg"}],"twitter_card":"summary_large_image","twitter_site":"@DistecoGrup","twitter_misc":{"Temps estimat de lectura":"3 minut"},"schema":{"@context":"https:\/\/schema.org","@graph":[{"@type":"WebPage","@id":"https:\/\/disteco.com\/ca\/vedella-del-girones-amb-salsa\/","url":"https:\/\/disteco.com\/ca\/vedella-del-girones-amb-salsa\/","name":"Vedella del \"Giron\u00e8s\" amb salsa, una recepta plena de beneficis","isPartOf":{"@id":"https:\/\/disteco.com\/ca\/#website"},"primaryImageOfPage":{"@id":"https:\/\/disteco.com\/ca\/vedella-del-girones-amb-salsa\/#primaryimage"},"image":{"@id":"https:\/\/disteco.com\/ca\/vedella-del-girones-amb-salsa\/#primaryimage"},"thumbnailUrl":"https:\/\/disteco.com\/wp-content\/uploads\/2017\/08\/vedella-del-girones-amb-salsa.jpg","datePublished":"2017-08-25T16:32:18+00:00","dateModified":"2024-03-06T18:06:54+00:00","description":"Entre els aliments de la categoria de les carns i derivats que trobem a la nostra botiga de confian\u00e7a, es troben la carn de vedella del Giron\u00e8s.","breadcrumb":{"@id":"https:\/\/disteco.com\/ca\/vedella-del-girones-amb-salsa\/#breadcrumb"},"inLanguage":"ca","potentialAction":[{"@type":"ReadAction","target":["https:\/\/disteco.com\/ca\/vedella-del-girones-amb-salsa\/"]}]},{"@type":"ImageObject","inLanguage":"ca","@id":"https:\/\/disteco.com\/ca\/vedella-del-girones-amb-salsa\/#primaryimage","url":"https:\/\/disteco.com\/wp-content\/uploads\/2017\/08\/vedella-del-girones-amb-salsa.jpg","contentUrl":"https:\/\/disteco.com\/wp-content\/uploads\/2017\/08\/vedella-del-girones-amb-salsa.jpg","width":1024,"height":686},{"@type":"BreadcrumbList","@id":"https:\/\/disteco.com\/ca\/vedella-del-girones-amb-salsa\/#breadcrumb","itemListElement":[{"@type":"ListItem","position":1,"name":"Portada","item":"https:\/\/disteco.com\/ca\/"},{"@type":"ListItem","position":2,"name":"Vedella del &#8220;Giron\u00e8s&#8221; amb salsa"}]},{"@type":"WebSite","@id":"https:\/\/disteco.com\/ca\/#website","url":"https:\/\/disteco.com\/ca\/","name":"GRUP ALIMENTARI DISTECO","description":"Distribuci\u00f3 aliment\u00e0ria de productes d'alta qualitat","publisher":{"@id":"https:\/\/disteco.com\/ca\/#organization"},"potentialAction":[{"@type":"SearchAction","target":{"@type":"EntryPoint","urlTemplate":"https:\/\/disteco.com\/ca\/?s={search_term_string}"},"query-input":{"@type":"PropertyValueSpecification","valueRequired":true,"valueName":"search_term_string"}}],"inLanguage":"ca"},{"@type":"Organization","@id":"https:\/\/disteco.com\/ca\/#organization","name":"GRUP ALIMENTARI DISTECO","url":"https:\/\/disteco.com\/ca\/","logo":{"@type":"ImageObject","inLanguage":"ca","@id":"https:\/\/disteco.com\/ca\/#\/schema\/logo\/image\/","url":"https:\/\/disteco.com\/wp-content\/uploads\/2017\/03\/logo-grup-alimentari-disteco.png","contentUrl":"https:\/\/disteco.com\/wp-content\/uploads\/2017\/03\/logo-grup-alimentari-disteco.png","width":600,"height":61,"caption":"GRUP ALIMENTARI DISTECO"},"image":{"@id":"https:\/\/disteco.com\/ca\/#\/schema\/logo\/image\/"},"sameAs":["https:\/\/www.facebook.com\/grupalimentaridisteco\/","https:\/\/x.com\/DistecoGrup","https:\/\/www.instagram.com\/gadisteco\/","https:\/\/www.linkedin.com\/company\/grup-alimentari-disteco\/","https:\/\/www.youtube.com\/@grupalimentaridisteco572"]}]}},"_links":{"self":[{"href":"https:\/\/disteco.com\/ca\/wp-json\/wp\/v2\/pages\/207019","targetHints":{"allow":["GET"]}}],"collection":[{"href":"https:\/\/disteco.com\/ca\/wp-json\/wp\/v2\/pages"}],"about":[{"href":"https:\/\/disteco.com\/ca\/wp-json\/wp\/v2\/types\/page"}],"author":[{"embeddable":true,"href":"https:\/\/disteco.com\/ca\/wp-json\/wp\/v2\/users\/1"}],"replies":[{"embeddable":true,"href":"https:\/\/disteco.com\/ca\/wp-json\/wp\/v2\/comments?post=207019"}],"version-history":[{"count":4,"href":"https:\/\/disteco.com\/ca\/wp-json\/wp\/v2\/pages\/207019\/revisions"}],"predecessor-version":[{"id":254260,"href":"https:\/\/disteco.com\/ca\/wp-json\/wp\/v2\/pages\/207019\/revisions\/254260"}],"wp:featuredmedia":[{"embeddable":true,"href":"https:\/\/disteco.com\/ca\/wp-json\/wp\/v2\/media\/205776"}],"wp:attachment":[{"href":"https:\/\/disteco.com\/ca\/wp-json\/wp\/v2\/media?parent=207019"}],"curies":[{"name":"wp","href":"https:\/\/api.w.org\/{rel}","templated":true}]}}