{"id":206853,"date":"2017-08-26T08:21:14","date_gmt":"2017-08-26T08:21:14","guid":{"rendered":"http:\/\/disteco.com\/postre-de-iogurt-natural-pastoret-con-frutas-del-bosque\/"},"modified":"2017-09-13T10:46:26","modified_gmt":"2017-09-13T10:46:26","slug":"postres-de-iogurt-natural-pastoret-amb-fruites-del-bosc","status":"publish","type":"page","link":"https:\/\/disteco.com\/ca\/postres-de-iogurt-natural-pastoret-amb-fruites-del-bosc\/","title":{"rendered":"Postres de iogurt natural Pastoret amb fruites del bosc"},"content":{"rendered":"<p>[et_pb_section bb_built=&#8221;1&#8243; admin_label=&#8221;section&#8221; background_color=&#8221;rgba(255,255,255,0.02)&#8221; custom_padding=&#8221;||0px|&#8221; padding_mobile=&#8221;on&#8221; _builder_version=&#8221;3.0.51&#8243; background_image=&#8221;http:\/\/disteco.com\/wp-content\/uploads\/2017\/08\/postre-de-iogurt-natural-pastoret-con-frutas-del-bosque.jpg&#8221; parallax=&#8221;on&#8221; parallax_method=&#8221;off&#8221;][et_pb_row admin_label=&#8221;row&#8221; custom_padding=&#8221;||0px|&#8221; padding_mobile=&#8221;on&#8221; column_padding_mobile=&#8221;on&#8221; parallax_method_1=&#8221;off&#8221; _builder_version=&#8221;3.0.51&#8243; background_size=&#8221;initial&#8221; background_position=&#8221;top_left&#8221; background_repeat=&#8221;repeat&#8221;][et_pb_column type=&#8221;4_4&#8243;][et_pb_divider admin_label=&#8221;Divider&#8221; height=&#8221;110&#8243; _builder_version=&#8221;3.0.51&#8243; \/][\/et_pb_column][\/et_pb_row][\/et_pb_section][et_pb_section bb_built=&#8221;1&#8243; admin_label=&#8221;Section&#8221; background_color=&#8221;#f7f7f4&#8243; custom_padding=&#8221;0px||0px|&#8221; _builder_version=&#8221;3.0.51&#8243;][et_pb_row admin_label=&#8221;row&#8221; use_custom_width=&#8221;on&#8221; custom_width_px=&#8221;620px&#8221; custom_padding=&#8221;0px||0px|&#8221; column_padding_mobile=&#8221;on&#8221; parallax_method_1=&#8221;off&#8221; parallax_method_2=&#8221;off&#8221; _builder_version=&#8221;3.0.51&#8243; background_size=&#8221;initial&#8221; background_position=&#8221;top_left&#8221; background_repeat=&#8221;repeat&#8221;][et_pb_column type=&#8221;4_4&#8243;][et_pb_image admin_label=&#8221;logo GAD&#8221; src=&#8221;http:\/\/disteco.com\/wp-content\/uploads\/2017\/03\/gad-grup-alimentari-disteco.png&#8221; animation=&#8221;off&#8221; sticky=&#8221;on&#8221; align=&#8221;center&#8221; _builder_version=&#8221;3.0.51&#8243; custom_margin=&#8221;-48px|||&#8221; \/][et_pb_text admin_label=&#8221;Familia de recetas&#8221; text_orientation=&#8221;center&#8221; _builder_version=&#8221;3.0.51&#8243; text_font=&#8221;PT Sans|on|||&#8221; text_text_color=&#8221;#bcbcbc&#8221; text_letter_spacing=&#8221;2px&#8221; background_size=&#8221;initial&#8221; background_position=&#8221;top_left&#8221; background_repeat=&#8221;repeat&#8221; custom_margin=&#8221;||0px|&#8221; custom_padding=&#8221;||0px|&#8221; inline_fonts=&#8221;Montserrat&#8221;]<\/p>\n<p class=\"\" style=\"text-align: center;\"><span style=\"font-family: Montserrat; font-weight: normal; font-size: large;\">\u00a0<\/span><\/p>\n<p>[\/et_pb_text][et_pb_text admin_label=&#8221;T\u00edtulo&#8221; text_orientation=&#8221;center&#8221; max_width=&#8221;660px&#8221; _builder_version=&#8221;3.0.51&#8243; text_font=&#8221;PT Sans||||&#8221; text_font_size=&#8221;72&#8243; text_font_size_tablet=&#8221;52&#8243; text_font_size_last_edited=&#8221;on|desktop&#8221; text_text_color=&#8221;#1d1d1d&#8221; text_line_height=&#8221;1.1em&#8221; background_size=&#8221;initial&#8221; background_position=&#8221;top_left&#8221; background_repeat=&#8221;repeat&#8221; custom_margin=&#8221;18px||80px|&#8221; background_layout=&#8221;light&#8221; border_style=&#8221;solid&#8221;]<\/p>\n<h1 class=\"entry-title\"><span style=\"color: #000000;\"><strong>Postres de iogurt natural Pastoret amb fruites del bosc<\/strong><\/span><\/h1>\n<p>[\/et_pb_text][\/et_pb_column][\/et_pb_row][et_pb_row admin_label=&#8221;Fila&#8221; custom_padding=&#8221;0px|0px|0px|0px&#8221; background_position_1=&#8221;top_left&#8221; background_position_2=&#8221;top_left&#8221; background_repeat_1=&#8221;no-repeat&#8221; background_repeat_2=&#8221;no-repeat&#8221; _builder_version=&#8221;3.0.51&#8243; background_size=&#8221;initial&#8221; background_position=&#8221;top_left&#8221; background_repeat=&#8221;repeat&#8221;][et_pb_column type=&#8221;1_4&#8243;][et_pb_text admin_label=&#8221;Autor receta&#8221; _builder_version=&#8221;3.0.51&#8243; background_layout=&#8221;light&#8221; text_orientation=&#8221;left&#8221; border_style=&#8221;solid&#8221;]<\/p>\n<p><span style=\"color: #000000;\"><strong>Autor:<\/strong>\u00a0DISTECO<\/span><\/p>\n<p><span style=\"color: #000000;\"><strong>Tipus de plat:<\/strong>\u00a0POSTRE<\/span><\/p>\n<p><span style=\"color: #000000;\"><strong>Temps de preparaci\u00f3:<\/strong> 20 minuts (preparaci\u00f3)+ 1 hora (rep\u00f2s).<\/span><\/p>\n<p><span style=\"color: #000000;\"><strong>Dificultat:<\/strong> F\u00c0CIL<\/span><\/p>\n<p><span style=\"color: #000000;\"><strong>Tipus de cuina:<\/strong>\u00a0SANA<\/span><\/p>\n<p>[\/et_pb_text][\/et_pb_column][et_pb_column type=&#8221;3_4&#8243;][et_pb_image admin_label=&#8221;Image&#8221; src=&#8221;http:\/\/disteco.com\/wp-content\/uploads\/2017\/08\/postre-de-iogurt-natural-pastoret-con-frutas-del-bosque.jpg&#8221; animation=&#8221;fade_in&#8221; sticky=&#8221;on&#8221; _builder_version=&#8221;3.0.51&#8243; \/][et_pb_text admin_label=&#8221;T\u00edtulo imagen&#8221; max_width=&#8221;400px&#8221; _builder_version=&#8221;3.0.51&#8243; text_font=&#8221;PT Serif||on||&#8221; text_font_size=&#8221;12&#8243; text_text_color=&#8221;#363636&#8243; text_line_height=&#8221;1.2em&#8221; background_size=&#8221;initial&#8221; background_position=&#8221;top_left&#8221; background_repeat=&#8221;repeat&#8221; custom_margin=&#8221;6px|||&#8221; inline_fonts=&#8221;Comfortaa&#8221; background_layout=&#8221;light&#8221; text_orientation=&#8221;left&#8221; border_style=&#8221;solid&#8221;] <span style=\"color: #e02b20; font-family: Comfortaa;\">Postres de iogurt natural Pastoret amb fruites del bosc<\/span> [\/et_pb_text][et_pb_divider admin_label=&#8221;Separador&#8221; color=&#8221;#aeaeac&#8221; show_divider=&#8221;on&#8221; divider_style=&#8221;solid&#8221; divider_position=&#8221;top&#8221; hide_on_mobile=&#8221;off&#8221; _builder_version=&#8221;3.0.51&#8243; custom_css_main_element=&#8221;width:130px;&#8221; \/][\/et_pb_column][\/et_pb_row][\/et_pb_section][et_pb_section bb_built=&#8221;1&#8243; admin_label=&#8221;Section&#8221; background_color=&#8221;#f7f7f4&#8243; custom_padding=&#8221;0px|||&#8221; padding_mobile=&#8221;on&#8221; _builder_version=&#8221;3.0.51&#8243; transparent_background=&#8221;on&#8221;][et_pb_row admin_label=&#8221;Fila&#8221; custom_padding=&#8221;0px|0px|55px|0px&#8221; background_position_1=&#8221;top_left&#8221; background_position_2=&#8221;top_left&#8221; background_repeat_1=&#8221;no-repeat&#8221; background_repeat_2=&#8221;no-repeat&#8221; _builder_version=&#8221;3.0.51&#8243; background_size=&#8221;initial&#8221; background_position=&#8221;top_left&#8221; background_repeat=&#8221;repeat&#8221;][et_pb_column type=&#8221;4_4&#8243;][et_pb_text admin_label=&#8221;Ingredientes&#8221; max_width=&#8221;800px&#8221; _builder_version=&#8221;3.0.51&#8243; text_font_size_last_edited=&#8221;on|desktop&#8221; text_text_color=&#8221;#363636&#8243; text_line_height=&#8221;1.5em&#8221; background_size=&#8221;initial&#8221; background_position=&#8221;top_left&#8221; background_repeat=&#8221;repeat&#8221; custom_margin=&#8221;30px||0px|&#8221; inline_fonts=&#8221;Comfortaa&#8221; background_layout=&#8221;light&#8221; text_orientation=&#8221;left&#8221; border_style=&#8221;solid&#8221;]<\/p>\n<h1><strong>Ingredients<\/strong><\/h1>\n<p>Per elaborar les postres de iogurt natural Pastoret amb fruites del bosc necessitem:<\/p>\n<ul>\n<li>4 iogurts naturals Pastoret sense sucre. Poden substituir-se per altres iogurts al gust sempre que siguin cremosos.<\/li>\n<li>Fruites del bosc al gust: habitualment 50 grams de mores, 100 grams de maduixes i 50 grams de gerds.<\/li>\n<li>75 grams de sucre.<\/li>\n<li>50 grams de nous.<\/li>\n<\/ul>\n<p>[\/et_pb_text][et_pb_text admin_label=&#8221;Receta&#8221; max_width=&#8221;1400px&#8221; _builder_version=&#8221;3.0.51&#8243; text_font_size_last_edited=&#8221;on|desktop&#8221; text_text_color=&#8221;#363636&#8243; text_line_height=&#8221;1.5em&#8221; background_size=&#8221;initial&#8221; background_position=&#8221;top_left&#8221; background_repeat=&#8221;repeat&#8221; custom_margin=&#8221;30px||0px|&#8221; inline_fonts=&#8221;Comfortaa&#8221; background_layout=&#8221;light&#8221; text_orientation=&#8221;left&#8221; border_style=&#8221;solid&#8221;]<\/p>\n<h1 class=\"ERSInstructionsHeader ERSHeading\"><strong>Recepta de iogurt natural Pastoret amb fruites del bosc<\/strong><\/h1>\n<ul>\n<li>S&#8217;aboquen els iogurts en un bol i es baten amb energia a m\u00e0 o amb batedora el\u00e8ctrica.<\/li>\n<li>Es reparteix el iogurt en els motlles o gots en els es vagi a servir.<\/li>\n<li>En una cassola es posen a bullir uns 400 mil\u00b7lilitres d&#8217;aigua i quan hi hagi comen\u00e7at a bullir s&#8217;afegeixen les fruites del bosc.<\/li>\n<li>Incorporem el sucre a poc a poc i sense deixar de remoure fins que es formi una confitura. Es deixa bullir durant 10 minuts.<\/li>\n<li>Una vegada que s&#8217;ha retirat la confitura del foc es poden afegir les nous o altres fruits secs (tamb\u00e9 es pot prescindir d&#8217;ells).<\/li>\n<li>S&#8217;aboca la confitura sobre el iogurt i s&#8217;usen algunes de les fruites del bosc que hagin sobrat per decorar.<\/li>\n<li>Es guarda les postres de iogurt natural Pastoret amb fruites del bosc a la nevera almenys una hora i ja est\u00e0 llest per servir.<\/li>\n<\/ul>\n<p>[\/et_pb_text][\/et_pb_column][\/et_pb_row][\/et_pb_section][et_pb_section bb_built=&#8221;1&#8243; admin_label=&#8221;Section&#8221; transparent_background=&#8221;on&#8221; custom_padding=&#8221;0px|||&#8221; padding_mobile=&#8221;on&#8221; _builder_version=&#8221;3.0.51&#8243;][et_pb_row admin_label=&#8221;Fila&#8221; custom_padding=&#8221;0px|0px|55px|0px&#8221; background_position_1=&#8221;top_left&#8221; background_position_2=&#8221;top_left&#8221; background_repeat_1=&#8221;no-repeat&#8221; background_repeat_2=&#8221;no-repeat&#8221; _builder_version=&#8221;3.0.51&#8243; background_size=&#8221;initial&#8221; background_position=&#8221;top_left&#8221; background_repeat=&#8221;repeat&#8221;][et_pb_column type=&#8221;4_4&#8243;][et_pb_text admin_label=&#8221;Valor nutricional &#8221; max_width=&#8221;800px&#8221; _builder_version=&#8221;3.0.51&#8243; text_font_size_last_edited=&#8221;on|desktop&#8221; text_text_color=&#8221;#363636&#8243; text_line_height=&#8221;1.5em&#8221; background_size=&#8221;initial&#8221; background_position=&#8221;top_left&#8221; background_repeat=&#8221;repeat&#8221; custom_margin=&#8221;30px||0px|&#8221; inline_fonts=&#8221;Comfortaa&#8221; background_layout=&#8221;light&#8221; text_orientation=&#8221;left&#8221; border_style=&#8221;solid&#8221;]<\/p>\n<h2><strong>Informaci\u00f3 nutricional de 100 gr. de iogurt\u00a0<\/strong><strong>natural Pastoret<\/strong><\/h2>\n<div class=\"ERSInstructions\">\n<table style=\"height: 413px;\" width=\"381\">\n<tbody>\n<tr>\n<td width=\"147\"><strong>Energia<\/strong><\/td>\n<td width=\"108\">\u00a039,00 kcal<\/td>\n<\/tr>\n<tr>\n<td width=\"147\"><strong>Prote\u00efnes<\/strong><\/td>\n<td width=\"108\">3,83 gr<\/td>\n<\/tr>\n<tr>\n<td width=\"147\"><strong>Hidrats de carboni<\/strong><\/td>\n<td width=\"108\">14,30 gr<\/td>\n<\/tr>\n<tr>\n<td width=\"147\"><strong>Sucres<\/strong><\/td>\n<td width=\"108\">2,84 gr<\/td>\n<\/tr>\n<tr>\n<td width=\"147\"><strong>Greix<\/strong><\/td>\n<td width=\"108\">0 gr<\/td>\n<\/tr>\n<tr>\n<td width=\"147\"><strong>Greix Saturat<\/strong><\/td>\n<td width=\"108\">0\u00a0gr<\/td>\n<\/tr>\n<tr>\n<td width=\"147\"><strong>Greix Monoinsaturat<\/strong><\/td>\n<td width=\"108\">0\u00a0gr<\/td>\n<\/tr>\n<tr>\n<td width=\"147\"><strong>Greix Poliinsaturat<\/strong><\/td>\n<td width=\"108\">0 gr<\/td>\n<\/tr>\n<tr>\n<td width=\"147\"><strong>Colesterol<\/strong><\/td>\n<td width=\"108\">0 mgr<\/td>\n<\/tr>\n<tr>\n<td width=\"147\"><strong>Calci<\/strong><\/td>\n<td width=\"108\">109,08 g<\/td>\n<\/tr>\n<tr>\n<td width=\"147\"><strong>Sodi<\/strong><\/td>\n<td width=\"108\">82 mg<\/td>\n<\/tr>\n<tr>\n<td width=\"147\"><strong>Potassi<\/strong><\/td>\n<td width=\"108\">210 mg<\/td>\n<\/tr>\n<\/tbody>\n<\/table>\n<\/div>\n<p>[\/et_pb_text][et_pb_text admin_label=&#8221;Comentarios a la receta&#8221; text_orientation=&#8221;justified&#8221; max_width=&#8221;1400px&#8221; _builder_version=&#8221;3.0.51&#8243; text_font_size_last_edited=&#8221;on|desktop&#8221; text_text_color=&#8221;#363636&#8243; text_line_height=&#8221;1.5em&#8221; background_size=&#8221;initial&#8221; background_position=&#8221;top_left&#8221; background_repeat=&#8221;repeat&#8221; custom_margin=&#8221;30px||0px|&#8221; inline_fonts=&#8221;Comfortaa&#8221; background_layout=&#8221;light&#8221; border_style=&#8221;solid&#8221;]<\/p>\n<h2><strong>Postres de iogurt natural Pastoret amb fruites del bosc, unes postres senzill i r\u00e0pid<\/strong><\/h2>\n<p>&nbsp;<\/p>\n<p>El m\u00f3n de les postres \u00e9s ple de riques receptes que podem elaborar a casa de forma senzilla i r\u00e0pida.<\/p>\n<p>Algunes receptes com les de iogurt s\u00f3n tan senzilles que poden elaborar-se amb l&#8217;ajuda dels m\u00e9s petits de la casa, el que els ajudar\u00e0 a anar agafant el gust per la cuina.<\/p>\n<p>En un dinar o sopar en fam\u00edlia o amb amics mai pot faltar unes bones postres, per\u00f2 de vegades el menjar ha estat tan copiosa que els comensals no tenen ganes d&#8217;ingerir grans quantitats de dol\u00e7. No obstant aix\u00f2, hi ha unes postres lleuger i ric al que ning\u00fa pot resistir-te, les postres de iogurt amb fruites del bosc.<\/p>\n<p>[\/et_pb_text][\/et_pb_column][\/et_pb_row][\/et_pb_section]<\/p>\n","protected":false},"excerpt":{"rendered":"<p>\u00a0 Postres de iogurt natural Pastoret amb fruites del bosc Autor:\u00a0DISTECO Tipus de plat:\u00a0POSTRE Temps de preparaci\u00f3: 20 minuts (preparaci\u00f3)+ 1 hora (rep\u00f2s). Dificultat: F\u00c0CIL Tipus de cuina:\u00a0SANA Postres de iogurt natural Pastoret amb fruites del bosc Ingredients Per elaborar les postres de iogurt natural Pastoret amb fruites del bosc necessitem: 4 iogurts naturals Pastoret [&hellip;]<\/p>\n","protected":false},"author":1,"featured_media":205794,"parent":0,"menu_order":0,"comment_status":"closed","ping_status":"closed","template":"","meta":{"_et_pb_use_builder":"on","_et_pb_old_content":"","_et_gb_content_width":"","footnotes":""},"class_list":["post-206853","page","type-page","status-publish","has-post-thumbnail","hentry"],"yoast_head":"<!-- This site is optimized with the Yoast SEO plugin v26.9 - https:\/\/yoast.com\/product\/yoast-seo-wordpress\/ -->\n<title>Postres de iogurt natural Pastoret amb fruites del bosc<\/title>\n<meta name=\"description\" content=\"Postres de iogurt natural Pastoret amb fruites del bosc, unes postres senzill i r\u00e0pid. El m\u00f3n de les postres \u00e9s ple de receptes que podem elaborar.\" \/>\n<meta name=\"robots\" content=\"index, follow, max-snippet:-1, max-image-preview:large, max-video-preview:-1\" \/>\n<link rel=\"canonical\" href=\"https:\/\/disteco.com\/ca\/postres-de-iogurt-natural-pastoret-amb-fruites-del-bosc\/\" \/>\n<meta property=\"og:locale\" content=\"ca_ES\" \/>\n<meta property=\"og:type\" content=\"article\" \/>\n<meta property=\"og:title\" content=\"Postres de iogurt natural Pastoret amb fruites del bosc\" \/>\n<meta property=\"og:description\" content=\"Postres de iogurt natural Pastoret amb fruites del bosc, unes postres senzill i r\u00e0pid. El m\u00f3n de les postres \u00e9s ple de receptes que podem elaborar.\" \/>\n<meta property=\"og:url\" content=\"https:\/\/disteco.com\/ca\/postres-de-iogurt-natural-pastoret-amb-fruites-del-bosc\/\" \/>\n<meta property=\"og:site_name\" content=\"GRUP ALIMENTARI DISTECO\" \/>\n<meta property=\"article:publisher\" content=\"https:\/\/www.facebook.com\/grupalimentaridisteco\/\" \/>\n<meta property=\"article:modified_time\" content=\"2017-09-13T10:46:26+00:00\" \/>\n<meta property=\"og:image\" content=\"https:\/\/disteco.com\/wp-content\/uploads\/2017\/08\/postre-de-iogurt-natural-pastoret-con-frutas-del-bosque.jpg\" \/>\n\t<meta property=\"og:image:width\" content=\"1153\" \/>\n\t<meta property=\"og:image:height\" content=\"768\" \/>\n\t<meta property=\"og:image:type\" content=\"image\/jpeg\" \/>\n<meta name=\"twitter:card\" content=\"summary_large_image\" \/>\n<meta name=\"twitter:site\" content=\"@DistecoGrup\" \/>\n<meta name=\"twitter:label1\" content=\"Temps estimat de lectura\" \/>\n\t<meta name=\"twitter:data1\" content=\"6 minut\" \/>\n<script type=\"application\/ld+json\" class=\"yoast-schema-graph\">{\"@context\":\"https:\/\/schema.org\",\"@graph\":[{\"@type\":\"WebPage\",\"@id\":\"https:\/\/disteco.com\/ca\/postres-de-iogurt-natural-pastoret-amb-fruites-del-bosc\/\",\"url\":\"https:\/\/disteco.com\/ca\/postres-de-iogurt-natural-pastoret-amb-fruites-del-bosc\/\",\"name\":\"Postres de iogurt natural Pastoret amb fruites del bosc\",\"isPartOf\":{\"@id\":\"https:\/\/disteco.com\/ca\/#website\"},\"primaryImageOfPage\":{\"@id\":\"https:\/\/disteco.com\/ca\/postres-de-iogurt-natural-pastoret-amb-fruites-del-bosc\/#primaryimage\"},\"image\":{\"@id\":\"https:\/\/disteco.com\/ca\/postres-de-iogurt-natural-pastoret-amb-fruites-del-bosc\/#primaryimage\"},\"thumbnailUrl\":\"https:\/\/disteco.com\/wp-content\/uploads\/2017\/08\/postre-de-iogurt-natural-pastoret-con-frutas-del-bosque.jpg\",\"datePublished\":\"2017-08-26T08:21:14+00:00\",\"dateModified\":\"2017-09-13T10:46:26+00:00\",\"description\":\"Postres de iogurt natural Pastoret amb fruites del bosc, unes postres senzill i r\u00e0pid. El m\u00f3n de les postres \u00e9s ple de receptes que podem elaborar.\",\"breadcrumb\":{\"@id\":\"https:\/\/disteco.com\/ca\/postres-de-iogurt-natural-pastoret-amb-fruites-del-bosc\/#breadcrumb\"},\"inLanguage\":\"ca\",\"potentialAction\":[{\"@type\":\"ReadAction\",\"target\":[\"https:\/\/disteco.com\/ca\/postres-de-iogurt-natural-pastoret-amb-fruites-del-bosc\/\"]}]},{\"@type\":\"ImageObject\",\"inLanguage\":\"ca\",\"@id\":\"https:\/\/disteco.com\/ca\/postres-de-iogurt-natural-pastoret-amb-fruites-del-bosc\/#primaryimage\",\"url\":\"https:\/\/disteco.com\/wp-content\/uploads\/2017\/08\/postre-de-iogurt-natural-pastoret-con-frutas-del-bosque.jpg\",\"contentUrl\":\"https:\/\/disteco.com\/wp-content\/uploads\/2017\/08\/postre-de-iogurt-natural-pastoret-con-frutas-del-bosque.jpg\",\"width\":1153,\"height\":768},{\"@type\":\"BreadcrumbList\",\"@id\":\"https:\/\/disteco.com\/ca\/postres-de-iogurt-natural-pastoret-amb-fruites-del-bosc\/#breadcrumb\",\"itemListElement\":[{\"@type\":\"ListItem\",\"position\":1,\"name\":\"Portada\",\"item\":\"https:\/\/disteco.com\/ca\/\"},{\"@type\":\"ListItem\",\"position\":2,\"name\":\"Postres de iogurt natural Pastoret amb fruites del bosc\"}]},{\"@type\":\"WebSite\",\"@id\":\"https:\/\/disteco.com\/ca\/#website\",\"url\":\"https:\/\/disteco.com\/ca\/\",\"name\":\"GRUP ALIMENTARI DISTECO\",\"description\":\"Distribuci\u00f3 aliment\u00e0ria de productes d'alta qualitat\",\"publisher\":{\"@id\":\"https:\/\/disteco.com\/ca\/#organization\"},\"potentialAction\":[{\"@type\":\"SearchAction\",\"target\":{\"@type\":\"EntryPoint\",\"urlTemplate\":\"https:\/\/disteco.com\/ca\/?s={search_term_string}\"},\"query-input\":{\"@type\":\"PropertyValueSpecification\",\"valueRequired\":true,\"valueName\":\"search_term_string\"}}],\"inLanguage\":\"ca\"},{\"@type\":\"Organization\",\"@id\":\"https:\/\/disteco.com\/ca\/#organization\",\"name\":\"GRUP ALIMENTARI DISTECO\",\"url\":\"https:\/\/disteco.com\/ca\/\",\"logo\":{\"@type\":\"ImageObject\",\"inLanguage\":\"ca\",\"@id\":\"https:\/\/disteco.com\/ca\/#\/schema\/logo\/image\/\",\"url\":\"https:\/\/disteco.com\/wp-content\/uploads\/2017\/03\/logo-grup-alimentari-disteco.png\",\"contentUrl\":\"https:\/\/disteco.com\/wp-content\/uploads\/2017\/03\/logo-grup-alimentari-disteco.png\",\"width\":600,\"height\":61,\"caption\":\"GRUP ALIMENTARI DISTECO\"},\"image\":{\"@id\":\"https:\/\/disteco.com\/ca\/#\/schema\/logo\/image\/\"},\"sameAs\":[\"https:\/\/www.facebook.com\/grupalimentaridisteco\/\",\"https:\/\/x.com\/DistecoGrup\",\"https:\/\/www.instagram.com\/gadisteco\/\",\"https:\/\/www.linkedin.com\/company\/grup-alimentari-disteco\/\",\"https:\/\/www.youtube.com\/@grupalimentaridisteco572\"]}]}<\/script>\n<!-- \/ Yoast SEO plugin. -->","yoast_head_json":{"title":"Postres de iogurt natural Pastoret amb fruites del bosc","description":"Postres de iogurt natural Pastoret amb fruites del bosc, unes postres senzill i r\u00e0pid. El m\u00f3n de les postres \u00e9s ple de receptes que podem elaborar.","robots":{"index":"index","follow":"follow","max-snippet":"max-snippet:-1","max-image-preview":"max-image-preview:large","max-video-preview":"max-video-preview:-1"},"canonical":"https:\/\/disteco.com\/ca\/postres-de-iogurt-natural-pastoret-amb-fruites-del-bosc\/","og_locale":"ca_ES","og_type":"article","og_title":"Postres de iogurt natural Pastoret amb fruites del bosc","og_description":"Postres de iogurt natural Pastoret amb fruites del bosc, unes postres senzill i r\u00e0pid. El m\u00f3n de les postres \u00e9s ple de receptes que podem elaborar.","og_url":"https:\/\/disteco.com\/ca\/postres-de-iogurt-natural-pastoret-amb-fruites-del-bosc\/","og_site_name":"GRUP ALIMENTARI DISTECO","article_publisher":"https:\/\/www.facebook.com\/grupalimentaridisteco\/","article_modified_time":"2017-09-13T10:46:26+00:00","og_image":[{"width":1153,"height":768,"url":"https:\/\/disteco.com\/wp-content\/uploads\/2017\/08\/postre-de-iogurt-natural-pastoret-con-frutas-del-bosque.jpg","type":"image\/jpeg"}],"twitter_card":"summary_large_image","twitter_site":"@DistecoGrup","twitter_misc":{"Temps estimat de lectura":"6 minut"},"schema":{"@context":"https:\/\/schema.org","@graph":[{"@type":"WebPage","@id":"https:\/\/disteco.com\/ca\/postres-de-iogurt-natural-pastoret-amb-fruites-del-bosc\/","url":"https:\/\/disteco.com\/ca\/postres-de-iogurt-natural-pastoret-amb-fruites-del-bosc\/","name":"Postres de iogurt natural Pastoret amb fruites del bosc","isPartOf":{"@id":"https:\/\/disteco.com\/ca\/#website"},"primaryImageOfPage":{"@id":"https:\/\/disteco.com\/ca\/postres-de-iogurt-natural-pastoret-amb-fruites-del-bosc\/#primaryimage"},"image":{"@id":"https:\/\/disteco.com\/ca\/postres-de-iogurt-natural-pastoret-amb-fruites-del-bosc\/#primaryimage"},"thumbnailUrl":"https:\/\/disteco.com\/wp-content\/uploads\/2017\/08\/postre-de-iogurt-natural-pastoret-con-frutas-del-bosque.jpg","datePublished":"2017-08-26T08:21:14+00:00","dateModified":"2017-09-13T10:46:26+00:00","description":"Postres de iogurt natural Pastoret amb fruites del bosc, unes postres senzill i r\u00e0pid. El m\u00f3n de les postres \u00e9s ple de receptes que podem elaborar.","breadcrumb":{"@id":"https:\/\/disteco.com\/ca\/postres-de-iogurt-natural-pastoret-amb-fruites-del-bosc\/#breadcrumb"},"inLanguage":"ca","potentialAction":[{"@type":"ReadAction","target":["https:\/\/disteco.com\/ca\/postres-de-iogurt-natural-pastoret-amb-fruites-del-bosc\/"]}]},{"@type":"ImageObject","inLanguage":"ca","@id":"https:\/\/disteco.com\/ca\/postres-de-iogurt-natural-pastoret-amb-fruites-del-bosc\/#primaryimage","url":"https:\/\/disteco.com\/wp-content\/uploads\/2017\/08\/postre-de-iogurt-natural-pastoret-con-frutas-del-bosque.jpg","contentUrl":"https:\/\/disteco.com\/wp-content\/uploads\/2017\/08\/postre-de-iogurt-natural-pastoret-con-frutas-del-bosque.jpg","width":1153,"height":768},{"@type":"BreadcrumbList","@id":"https:\/\/disteco.com\/ca\/postres-de-iogurt-natural-pastoret-amb-fruites-del-bosc\/#breadcrumb","itemListElement":[{"@type":"ListItem","position":1,"name":"Portada","item":"https:\/\/disteco.com\/ca\/"},{"@type":"ListItem","position":2,"name":"Postres de iogurt natural Pastoret amb fruites del bosc"}]},{"@type":"WebSite","@id":"https:\/\/disteco.com\/ca\/#website","url":"https:\/\/disteco.com\/ca\/","name":"GRUP ALIMENTARI DISTECO","description":"Distribuci\u00f3 aliment\u00e0ria de productes d'alta qualitat","publisher":{"@id":"https:\/\/disteco.com\/ca\/#organization"},"potentialAction":[{"@type":"SearchAction","target":{"@type":"EntryPoint","urlTemplate":"https:\/\/disteco.com\/ca\/?s={search_term_string}"},"query-input":{"@type":"PropertyValueSpecification","valueRequired":true,"valueName":"search_term_string"}}],"inLanguage":"ca"},{"@type":"Organization","@id":"https:\/\/disteco.com\/ca\/#organization","name":"GRUP ALIMENTARI DISTECO","url":"https:\/\/disteco.com\/ca\/","logo":{"@type":"ImageObject","inLanguage":"ca","@id":"https:\/\/disteco.com\/ca\/#\/schema\/logo\/image\/","url":"https:\/\/disteco.com\/wp-content\/uploads\/2017\/03\/logo-grup-alimentari-disteco.png","contentUrl":"https:\/\/disteco.com\/wp-content\/uploads\/2017\/03\/logo-grup-alimentari-disteco.png","width":600,"height":61,"caption":"GRUP ALIMENTARI DISTECO"},"image":{"@id":"https:\/\/disteco.com\/ca\/#\/schema\/logo\/image\/"},"sameAs":["https:\/\/www.facebook.com\/grupalimentaridisteco\/","https:\/\/x.com\/DistecoGrup","https:\/\/www.instagram.com\/gadisteco\/","https:\/\/www.linkedin.com\/company\/grup-alimentari-disteco\/","https:\/\/www.youtube.com\/@grupalimentaridisteco572"]}]}},"_links":{"self":[{"href":"https:\/\/disteco.com\/ca\/wp-json\/wp\/v2\/pages\/206853","targetHints":{"allow":["GET"]}}],"collection":[{"href":"https:\/\/disteco.com\/ca\/wp-json\/wp\/v2\/pages"}],"about":[{"href":"https:\/\/disteco.com\/ca\/wp-json\/wp\/v2\/types\/page"}],"author":[{"embeddable":true,"href":"https:\/\/disteco.com\/ca\/wp-json\/wp\/v2\/users\/1"}],"replies":[{"embeddable":true,"href":"https:\/\/disteco.com\/ca\/wp-json\/wp\/v2\/comments?post=206853"}],"version-history":[{"count":4,"href":"https:\/\/disteco.com\/ca\/wp-json\/wp\/v2\/pages\/206853\/revisions"}],"predecessor-version":[{"id":207133,"href":"https:\/\/disteco.com\/ca\/wp-json\/wp\/v2\/pages\/206853\/revisions\/207133"}],"wp:featuredmedia":[{"embeddable":true,"href":"https:\/\/disteco.com\/ca\/wp-json\/wp\/v2\/media\/205794"}],"wp:attachment":[{"href":"https:\/\/disteco.com\/ca\/wp-json\/wp\/v2\/media?parent=206853"}],"curies":[{"name":"wp","href":"https:\/\/api.w.org\/{rel}","templated":true}]}}