{"id":206829,"date":"2017-08-24T15:32:17","date_gmt":"2017-08-24T15:32:17","guid":{"rendered":"http:\/\/disteco.com\/receptes-de-cuina\/filet-mignon-con-salsa-de-champinones\/"},"modified":"2017-09-13T08:52:04","modified_gmt":"2017-09-13T08:52:04","slug":"filet-mignon-amb-salsa-de-xampinyons","status":"publish","type":"page","link":"https:\/\/disteco.com\/ca\/filet-mignon-amb-salsa-de-xampinyons\/","title":{"rendered":"Filet mignon amb salsa de xampinyons"},"content":{"rendered":"<p>[et_pb_section bb_built=&#8221;1&#8243; admin_label=&#8221;section&#8221; background_color=&#8221;rgba(255,255,255,0.02)&#8221; custom_padding=&#8221;||0px|&#8221; padding_mobile=&#8221;on&#8221; _builder_version=&#8221;3.0.51&#8243; background_image=&#8221;http:\/\/disteco.com\/wp-content\/uploads\/2017\/08\/filet-mignon-con-salsa-de-champi\u00f1ones.png&#8221; parallax=&#8221;on&#8221; parallax_method=&#8221;off&#8221;][et_pb_row admin_label=&#8221;row&#8221; custom_padding=&#8221;||0px|&#8221; padding_mobile=&#8221;on&#8221; column_padding_mobile=&#8221;on&#8221; parallax_method_1=&#8221;off&#8221; _builder_version=&#8221;3.0.51&#8243; background_size=&#8221;initial&#8221; background_position=&#8221;top_left&#8221; background_repeat=&#8221;repeat&#8221;][et_pb_column type=&#8221;4_4&#8243;][et_pb_divider admin_label=&#8221;Divider&#8221; height=&#8221;110&#8243; _builder_version=&#8221;3.0.51&#8243; \/][\/et_pb_column][\/et_pb_row][\/et_pb_section][et_pb_section bb_built=&#8221;1&#8243; admin_label=&#8221;Section&#8221; background_color=&#8221;#f7f7f4&#8243; custom_padding=&#8221;0px||0px|&#8221; _builder_version=&#8221;3.0.51&#8243;][et_pb_row admin_label=&#8221;row&#8221; use_custom_width=&#8221;on&#8221; custom_width_px=&#8221;620px&#8221; custom_padding=&#8221;0px||0px|&#8221; column_padding_mobile=&#8221;on&#8221; parallax_method_1=&#8221;off&#8221; parallax_method_2=&#8221;off&#8221; _builder_version=&#8221;3.0.51&#8243; background_size=&#8221;initial&#8221; background_position=&#8221;top_left&#8221; background_repeat=&#8221;repeat&#8221;][et_pb_column type=&#8221;4_4&#8243;][et_pb_image admin_label=&#8221;logo GAD&#8221; src=&#8221;http:\/\/disteco.com\/wp-content\/uploads\/2017\/03\/gad-grup-alimentari-disteco.png&#8221; animation=&#8221;off&#8221; sticky=&#8221;on&#8221; align=&#8221;center&#8221; _builder_version=&#8221;3.0.51&#8243; custom_margin=&#8221;-48px|||&#8221; \/][et_pb_text admin_label=&#8221;Familia de recetas&#8221; text_orientation=&#8221;center&#8221; _builder_version=&#8221;3.0.51&#8243; text_font=&#8221;PT Sans|on|||&#8221; text_text_color=&#8221;#bcbcbc&#8221; text_letter_spacing=&#8221;2px&#8221; background_size=&#8221;initial&#8221; background_position=&#8221;top_left&#8221; background_repeat=&#8221;repeat&#8221; custom_margin=&#8221;||0px|&#8221; custom_padding=&#8221;||0px|&#8221; inline_fonts=&#8221;Montserrat&#8221;]<\/p>\n<p class=\"\" style=\"text-align: center;\"><span style=\"font-family: Montserrat; font-weight: normal; font-size: large;\">\u00a0<\/span><\/p>\n<p>[\/et_pb_text][et_pb_text admin_label=&#8221;T\u00edtulo&#8221; text_orientation=&#8221;center&#8221; max_width=&#8221;660px&#8221; _builder_version=&#8221;3.0.51&#8243; text_font=&#8221;PT Sans||||&#8221; text_font_size=&#8221;72&#8243; text_font_size_tablet=&#8221;52&#8243; text_font_size_last_edited=&#8221;on|desktop&#8221; text_text_color=&#8221;#1d1d1d&#8221; text_line_height=&#8221;1.1em&#8221; background_size=&#8221;initial&#8221; background_position=&#8221;top_left&#8221; background_repeat=&#8221;repeat&#8221; custom_margin=&#8221;18px||80px|&#8221; background_layout=&#8221;light&#8221; border_style=&#8221;solid&#8221;]<\/p>\n<h1 class=\"entry-title\"><span style=\"color: #000000;\"><strong>Filet mignon amb salsa de xampinyons<\/strong><\/span><\/h1>\n<p>[\/et_pb_text][\/et_pb_column][\/et_pb_row][et_pb_row admin_label=&#8221;Fila&#8221; custom_padding=&#8221;0px|0px|0px|0px&#8221; background_position_1=&#8221;top_left&#8221; background_position_2=&#8221;top_left&#8221; background_repeat_1=&#8221;no-repeat&#8221; background_repeat_2=&#8221;no-repeat&#8221; _builder_version=&#8221;3.0.51&#8243; background_size=&#8221;initial&#8221; background_position=&#8221;top_left&#8221; background_repeat=&#8221;repeat&#8221;][et_pb_column type=&#8221;1_4&#8243;][et_pb_text admin_label=&#8221;Autor receta&#8221; _builder_version=&#8221;3.0.51&#8243; background_layout=&#8221;light&#8221; text_orientation=&#8221;left&#8221; border_style=&#8221;solid&#8221;]<\/p>\n<p><span style=\"color: #000000;\"><strong>Autor:<\/strong>\u00a0DISTECO<\/span><\/p>\n<p><span style=\"color: #000000;\"><strong>Tipus de plat:<\/strong>\u00a0SEGON PLAT<\/span><\/p>\n<p><span style=\"color: #000000;\"><strong>Tipus de cocina:<\/strong>\u00a0SANA<\/span><\/p>\n<p><span style=\"color: #000000;\"><strong>Temps de preparaci\u00f3:\u00a0<\/strong>30 minuts.<\/span><\/p>\n<p><span style=\"color: #000000;\"><strong>Dificultat:<\/strong>\u00a0F\u00c0CIL<\/span><\/p>\n<p>[\/et_pb_text][\/et_pb_column][et_pb_column type=&#8221;3_4&#8243;][et_pb_image admin_label=&#8221;Image&#8221; src=&#8221;http:\/\/disteco.com\/wp-content\/uploads\/2017\/08\/filet-mignon-con-salsa-de-champi\u00f1ones.png&#8221; animation=&#8221;fade_in&#8221; sticky=&#8221;on&#8221; _builder_version=&#8221;3.0.51&#8243; \/][et_pb_text admin_label=&#8221;T\u00edtulo imagen&#8221; max_width=&#8221;400px&#8221; _builder_version=&#8221;3.0.51&#8243; text_font=&#8221;PT Serif||on||&#8221; text_font_size=&#8221;12&#8243; text_text_color=&#8221;#363636&#8243; text_line_height=&#8221;1.2em&#8221; background_size=&#8221;initial&#8221; background_position=&#8221;top_left&#8221; background_repeat=&#8221;repeat&#8221; custom_margin=&#8221;6px|||&#8221; inline_fonts=&#8221;Comfortaa&#8221; background_layout=&#8221;light&#8221; text_orientation=&#8221;left&#8221; border_style=&#8221;solid&#8221;]<\/p>\n<p><span style=\"color: #e02b20; font-family: Comfortaa;\">Filet mignon amb salsa de xampinyons<\/span><\/p>\n<p>[\/et_pb_text][et_pb_divider admin_label=&#8221;Separador&#8221; color=&#8221;#aeaeac&#8221; show_divider=&#8221;on&#8221; divider_style=&#8221;solid&#8221; divider_position=&#8221;top&#8221; hide_on_mobile=&#8221;off&#8221; _builder_version=&#8221;3.0.51&#8243; custom_css_main_element=&#8221;width:130px;&#8221; \/][\/et_pb_column][\/et_pb_row][\/et_pb_section][et_pb_section bb_built=&#8221;1&#8243; admin_label=&#8221;Section&#8221; background_color=&#8221;#f7f7f4&#8243; custom_padding=&#8221;0px|||&#8221; padding_mobile=&#8221;on&#8221; _builder_version=&#8221;3.0.51&#8243; transparent_background=&#8221;on&#8221;][et_pb_row admin_label=&#8221;Fila&#8221; custom_padding=&#8221;0px|0px|55px|0px&#8221; background_position_1=&#8221;top_left&#8221; background_position_2=&#8221;top_left&#8221; background_repeat_1=&#8221;no-repeat&#8221; background_repeat_2=&#8221;no-repeat&#8221; _builder_version=&#8221;3.0.51&#8243; background_size=&#8221;initial&#8221; background_position=&#8221;top_left&#8221; background_repeat=&#8221;repeat&#8221;][et_pb_column type=&#8221;4_4&#8243;][et_pb_text admin_label=&#8221;Ingredientes&#8221; max_width=&#8221;800px&#8221; _builder_version=&#8221;3.0.51&#8243; text_font_size_last_edited=&#8221;on|desktop&#8221; text_text_color=&#8221;#363636&#8243; text_line_height=&#8221;1.5em&#8221; background_size=&#8221;initial&#8221; background_position=&#8221;top_left&#8221; background_repeat=&#8221;repeat&#8221; custom_margin=&#8221;30px||0px|&#8221; inline_fonts=&#8221;Comfortaa&#8221; background_layout=&#8221;light&#8221; text_orientation=&#8221;left&#8221; border_style=&#8221;solid&#8221;]<\/p>\n<div class=\"ERSIngredients\"><\/div>\n<div class=\"ERSInstructions\">\n<blockquote>\n<h2><strong>El filet mignon o &#8220;filet mignon&#8221; no \u00e9s una recepta, \u00e9s una mena de tall de carn molt popular a Fran\u00e7a<\/strong><\/h2>\n<\/blockquote>\n<h1 class=\"ERSIngredientsHeader ERSHeading\"><strong>Ingredients<\/strong><\/h1>\n<p class=\"Cuerpo\">Per elaborar aquesta recepta de filet mignon amb salsa de xampinyons per a quatre racions calen:<\/p>\n<ul>\n<li>8 peces de filet mignon<\/li>\n<li>2 tasses de xampinyons<\/li>\n<li>1\/2 tassa de vi negre<\/li>\n<li>1\/2 tassa de brou de carn<\/li>\n<li>1 tassa de nata<\/li>\n<li>1\/2 ceba<\/li>\n<li>1\/2 gra d&#8217;all<\/li>\n<li>oli<\/li>\n<li>Sal i pebre<\/li>\n<\/ul>\n<\/div>\n<p>[\/et_pb_text][et_pb_text admin_label=&#8221;Receta&#8221; max_width=&#8221;1400px&#8221; _builder_version=&#8221;3.0.51&#8243; text_font_size_last_edited=&#8221;on|desktop&#8221; text_text_color=&#8221;#363636&#8243; text_line_height=&#8221;1.5em&#8221; background_size=&#8221;initial&#8221; background_position=&#8221;top_left&#8221; background_repeat=&#8221;repeat&#8221; custom_margin=&#8221;30px||0px|&#8221; inline_fonts=&#8221;Comfortaa&#8221; background_layout=&#8221;light&#8221; text_orientation=&#8221;left&#8221; border_style=&#8221;solid&#8221;]<\/p>\n<h2 class=\"ERSInstructionsHeader ERSHeading\"><strong>Recepta de filet mignon amb salsa de xampinyons<\/strong><\/h2>\n<p>Una vegada que els talls de carn estan preparats es salpebren i es passen per la planxa per segellar.<\/p>\n<ul>\n<li>Es reserven.<\/li>\n<li>En el mateix oli usat per a la carn se salten els xampinyons pr\u00e8viament trossejats juntament amb la ceba i l&#8217;all.<\/li>\n<li>S&#8217;afegeix el vi negre i s&#8217;espera a que s&#8217;evapori l&#8217;alcohol.<\/li>\n<li>A continuaci\u00f3 s&#8217;afegeix el brou de carn i la nata.<\/li>\n<li>S&#8217;agrega de nou la carn i es deixa cuinar tot junt durant cinc minuts.<\/li>\n<li>Abans de servir es corregeix el punt de sal.<\/li>\n<li>\u00c9s una recepta senzilla i r\u00e0pida d&#8217;elaborar que d\u00f3na molt bons resultats.<\/li>\n<li>La carn es pot acompanyar al gust, combina b\u00e9 amb unes patates fregides, un pur\u00e9 de patates, una amanida o unes verdures al vapor.<\/li>\n<\/ul>\n<p>[\/et_pb_text][\/et_pb_column][\/et_pb_row][\/et_pb_section][et_pb_section bb_built=&#8221;1&#8243; admin_label=&#8221;Section&#8221; transparent_background=&#8221;on&#8221; custom_padding=&#8221;0px|||&#8221; padding_mobile=&#8221;on&#8221; _builder_version=&#8221;3.0.51&#8243;][et_pb_row admin_label=&#8221;Fila&#8221; custom_padding=&#8221;0px|0px|55px|0px&#8221; background_position_1=&#8221;top_left&#8221; background_position_2=&#8221;top_left&#8221; background_repeat_1=&#8221;no-repeat&#8221; background_repeat_2=&#8221;no-repeat&#8221; _builder_version=&#8221;3.0.51&#8243; background_size=&#8221;initial&#8221; background_position=&#8221;top_left&#8221; background_repeat=&#8221;repeat&#8221;][et_pb_column type=&#8221;4_4&#8243;][et_pb_text admin_label=&#8221;Valor nutricional &#8221; max_width=&#8221;1400px&#8221; _builder_version=&#8221;3.0.51&#8243; text_font_size_last_edited=&#8221;on|desktop&#8221; text_text_color=&#8221;#363636&#8243; text_line_height=&#8221;1.5em&#8221; background_size=&#8221;initial&#8221; background_position=&#8221;top_left&#8221; background_repeat=&#8221;repeat&#8221; custom_margin=&#8221;30px||0px|&#8221; inline_fonts=&#8221;Comfortaa&#8221; background_layout=&#8221;light&#8221; text_orientation=&#8221;left&#8221; border_style=&#8221;solid&#8221;]<\/p>\n<h2><strong>Informaci\u00f3 nutricional del filet mignon&nbsp;<\/strong><strong>de&nbsp;<a href=\"http:\/\/disteco.com\/solomillo-de-ternera-del-girones-al-horno\/\" target=\"_blank\" rel=\"noopener noreferrer\">vedella del \u201c<em>Giron\u00e9s<\/em>\u201c<\/a><\/strong><\/h2>\n<h3><span style=\"color: #000000;\"><strong>Les prote\u00efnes<\/strong><\/span><\/h3>\n<p>La carn \u00e9s una de les principals fonts de prote\u00efnes, un nutrient essencial per a la creaci\u00f3 de les c\u00e8l\u00b7lules, els teixits, els \u00f2rgans i els ossos del nostre cos.<\/p>\n<p>Una porci\u00f3 de 225 g de filet mignon cont\u00e9 45 grams de prote\u00efnes.<\/p>\n<h3><span style=\"color: #000000;\"><strong>El Zinc<\/strong><\/span><\/h3>\n<p>El zinc \u00e9s essencial per a un creixement saludable mental i f\u00edsic, aix\u00ed com per al correcte desenvolupament dels nens. D&#8217;altra banda \u00e9s un nutrient que el cos necessita per curar les ferides, controlar la gana i funci\u00f3 del sistema immune.<\/p>\n<p>Di\u00e0riament es recomana una ingesta de zinc de 8 mg en el cas de les dones i 11 mg per a homes. Una porci\u00f3 de 225 g de filet mignon contribueix gaireb\u00e9 8 mg.<\/p>\n<h3><span style=\"color: #000000;\"><strong>El Ferro<\/strong><\/span><\/h3>\n<p>Segons l&#8217;Oficina de Suplements Dietaris fins a un 80% de la poblaci\u00f3 mundial t\u00e9 defici\u00e8ncies de ferro, especialment entre la comunitat femenina.<\/p>\n<p>El ferro ens ajuda a transportar l&#8217;oxigen a trav\u00e9s de la sang. Els s\u00edmptomes d&#8217;una defici\u00e8ncia de ferro inclouen la debilitat i el decreixement del sistema immune.<\/p>\n<p>Di\u00e0riament es recomana una ingesta de Ferro de 18 mg diaris per a dones i 8 mg per dia per a homes. La carn \u00e9s una important font de ferro, i 225 g de filet mignon cont\u00e9 per sobre 4 mg de ferro.<\/p>\n<h3><span style=\"color: #000000;\"><strong>La vitamina B-12<\/strong><\/span><\/h3>\n<p>El filet mignon sigui gran opci\u00f3 per aconseguir quantitats adequades font de vitamina B-12. La vitamina B-12 ajuda a les funcions neurol\u00f2giques i a la formaci\u00f3 de gl\u00f2buls vermells a la sang. La defici\u00e8ncia de la vitamina B-12 provoca fatiga, debilitat general, manca de gana, fins i tot depressi\u00f3 i dem\u00e8ncia.<\/p>\n<p>Di\u00e0riament es recomana una ingesta de 2,4 mcg per dia. Una porci\u00f3 de 225 grams de filet mignon cont\u00e9 2,5 mcg.<\/p>\n<h3><span style=\"color: #000000;\"><strong>Les calories<\/strong><\/span><\/h3>\n<p>Es recomana limitar la quantitat de carn vermella que s&#8217;ingereix per l&#8217;alt contingut de greixos saturats que cont\u00e9. D&#8217;altra banda un consum excessiu augmenta el risc de malalties cardiovasculars.<\/p>\n<p>Una porci\u00f3 de filet mignon \u00e9s generalment 85 grams, contenint 558 calories i gaireb\u00e9 41 grams de greix, d&#8217;aquestes, 16 grams s\u00f3n saturats.<\/p>\n<section class=\"content-about\">\n<div class=\"nonhowto-step\"><\/div>\n<\/section>\n<p>[\/et_pb_text][et_pb_text admin_label=&#8221;Comentarios a la receta&#8221; text_orientation=&#8221;justified&#8221; max_width=&#8221;1400px&#8221; _builder_version=&#8221;3.0.51&#8243; text_font_size_last_edited=&#8221;on|desktop&#8221; text_text_color=&#8221;#363636&#8243; text_line_height=&#8221;1.5em&#8221; background_size=&#8221;initial&#8221; background_position=&#8221;top_left&#8221; background_repeat=&#8221;repeat&#8221; custom_margin=&#8221;30px||0px|&#8221; inline_fonts=&#8221;Comfortaa&#8221; background_layout=&#8221;light&#8221; border_style=&#8221;solid&#8221;]<\/p>\n<h1><strong>El filet mignon no \u00e9s tant una recepta com un tipus de tall de carn molt popular a Fran\u00e7a. Es podria traduir com filet petit o filet exquisit.<\/strong><\/h1>\n<p>El filet mignon \u00e9s un tall de la carn de bov\u00ed o de porc i es tracta de la punta del filet. La pe\u00e7a es talla en trossos d&#8217;entre tres i cinc cent\u00edmetres de gruix i amb un di\u00e0metre redu\u00eft, de manera que quedin trossos que puguin menjar-se pr\u00e0cticament d&#8217;un mos.<\/p>\n<p><strong>La carn aix\u00ed tallada destaca per ser molt tendra i sucosa.<\/strong>\u00a0En tractar-se de trossos de carn molt petits, el filet mignon \u00e9s ideal tamb\u00e9 perqu\u00e8 els nens i per a les persones grans puguin gaudir del bon gust de la carn de vedella o de porc.<\/p>\n<p>[\/et_pb_text][\/et_pb_column][\/et_pb_row][\/et_pb_section]<\/p>\n","protected":false},"excerpt":{"rendered":"<p>\u00a0 Filet mignon amb salsa de xampinyons Autor:\u00a0DISTECO Tipus de plat:\u00a0SEGON PLAT Tipus de cocina:\u00a0SANA Temps de preparaci\u00f3:\u00a030 minuts. Dificultat:\u00a0F\u00c0CIL Filet mignon amb salsa de xampinyons El filet mignon o &#8220;filet mignon&#8221; no \u00e9s una recepta, \u00e9s una mena de tall de carn molt popular a Fran\u00e7a Ingredients Per elaborar aquesta recepta de filet mignon [&hellip;]<\/p>\n","protected":false},"author":1,"featured_media":205756,"parent":0,"menu_order":0,"comment_status":"closed","ping_status":"closed","template":"","meta":{"_et_pb_use_builder":"on","_et_pb_old_content":"","_et_gb_content_width":"","footnotes":""},"class_list":["post-206829","page","type-page","status-publish","has-post-thumbnail","hentry"],"yoast_head":"<!-- This site is optimized with the Yoast SEO plugin v26.9 - https:\/\/yoast.com\/product\/yoast-seo-wordpress\/ -->\n<title>Filet mignon amb salsa de xampinyons<\/title>\n<meta name=\"description\" content=\"El filet mignon o &quot;filet mignon&quot; no \u00e9s tant una recepta com un tipus de tall de carn molt popular a Fran\u00e7a. El filet mignon \u00e9s un tall de la carn.\" \/>\n<meta name=\"robots\" content=\"index, follow, max-snippet:-1, max-image-preview:large, max-video-preview:-1\" \/>\n<link rel=\"canonical\" href=\"https:\/\/disteco.com\/ca\/filet-mignon-amb-salsa-de-xampinyons\/\" \/>\n<meta property=\"og:locale\" content=\"ca_ES\" \/>\n<meta property=\"og:type\" content=\"article\" \/>\n<meta property=\"og:title\" content=\"Filet mignon amb salsa de xampinyons\" \/>\n<meta property=\"og:description\" content=\"El filet mignon o &quot;filet mignon&quot; no \u00e9s tant una recepta com un tipus de tall de carn molt popular a Fran\u00e7a. El filet mignon \u00e9s un tall de la carn.\" \/>\n<meta property=\"og:url\" content=\"https:\/\/disteco.com\/ca\/filet-mignon-amb-salsa-de-xampinyons\/\" \/>\n<meta property=\"og:site_name\" content=\"GRUP ALIMENTARI DISTECO\" \/>\n<meta property=\"article:publisher\" content=\"https:\/\/www.facebook.com\/grupalimentaridisteco\/\" \/>\n<meta property=\"article:modified_time\" content=\"2017-09-13T08:52:04+00:00\" \/>\n<meta property=\"og:image\" content=\"https:\/\/disteco.com\/wp-content\/uploads\/2017\/08\/filet-mignon-con-salsa-de-champi\u00f1ones.png\" \/>\n\t<meta property=\"og:image:width\" content=\"1025\" \/>\n\t<meta property=\"og:image:height\" content=\"683\" \/>\n\t<meta property=\"og:image:type\" content=\"image\/png\" \/>\n<meta name=\"twitter:card\" content=\"summary_large_image\" \/>\n<meta name=\"twitter:site\" content=\"@DistecoGrup\" \/>\n<meta name=\"twitter:label1\" content=\"Temps estimat de lectura\" \/>\n\t<meta name=\"twitter:data1\" content=\"8 minut\" \/>\n<script type=\"application\/ld+json\" class=\"yoast-schema-graph\">{\"@context\":\"https:\/\/schema.org\",\"@graph\":[{\"@type\":\"WebPage\",\"@id\":\"https:\/\/disteco.com\/ca\/filet-mignon-amb-salsa-de-xampinyons\/\",\"url\":\"https:\/\/disteco.com\/ca\/filet-mignon-amb-salsa-de-xampinyons\/\",\"name\":\"Filet mignon amb salsa de xampinyons\",\"isPartOf\":{\"@id\":\"https:\/\/disteco.com\/ca\/#website\"},\"primaryImageOfPage\":{\"@id\":\"https:\/\/disteco.com\/ca\/filet-mignon-amb-salsa-de-xampinyons\/#primaryimage\"},\"image\":{\"@id\":\"https:\/\/disteco.com\/ca\/filet-mignon-amb-salsa-de-xampinyons\/#primaryimage\"},\"thumbnailUrl\":\"https:\/\/disteco.com\/wp-content\/uploads\/2017\/08\/filet-mignon-con-salsa-de-champi\u00f1ones.png\",\"datePublished\":\"2017-08-24T15:32:17+00:00\",\"dateModified\":\"2017-09-13T08:52:04+00:00\",\"description\":\"El filet mignon o \\\"filet mignon\\\" no \u00e9s tant una recepta com un tipus de tall de carn molt popular a Fran\u00e7a. El filet mignon \u00e9s un tall de la carn.\",\"breadcrumb\":{\"@id\":\"https:\/\/disteco.com\/ca\/filet-mignon-amb-salsa-de-xampinyons\/#breadcrumb\"},\"inLanguage\":\"ca\",\"potentialAction\":[{\"@type\":\"ReadAction\",\"target\":[\"https:\/\/disteco.com\/ca\/filet-mignon-amb-salsa-de-xampinyons\/\"]}]},{\"@type\":\"ImageObject\",\"inLanguage\":\"ca\",\"@id\":\"https:\/\/disteco.com\/ca\/filet-mignon-amb-salsa-de-xampinyons\/#primaryimage\",\"url\":\"https:\/\/disteco.com\/wp-content\/uploads\/2017\/08\/filet-mignon-con-salsa-de-champi\u00f1ones.png\",\"contentUrl\":\"https:\/\/disteco.com\/wp-content\/uploads\/2017\/08\/filet-mignon-con-salsa-de-champi\u00f1ones.png\",\"width\":1025,\"height\":683},{\"@type\":\"BreadcrumbList\",\"@id\":\"https:\/\/disteco.com\/ca\/filet-mignon-amb-salsa-de-xampinyons\/#breadcrumb\",\"itemListElement\":[{\"@type\":\"ListItem\",\"position\":1,\"name\":\"Portada\",\"item\":\"https:\/\/disteco.com\/ca\/\"},{\"@type\":\"ListItem\",\"position\":2,\"name\":\"Filet mignon amb salsa de xampinyons\"}]},{\"@type\":\"WebSite\",\"@id\":\"https:\/\/disteco.com\/ca\/#website\",\"url\":\"https:\/\/disteco.com\/ca\/\",\"name\":\"GRUP ALIMENTARI DISTECO\",\"description\":\"Distribuci\u00f3 aliment\u00e0ria de productes d'alta qualitat\",\"publisher\":{\"@id\":\"https:\/\/disteco.com\/ca\/#organization\"},\"potentialAction\":[{\"@type\":\"SearchAction\",\"target\":{\"@type\":\"EntryPoint\",\"urlTemplate\":\"https:\/\/disteco.com\/ca\/?s={search_term_string}\"},\"query-input\":{\"@type\":\"PropertyValueSpecification\",\"valueRequired\":true,\"valueName\":\"search_term_string\"}}],\"inLanguage\":\"ca\"},{\"@type\":\"Organization\",\"@id\":\"https:\/\/disteco.com\/ca\/#organization\",\"name\":\"GRUP ALIMENTARI DISTECO\",\"url\":\"https:\/\/disteco.com\/ca\/\",\"logo\":{\"@type\":\"ImageObject\",\"inLanguage\":\"ca\",\"@id\":\"https:\/\/disteco.com\/ca\/#\/schema\/logo\/image\/\",\"url\":\"https:\/\/disteco.com\/wp-content\/uploads\/2017\/03\/logo-grup-alimentari-disteco.png\",\"contentUrl\":\"https:\/\/disteco.com\/wp-content\/uploads\/2017\/03\/logo-grup-alimentari-disteco.png\",\"width\":600,\"height\":61,\"caption\":\"GRUP ALIMENTARI DISTECO\"},\"image\":{\"@id\":\"https:\/\/disteco.com\/ca\/#\/schema\/logo\/image\/\"},\"sameAs\":[\"https:\/\/www.facebook.com\/grupalimentaridisteco\/\",\"https:\/\/x.com\/DistecoGrup\",\"https:\/\/www.instagram.com\/gadisteco\/\",\"https:\/\/www.linkedin.com\/company\/grup-alimentari-disteco\/\",\"https:\/\/www.youtube.com\/@grupalimentaridisteco572\"]}]}<\/script>\n<!-- \/ Yoast SEO plugin. -->","yoast_head_json":{"title":"Filet mignon amb salsa de xampinyons","description":"El filet mignon o \"filet mignon\" no \u00e9s tant una recepta com un tipus de tall de carn molt popular a Fran\u00e7a. El filet mignon \u00e9s un tall de la carn.","robots":{"index":"index","follow":"follow","max-snippet":"max-snippet:-1","max-image-preview":"max-image-preview:large","max-video-preview":"max-video-preview:-1"},"canonical":"https:\/\/disteco.com\/ca\/filet-mignon-amb-salsa-de-xampinyons\/","og_locale":"ca_ES","og_type":"article","og_title":"Filet mignon amb salsa de xampinyons","og_description":"El filet mignon o \"filet mignon\" no \u00e9s tant una recepta com un tipus de tall de carn molt popular a Fran\u00e7a. El filet mignon \u00e9s un tall de la carn.","og_url":"https:\/\/disteco.com\/ca\/filet-mignon-amb-salsa-de-xampinyons\/","og_site_name":"GRUP ALIMENTARI DISTECO","article_publisher":"https:\/\/www.facebook.com\/grupalimentaridisteco\/","article_modified_time":"2017-09-13T08:52:04+00:00","og_image":[{"width":1025,"height":683,"url":"https:\/\/disteco.com\/wp-content\/uploads\/2017\/08\/filet-mignon-con-salsa-de-champi\u00f1ones.png","type":"image\/png"}],"twitter_card":"summary_large_image","twitter_site":"@DistecoGrup","twitter_misc":{"Temps estimat de lectura":"8 minut"},"schema":{"@context":"https:\/\/schema.org","@graph":[{"@type":"WebPage","@id":"https:\/\/disteco.com\/ca\/filet-mignon-amb-salsa-de-xampinyons\/","url":"https:\/\/disteco.com\/ca\/filet-mignon-amb-salsa-de-xampinyons\/","name":"Filet mignon amb salsa de xampinyons","isPartOf":{"@id":"https:\/\/disteco.com\/ca\/#website"},"primaryImageOfPage":{"@id":"https:\/\/disteco.com\/ca\/filet-mignon-amb-salsa-de-xampinyons\/#primaryimage"},"image":{"@id":"https:\/\/disteco.com\/ca\/filet-mignon-amb-salsa-de-xampinyons\/#primaryimage"},"thumbnailUrl":"https:\/\/disteco.com\/wp-content\/uploads\/2017\/08\/filet-mignon-con-salsa-de-champi\u00f1ones.png","datePublished":"2017-08-24T15:32:17+00:00","dateModified":"2017-09-13T08:52:04+00:00","description":"El filet mignon o \"filet mignon\" no \u00e9s tant una recepta com un tipus de tall de carn molt popular a Fran\u00e7a. El filet mignon \u00e9s un tall de la carn.","breadcrumb":{"@id":"https:\/\/disteco.com\/ca\/filet-mignon-amb-salsa-de-xampinyons\/#breadcrumb"},"inLanguage":"ca","potentialAction":[{"@type":"ReadAction","target":["https:\/\/disteco.com\/ca\/filet-mignon-amb-salsa-de-xampinyons\/"]}]},{"@type":"ImageObject","inLanguage":"ca","@id":"https:\/\/disteco.com\/ca\/filet-mignon-amb-salsa-de-xampinyons\/#primaryimage","url":"https:\/\/disteco.com\/wp-content\/uploads\/2017\/08\/filet-mignon-con-salsa-de-champi\u00f1ones.png","contentUrl":"https:\/\/disteco.com\/wp-content\/uploads\/2017\/08\/filet-mignon-con-salsa-de-champi\u00f1ones.png","width":1025,"height":683},{"@type":"BreadcrumbList","@id":"https:\/\/disteco.com\/ca\/filet-mignon-amb-salsa-de-xampinyons\/#breadcrumb","itemListElement":[{"@type":"ListItem","position":1,"name":"Portada","item":"https:\/\/disteco.com\/ca\/"},{"@type":"ListItem","position":2,"name":"Filet mignon amb salsa de xampinyons"}]},{"@type":"WebSite","@id":"https:\/\/disteco.com\/ca\/#website","url":"https:\/\/disteco.com\/ca\/","name":"GRUP ALIMENTARI DISTECO","description":"Distribuci\u00f3 aliment\u00e0ria de productes d'alta qualitat","publisher":{"@id":"https:\/\/disteco.com\/ca\/#organization"},"potentialAction":[{"@type":"SearchAction","target":{"@type":"EntryPoint","urlTemplate":"https:\/\/disteco.com\/ca\/?s={search_term_string}"},"query-input":{"@type":"PropertyValueSpecification","valueRequired":true,"valueName":"search_term_string"}}],"inLanguage":"ca"},{"@type":"Organization","@id":"https:\/\/disteco.com\/ca\/#organization","name":"GRUP ALIMENTARI DISTECO","url":"https:\/\/disteco.com\/ca\/","logo":{"@type":"ImageObject","inLanguage":"ca","@id":"https:\/\/disteco.com\/ca\/#\/schema\/logo\/image\/","url":"https:\/\/disteco.com\/wp-content\/uploads\/2017\/03\/logo-grup-alimentari-disteco.png","contentUrl":"https:\/\/disteco.com\/wp-content\/uploads\/2017\/03\/logo-grup-alimentari-disteco.png","width":600,"height":61,"caption":"GRUP ALIMENTARI DISTECO"},"image":{"@id":"https:\/\/disteco.com\/ca\/#\/schema\/logo\/image\/"},"sameAs":["https:\/\/www.facebook.com\/grupalimentaridisteco\/","https:\/\/x.com\/DistecoGrup","https:\/\/www.instagram.com\/gadisteco\/","https:\/\/www.linkedin.com\/company\/grup-alimentari-disteco\/","https:\/\/www.youtube.com\/@grupalimentaridisteco572"]}]}},"_links":{"self":[{"href":"https:\/\/disteco.com\/ca\/wp-json\/wp\/v2\/pages\/206829","targetHints":{"allow":["GET"]}}],"collection":[{"href":"https:\/\/disteco.com\/ca\/wp-json\/wp\/v2\/pages"}],"about":[{"href":"https:\/\/disteco.com\/ca\/wp-json\/wp\/v2\/types\/page"}],"author":[{"embeddable":true,"href":"https:\/\/disteco.com\/ca\/wp-json\/wp\/v2\/users\/1"}],"replies":[{"embeddable":true,"href":"https:\/\/disteco.com\/ca\/wp-json\/wp\/v2\/comments?post=206829"}],"version-history":[{"count":3,"href":"https:\/\/disteco.com\/ca\/wp-json\/wp\/v2\/pages\/206829\/revisions"}],"predecessor-version":[{"id":207106,"href":"https:\/\/disteco.com\/ca\/wp-json\/wp\/v2\/pages\/206829\/revisions\/207106"}],"wp:featuredmedia":[{"embeddable":true,"href":"https:\/\/disteco.com\/ca\/wp-json\/wp\/v2\/media\/205756"}],"wp:attachment":[{"href":"https:\/\/disteco.com\/ca\/wp-json\/wp\/v2\/media?parent=206829"}],"curies":[{"name":"wp","href":"https:\/\/api.w.org\/{rel}","templated":true}]}}