{"id":206418,"date":"2017-04-08T22:06:44","date_gmt":"2017-04-08T22:06:44","guid":{"rendered":"http:\/\/disteco.com\/trabaja-con-nosotros\/"},"modified":"2022-01-31T10:14:54","modified_gmt":"2022-01-31T10:14:54","slug":"treballa-amb-nosaltres","status":"publish","type":"page","link":"https:\/\/disteco.com\/ca\/treballa-amb-nosaltres\/","title":{"rendered":"Treballa amb nosaltres"},"content":{"rendered":"<p>[et_pb_section fb_built=&#8221;1&#8243; admin_label=&#8221;section&#8221; _builder_version=&#8221;3.22&#8243;][et_pb_row admin_label=&#8221;row&#8221; _builder_version=&#8221;3.25&#8243; background_size=&#8221;initial&#8221; background_position=&#8221;top_left&#8221; background_repeat=&#8221;repeat&#8221; custom_padding=&#8221;49px|0px|13.4844px|0px&#8221;][et_pb_column type=&#8221;4_4&#8243; _builder_version=&#8221;3.25&#8243; custom_padding=&#8221;|||&#8221; custom_padding__hover=&#8221;|||&#8221;][et_pb_text admin_label=&#8221;Texto&#8221; _builder_version=&#8221;3.27.4&#8243; background_size=&#8221;initial&#8221; background_position=&#8221;top_left&#8221; background_repeat=&#8221;repeat&#8221; border_style=&#8221;solid&#8221; inline_fonts=&#8221;Playfair Display,Comfortaa&#8221;]<\/p>\n<h2 style=\"text-align: center;\"><span style=\"font-family: Comfortaa; font-weight: normal;\"><strong>Degut al nostre constant creixement estem incorporant cont\u00ednuament nous empleats utilitzant els nostres recursos de contacte i selecci\u00f3.<\/strong><\/span><\/h2>\n<h4 style=\"text-align: center;\"><span style=\"color: #666666;\"><strong>Naturalment, tamb\u00e9 ens pot enviar la sol\u00b7licitud per iniciativa pr\u00f2pia. Ser\u00e0 un plaer per a nosaltres estudiar la sol\u00b7licitud de qualsevol candidat.<\/strong><\/span><\/h4>\n<p>[\/et_pb_text][et_pb_divider color=&#8221;#6d6d6d&#8221; disabled_on=&#8221;on|on|off&#8221; admin_label=&#8221;Separador&#8221; _builder_version=&#8221;3.23.4&#8243; height=&#8221;20px&#8221;][\/et_pb_divider][\/et_pb_column][\/et_pb_row][et_pb_row column_structure=&#8221;1_2,1_2&#8243; admin_label=&#8221;Fila&#8221; _builder_version=&#8221;3.25&#8243; background_size=&#8221;initial&#8221; background_position=&#8221;top_left&#8221; background_repeat=&#8221;repeat&#8221; custom_padding=&#8221;13.4844px|0px|53px|0px&#8221;][et_pb_column type=&#8221;1_2&#8243; _builder_version=&#8221;3.25&#8243; custom_padding=&#8221;|||&#8221; custom_padding__hover=&#8221;|||&#8221;][et_pb_text admin_label=&#8221;Texto&#8221; _builder_version=&#8221;3.27.4&#8243; background_size=&#8221;initial&#8221; background_position=&#8221;top_left&#8221; background_repeat=&#8221;repeat&#8221; custom_margin=&#8221;|40px||&#8221; border_style=&#8221;solid&#8221;]<\/p>\n<h1 style=\"text-align: right;\"><strong>Si desitja treballar en l&#8217;equip de Grup Alimentari Disteco<\/strong>, li preguem que ens envi\u00ef les seves dades en forma de curr\u00edculum vitae a trav\u00e9s del nostre&nbsp;<b>formulari.<\/b><\/h1>\n<h3 style=\"text-align: right;\">Evidentment, tractarem la seva sol\u00b7licitud amb la m\u00e9s absoluta confidencialitat.<\/h3>\n<p>[\/et_pb_text][\/et_pb_column][et_pb_column type=&#8221;1_2&#8243; _builder_version=&#8221;3.25&#8243; custom_padding=&#8221;|||&#8221; custom_padding__hover=&#8221;|||&#8221;][et_pb_text admin_label=&#8221;Formulario de Contacto&#8221; _builder_version=&#8221;4.9.4&#8243; hover_enabled=&#8221;0&#8243; border_style=&#8221;solid&#8221; saved_tabs=&#8221;all&#8221; sticky_enabled=&#8221;0&#8243;]<\/p>\n\n<div class=\"wpcf7 no-js\" id=\"wpcf7-f208008-o1\" lang=\"es-ES\" dir=\"ltr\" data-wpcf7-id=\"208008\">\n<div class=\"screen-reader-response\"><p role=\"status\" aria-live=\"polite\" aria-atomic=\"true\"><\/p> <ul><\/ul><\/div>\n<form action=\"\/ca\/wp-json\/wp\/v2\/pages\/206418#wpcf7-f208008-o1\" method=\"post\" class=\"wpcf7-form init\" aria-label=\"Formulario de contacto\" enctype=\"multipart\/form-data\" novalidate=\"novalidate\" data-status=\"init\">\n<fieldset class=\"hidden-fields-container\"><input type=\"hidden\" name=\"_wpcf7\" value=\"208008\" \/><input type=\"hidden\" name=\"_wpcf7_version\" value=\"6.1.5\" \/><input type=\"hidden\" name=\"_wpcf7_locale\" value=\"es_ES\" \/><input type=\"hidden\" name=\"_wpcf7_unit_tag\" value=\"wpcf7-f208008-o1\" \/><input type=\"hidden\" name=\"_wpcf7_container_post\" value=\"0\" \/><input type=\"hidden\" name=\"_wpcf7_posted_data_hash\" value=\"\" \/>\n<\/fieldset>\n<div class=\"form-field\">\n\t<p><span class=\"wpcf7-form-control-wrap\" data-name=\"your-name\"><input size=\"40\" maxlength=\"400\" class=\"wpcf7-form-control wpcf7-text wpcf7-validates-as-required\" aria-required=\"true\" aria-invalid=\"false\" placeholder=\"Nom\" value=\"\" type=\"text\" name=\"your-name\" \/><\/span>\n\t<\/p>\n<\/div>\n<div class=\"form-field\">\n\t<p><span class=\"wpcf7-form-control-wrap\" data-name=\"your-email\"><input size=\"40\" maxlength=\"400\" class=\"wpcf7-form-control wpcf7-email wpcf7-validates-as-required wpcf7-text wpcf7-validates-as-email\" aria-required=\"true\" aria-invalid=\"false\" placeholder=\"E-mail\" value=\"\" type=\"email\" name=\"your-email\" \/><\/span>\n\t<\/p>\n<\/div>\n<div class=\"form-field\">\n\t<p><span class=\"wpcf7-form-control-wrap\" data-name=\"your-subject\"><input size=\"40\" maxlength=\"400\" class=\"wpcf7-form-control wpcf7-text\" aria-invalid=\"false\" placeholder=\"Assumpte\" value=\"\" type=\"text\" name=\"your-subject\" \/><\/span>\n\t<\/p>\n<\/div>\n<div class=\"form-field\">\n\t<p><span class=\"wpcf7-form-control-wrap\" data-name=\"your-message\"><textarea cols=\"40\" rows=\"10\" maxlength=\"2000\" class=\"wpcf7-form-control wpcf7-textarea\" aria-invalid=\"false\" placeholder=\"Missatge\" name=\"your-message\"><\/textarea><\/span>\n\t<\/p>\n<\/div>\n<p><label>Adjunta el teu CV<\/label>\n<\/p>\n<div class=\"form-field\">\n\t<p><span id=\"file\">Seleccionar Arxiu<\/span><br \/>\n<span class=\"wpcf7-form-control-wrap\" data-name=\"file-5\"><input size=\"40\" class=\"wpcf7-form-control wpcf7-file\" accept=\".pdf,.txt,.gif,.png,.jpg,.jpeg\" aria-invalid=\"false\" type=\"file\" name=\"file-5\" \/><\/span>\n\t<\/p>\n<\/div>\n<p><br \/>\n<span class=\"wpcf7-form-control-wrap\" data-name=\"acceptance-232\"><span class=\"wpcf7-form-control wpcf7-acceptance\"><span class=\"wpcf7-list-item\"><input type=\"checkbox\" name=\"acceptance-232\" value=\"1\" aria-invalid=\"false\" \/><\/span><\/span><\/span>He llegit i accepto la <a href=\"https:\/\/disteco.com\/ca\/politica-de-privacitat\/\" target=\"_blank\">Pol\u00edtica de Privacitat<\/a>. <span class=\"wpcf7-form-control-wrap\" data-name=\"acceptance-92\"><span class=\"wpcf7-form-control wpcf7-acceptance\"><span class=\"wpcf7-list-item\"><label><input type=\"checkbox\" name=\"acceptance-92\" value=\"1\" aria-invalid=\"false\" \/><span class=\"wpcf7-list-item-label\">Autoritzo que les dades proporcionades s'utilitzin per als processos de selecci\u00f3 de personal realitzats per l'entitat.<\/span><\/label><\/span><\/span><\/span>\n<\/p>\n<h6 style=\"padding-left: 30px; text-align: justify; margin-top: 20px;\"><br \/>\n<span style=\"color: #000000;\"><strong>INFORMACI\u00d3 B\u00c0SICA DE PROTECCI\u00d3 DE DADES:<\/strong><\/span>\n<\/h6>\n<h6 style=\"padding-left: 30px; text-align: justify;\"><strong>Responsable:<\/strong> GRUP ALIMENTARI DISTECO, S.A.\n<\/h6>\n<h6 style=\"padding-left: 30px; text-align: justify;\"><strong>Finalitat:<\/strong> Tractarem les vostres dades \u00fanicament per als processos de selecci\u00f3 de personal portats a terme per l'empresa.\n<\/h6>\n<h6 style=\"padding-left: 30px; text-align: justify;\"><strong>Legitimaci\u00f3:<\/strong> Consentiment de la persona interessada.\n<\/h6>\n<h6 style=\"padding-left: 30px; text-align: justify;\"><strong>Conservaci\u00f3:<\/strong> Les dades proporcionades es conservaran durant un m\u00e0xim de 24 mesos.\n<\/h6>\n<h6 style=\"padding-left: 30px; text-align: justify;\"><strong>Destinataris:<\/strong> GRUP ALIMENTARI DISTECO, S.A.\n<\/h6>\n<h6 style=\"padding-left: 30px; text-align: justify;\"><strong>Drets: <\/strong>Dret a retirar el consentiment en qualsevol moment. Dret d'acc\u00e9s, rectificaci\u00f3, portabilitat i supressi\u00f3 de les vostres dades i a la limitaci\u00f3 o oposici\u00f3 al seu tractament. Dades de contacte per exercir els vostres drets: <a href=\"mailto:finanzas@gadisteco.com\" target=\"_blank\" rel=\"noopener\">finanzas@gadisteco.com<\/a>\n<\/h6>\n<h6 style=\"padding-left: 30px; text-align: justify;\"><strong>Informaci\u00f3 addicional:<\/strong> Podeu trobar m\u00e9s informaci\u00f3 a la nostra <a href=\"https:\/\/disteco.com\/ca\/politica-de-privacitat\" target=\"_blank\" rel=\"noopener noreferrer\"> <em><u>Pol\u00edtica de Privacitat<\/u><\/em>.<\/a>\n<\/h6>\n<div class=\"form-send\">\n\t<div class=\"quiz\">\n\t\t<p><span class=\"wpcf7-form-control-wrap\" data-name=\"quiz-212\"><label><span class=\"wpcf7-quiz-label\">13 + 8 =<\/span> <input size=\"40\" class=\"wpcf7-form-control wpcf7-quiz\" autocomplete=\"off\" aria-required=\"true\" aria-invalid=\"false\" type=\"text\" name=\"quiz-212\" \/><\/label><input type=\"hidden\" name=\"_wpcf7_quiz_answer_quiz-212\" value=\"c8cc742f4cd4dd2815c1845b9f80011c\" \/><\/span>\n\t\t<\/p>\n\t<\/div>\n\t<div class=\"form-btn\">\n\t\t<p><input class=\"wpcf7-form-control wpcf7-submit has-spinner\" type=\"submit\" value=\"Enviar\" \/>\n\t\t<\/p>\n\t<\/div>\n<\/div><div class=\"wpcf7-response-output\" aria-hidden=\"true\"><\/div>\n<\/form>\n<\/div>\n\n<p>[\/et_pb_text][\/et_pb_column][\/et_pb_row][\/et_pb_section]<\/p>\n","protected":false},"excerpt":{"rendered":"<p>Degut al nostre constant creixement estem incorporant cont\u00ednuament nous empleats utilitzant els nostres recursos de contacte i selecci\u00f3. Naturalment, tamb\u00e9 ens pot enviar la sol\u00b7licitud per iniciativa pr\u00f2pia. Ser\u00e0 un plaer per a nosaltres estudiar la sol\u00b7licitud de qualsevol candidat. Si desitja treballar en l&#8217;equip de Grup Alimentari Disteco, li preguem que ens envi\u00ef les [&hellip;]<\/p>\n","protected":false},"author":1,"featured_media":0,"parent":0,"menu_order":0,"comment_status":"closed","ping_status":"closed","template":"","meta":{"_et_pb_use_builder":"on","_et_pb_old_content":"","_et_gb_content_width":"","footnotes":""},"class_list":["post-206418","page","type-page","status-publish","hentry"],"yoast_head":"<!-- This site is optimized with the Yoast SEO plugin v26.9 - https:\/\/yoast.com\/product\/yoast-seo-wordpress\/ -->\n<title>Treballa amb nosaltres, GRUP ALIMENTARI DISTECO<\/title>\n<meta name=\"description\" content=\"Degut al nostre constant creixement estem incorporant cont\u00ednuament nous empleats utilitzant els nostres recursos de contacte i selecci\u00f3.\" \/>\n<meta name=\"robots\" content=\"index, follow, max-snippet:-1, max-image-preview:large, max-video-preview:-1\" \/>\n<link rel=\"canonical\" href=\"https:\/\/disteco.com\/ca\/treballa-amb-nosaltres\/\" \/>\n<meta property=\"og:locale\" content=\"ca_ES\" \/>\n<meta property=\"og:type\" content=\"article\" \/>\n<meta property=\"og:title\" content=\"Treballa amb nosaltres, GRUP ALIMENTARI DISTECO\" \/>\n<meta property=\"og:description\" content=\"Degut al nostre constant creixement estem incorporant cont\u00ednuament nous empleats utilitzant els nostres recursos de contacte i selecci\u00f3.\" \/>\n<meta property=\"og:url\" content=\"https:\/\/disteco.com\/ca\/treballa-amb-nosaltres\/\" \/>\n<meta property=\"og:site_name\" content=\"GRUP ALIMENTARI DISTECO\" \/>\n<meta property=\"article:publisher\" content=\"https:\/\/www.facebook.com\/grupalimentaridisteco\/\" \/>\n<meta property=\"article:modified_time\" content=\"2022-01-31T10:14:54+00:00\" \/>\n<meta name=\"twitter:card\" content=\"summary_large_image\" \/>\n<meta name=\"twitter:site\" content=\"@DistecoGrup\" \/>\n<meta name=\"twitter:label1\" content=\"Temps estimat de lectura\" \/>\n\t<meta name=\"twitter:data1\" content=\"2 minut\" \/>\n<script type=\"application\/ld+json\" class=\"yoast-schema-graph\">{\"@context\":\"https:\/\/schema.org\",\"@graph\":[{\"@type\":\"WebPage\",\"@id\":\"https:\/\/disteco.com\/ca\/treballa-amb-nosaltres\/\",\"url\":\"https:\/\/disteco.com\/ca\/treballa-amb-nosaltres\/\",\"name\":\"Treballa amb nosaltres, GRUP ALIMENTARI DISTECO\",\"isPartOf\":{\"@id\":\"https:\/\/disteco.com\/ca\/#website\"},\"datePublished\":\"2017-04-08T22:06:44+00:00\",\"dateModified\":\"2022-01-31T10:14:54+00:00\",\"description\":\"Degut al nostre constant creixement estem incorporant cont\u00ednuament nous empleats utilitzant els nostres recursos de contacte i selecci\u00f3.\",\"breadcrumb\":{\"@id\":\"https:\/\/disteco.com\/ca\/treballa-amb-nosaltres\/#breadcrumb\"},\"inLanguage\":\"ca\",\"potentialAction\":[{\"@type\":\"ReadAction\",\"target\":[\"https:\/\/disteco.com\/ca\/treballa-amb-nosaltres\/\"]}]},{\"@type\":\"BreadcrumbList\",\"@id\":\"https:\/\/disteco.com\/ca\/treballa-amb-nosaltres\/#breadcrumb\",\"itemListElement\":[{\"@type\":\"ListItem\",\"position\":1,\"name\":\"Portada\",\"item\":\"https:\/\/disteco.com\/ca\/\"},{\"@type\":\"ListItem\",\"position\":2,\"name\":\"Treballa amb nosaltres\"}]},{\"@type\":\"WebSite\",\"@id\":\"https:\/\/disteco.com\/ca\/#website\",\"url\":\"https:\/\/disteco.com\/ca\/\",\"name\":\"GRUP ALIMENTARI DISTECO\",\"description\":\"Distribuci\u00f3 aliment\u00e0ria de productes d'alta qualitat\",\"publisher\":{\"@id\":\"https:\/\/disteco.com\/ca\/#organization\"},\"potentialAction\":[{\"@type\":\"SearchAction\",\"target\":{\"@type\":\"EntryPoint\",\"urlTemplate\":\"https:\/\/disteco.com\/ca\/?s={search_term_string}\"},\"query-input\":{\"@type\":\"PropertyValueSpecification\",\"valueRequired\":true,\"valueName\":\"search_term_string\"}}],\"inLanguage\":\"ca\"},{\"@type\":\"Organization\",\"@id\":\"https:\/\/disteco.com\/ca\/#organization\",\"name\":\"GRUP ALIMENTARI DISTECO\",\"url\":\"https:\/\/disteco.com\/ca\/\",\"logo\":{\"@type\":\"ImageObject\",\"inLanguage\":\"ca\",\"@id\":\"https:\/\/disteco.com\/ca\/#\/schema\/logo\/image\/\",\"url\":\"https:\/\/disteco.com\/wp-content\/uploads\/2017\/03\/logo-grup-alimentari-disteco.png\",\"contentUrl\":\"https:\/\/disteco.com\/wp-content\/uploads\/2017\/03\/logo-grup-alimentari-disteco.png\",\"width\":600,\"height\":61,\"caption\":\"GRUP ALIMENTARI DISTECO\"},\"image\":{\"@id\":\"https:\/\/disteco.com\/ca\/#\/schema\/logo\/image\/\"},\"sameAs\":[\"https:\/\/www.facebook.com\/grupalimentaridisteco\/\",\"https:\/\/x.com\/DistecoGrup\",\"https:\/\/www.instagram.com\/gadisteco\/\",\"https:\/\/www.linkedin.com\/company\/grup-alimentari-disteco\/\",\"https:\/\/www.youtube.com\/@grupalimentaridisteco572\"]}]}<\/script>\n<!-- \/ Yoast SEO plugin. -->","yoast_head_json":{"title":"Treballa amb nosaltres, GRUP ALIMENTARI DISTECO","description":"Degut al nostre constant creixement estem incorporant cont\u00ednuament nous empleats utilitzant els nostres recursos de contacte i selecci\u00f3.","robots":{"index":"index","follow":"follow","max-snippet":"max-snippet:-1","max-image-preview":"max-image-preview:large","max-video-preview":"max-video-preview:-1"},"canonical":"https:\/\/disteco.com\/ca\/treballa-amb-nosaltres\/","og_locale":"ca_ES","og_type":"article","og_title":"Treballa amb nosaltres, GRUP ALIMENTARI DISTECO","og_description":"Degut al nostre constant creixement estem incorporant cont\u00ednuament nous empleats utilitzant els nostres recursos de contacte i selecci\u00f3.","og_url":"https:\/\/disteco.com\/ca\/treballa-amb-nosaltres\/","og_site_name":"GRUP ALIMENTARI DISTECO","article_publisher":"https:\/\/www.facebook.com\/grupalimentaridisteco\/","article_modified_time":"2022-01-31T10:14:54+00:00","twitter_card":"summary_large_image","twitter_site":"@DistecoGrup","twitter_misc":{"Temps estimat de lectura":"2 minut"},"schema":{"@context":"https:\/\/schema.org","@graph":[{"@type":"WebPage","@id":"https:\/\/disteco.com\/ca\/treballa-amb-nosaltres\/","url":"https:\/\/disteco.com\/ca\/treballa-amb-nosaltres\/","name":"Treballa amb nosaltres, GRUP ALIMENTARI DISTECO","isPartOf":{"@id":"https:\/\/disteco.com\/ca\/#website"},"datePublished":"2017-04-08T22:06:44+00:00","dateModified":"2022-01-31T10:14:54+00:00","description":"Degut al nostre constant creixement estem incorporant cont\u00ednuament nous empleats utilitzant els nostres recursos de contacte i selecci\u00f3.","breadcrumb":{"@id":"https:\/\/disteco.com\/ca\/treballa-amb-nosaltres\/#breadcrumb"},"inLanguage":"ca","potentialAction":[{"@type":"ReadAction","target":["https:\/\/disteco.com\/ca\/treballa-amb-nosaltres\/"]}]},{"@type":"BreadcrumbList","@id":"https:\/\/disteco.com\/ca\/treballa-amb-nosaltres\/#breadcrumb","itemListElement":[{"@type":"ListItem","position":1,"name":"Portada","item":"https:\/\/disteco.com\/ca\/"},{"@type":"ListItem","position":2,"name":"Treballa amb nosaltres"}]},{"@type":"WebSite","@id":"https:\/\/disteco.com\/ca\/#website","url":"https:\/\/disteco.com\/ca\/","name":"GRUP ALIMENTARI DISTECO","description":"Distribuci\u00f3 aliment\u00e0ria de productes d'alta qualitat","publisher":{"@id":"https:\/\/disteco.com\/ca\/#organization"},"potentialAction":[{"@type":"SearchAction","target":{"@type":"EntryPoint","urlTemplate":"https:\/\/disteco.com\/ca\/?s={search_term_string}"},"query-input":{"@type":"PropertyValueSpecification","valueRequired":true,"valueName":"search_term_string"}}],"inLanguage":"ca"},{"@type":"Organization","@id":"https:\/\/disteco.com\/ca\/#organization","name":"GRUP ALIMENTARI DISTECO","url":"https:\/\/disteco.com\/ca\/","logo":{"@type":"ImageObject","inLanguage":"ca","@id":"https:\/\/disteco.com\/ca\/#\/schema\/logo\/image\/","url":"https:\/\/disteco.com\/wp-content\/uploads\/2017\/03\/logo-grup-alimentari-disteco.png","contentUrl":"https:\/\/disteco.com\/wp-content\/uploads\/2017\/03\/logo-grup-alimentari-disteco.png","width":600,"height":61,"caption":"GRUP ALIMENTARI DISTECO"},"image":{"@id":"https:\/\/disteco.com\/ca\/#\/schema\/logo\/image\/"},"sameAs":["https:\/\/www.facebook.com\/grupalimentaridisteco\/","https:\/\/x.com\/DistecoGrup","https:\/\/www.instagram.com\/gadisteco\/","https:\/\/www.linkedin.com\/company\/grup-alimentari-disteco\/","https:\/\/www.youtube.com\/@grupalimentaridisteco572"]}]}},"_links":{"self":[{"href":"https:\/\/disteco.com\/ca\/wp-json\/wp\/v2\/pages\/206418","targetHints":{"allow":["GET"]}}],"collection":[{"href":"https:\/\/disteco.com\/ca\/wp-json\/wp\/v2\/pages"}],"about":[{"href":"https:\/\/disteco.com\/ca\/wp-json\/wp\/v2\/types\/page"}],"author":[{"embeddable":true,"href":"https:\/\/disteco.com\/ca\/wp-json\/wp\/v2\/users\/1"}],"replies":[{"embeddable":true,"href":"https:\/\/disteco.com\/ca\/wp-json\/wp\/v2\/comments?post=206418"}],"version-history":[{"count":11,"href":"https:\/\/disteco.com\/ca\/wp-json\/wp\/v2\/pages\/206418\/revisions"}],"predecessor-version":[{"id":215822,"href":"https:\/\/disteco.com\/ca\/wp-json\/wp\/v2\/pages\/206418\/revisions\/215822"}],"wp:attachment":[{"href":"https:\/\/disteco.com\/ca\/wp-json\/wp\/v2\/media?parent=206418"}],"curies":[{"name":"wp","href":"https:\/\/api.w.org\/{rel}","templated":true}]}}