{"id":206276,"date":"2017-08-24T05:28:18","date_gmt":"2017-08-24T05:28:18","guid":{"rendered":"http:\/\/disteco.com\/bombon-de-foie-con-calvados\/"},"modified":"2022-11-25T11:58:46","modified_gmt":"2022-11-25T11:58:46","slug":"bombo-de-foie-amb-calvados","status":"publish","type":"page","link":"https:\/\/disteco.com\/ca\/bombo-de-foie-amb-calvados\/","title":{"rendered":"Bomb\u00f3 de foie amb Calvados"},"content":{"rendered":"<p>[et_pb_section fb_built=&#8221;1&#8243; admin_label=&#8221;section&#8221; _builder_version=&#8221;3.22&#8243; background_color=&#8221;rgba(255,255,255,0.02)&#8221; background_image=&#8221;https:\/\/disteco.com\/wp-content\/uploads\/2017\/08\/bombon-de-foie-con-calvados-ies-cavall-bernat.png&#8221; parallax=&#8221;on&#8221; parallax_method=&#8221;off&#8221; custom_padding=&#8221;||0px|&#8221; custom_padding_tablet=&#8221;||0px|&#8221; padding_mobile=&#8221;on&#8221;][et_pb_row padding_mobile=&#8221;on&#8221; column_padding_mobile=&#8221;on&#8221; admin_label=&#8221;row&#8221; _builder_version=&#8221;3.25&#8243; background_size=&#8221;initial&#8221; background_position=&#8221;top_left&#8221; background_repeat=&#8221;repeat&#8221; custom_padding=&#8221;||0px|&#8221;][et_pb_column type=&#8221;4_4&#8243; _builder_version=&#8221;3.25&#8243; custom_padding=&#8221;|||&#8221; custom_padding__hover=&#8221;|||&#8221;][et_pb_divider show_divider=&#8221;off&#8221; disabled_on=&#8221;on|on|off&#8221; admin_label=&#8221;Divider&#8221; _builder_version=&#8221;3.23.4&#8243; height=&#8221;110px&#8221;][\/et_pb_divider][\/et_pb_column][\/et_pb_row][\/et_pb_section][et_pb_section fb_built=&#8221;1&#8243; admin_label=&#8221;Section&#8221; _builder_version=&#8221;3.22&#8243; background_color=&#8221;#f7f7f4&#8243; custom_padding=&#8221;0px||0px|&#8221;][et_pb_row column_padding_mobile=&#8221;on&#8221; admin_label=&#8221;row&#8221; _builder_version=&#8221;3.25&#8243; background_size=&#8221;initial&#8221; background_position=&#8221;top_left&#8221; background_repeat=&#8221;repeat&#8221; max_width=&#8221;620px&#8221; custom_padding=&#8221;0px||0px|&#8221; use_custom_width=&#8221;on&#8221; custom_width_px=&#8221;620px&#8221;][et_pb_column type=&#8221;4_4&#8243; _builder_version=&#8221;3.25&#8243; custom_padding=&#8221;|||&#8221; custom_padding__hover=&#8221;|||&#8221;][et_pb_image src=&#8221;https:\/\/disteco.com\/wp-content\/uploads\/2017\/03\/gad-grup-alimentari-disteco.png&#8221; show_bottom_space=&#8221;off&#8221; align=&#8221;center&#8221; align_tablet=&#8221;center&#8221; align_last_edited=&#8221;on|desktop&#8221; admin_label=&#8221;logo GAD&#8221; _builder_version=&#8221;3.23&#8243; custom_margin=&#8221;-48px|||&#8221; animation=&#8221;off&#8221; sticky=&#8221;on&#8221;][\/et_pb_image][et_pb_text admin_label=&#8221;Familia de recetas&#8221; _builder_version=&#8221;3.27.4&#8243; text_font=&#8221;PT Sans|on|||&#8221; text_text_color=&#8221;#bcbcbc&#8221; text_letter_spacing=&#8221;2px&#8221; background_size=&#8221;initial&#8221; background_position=&#8221;top_left&#8221; background_repeat=&#8221;repeat&#8221; text_orientation=&#8221;center&#8221; module_alignment=&#8221;center&#8221; custom_margin=&#8221;||0px|&#8221; custom_padding=&#8221;||0px|&#8221; inline_fonts=&#8221;Montserrat&#8221;]<\/p>\n<p class=\"\" style=\"text-align: center;\"><span style=\"font-family: Montserrat; font-weight: normal; font-size: large;\">\u00a0<\/span><\/p>\n<p>[\/et_pb_text][et_pb_text admin_label=&#8221;T\u00edtulo&#8221; _builder_version=&#8221;3.27.4&#8243; text_font=&#8221;PT Sans||||&#8221; text_text_color=&#8221;#1d1d1d&#8221; text_font_size=&#8221;72&#8243; text_line_height=&#8221;1.1em&#8221; background_size=&#8221;initial&#8221; background_position=&#8221;top_left&#8221; background_repeat=&#8221;repeat&#8221; text_orientation=&#8221;center&#8221; max_width=&#8221;660px&#8221; module_alignment=&#8221;center&#8221; custom_margin=&#8221;18px||80px|&#8221; text_font_size_tablet=&#8221;52&#8243; text_font_size_phone=&#8221;&#8221; text_font_size_last_edited=&#8221;on|desktop&#8221; border_style=&#8221;solid&#8221;]<\/p>\n<h1 class=\"entry-title\"><span style=\"color: #000000;\"><strong>Bomb\u00f3 de foie amb Calvados<\/strong><\/span><\/h1>\n<p>[\/et_pb_text][\/et_pb_column][\/et_pb_row][et_pb_row admin_label=&#8221;Fila&#8221; _builder_version=&#8221;3.25&#8243; background_size=&#8221;initial&#8221; background_position=&#8221;top_left&#8221; background_repeat=&#8221;repeat&#8221; custom_padding=&#8221;0px|0px|0px|0px&#8221; column_structure=&#8221;1_4,3_4&#8243;][et_pb_column type=&#8221;1_4&#8243; _builder_version=&#8221;3.25&#8243; background_position=&#8221;top_left&#8221; custom_padding=&#8221;|||&#8221; custom_padding__hover=&#8221;|||&#8221;][et_pb_text admin_label=&#8221;Autor receta&#8221; _builder_version=&#8221;4.9.4&#8243; hover_enabled=&#8221;0&#8243; border_style=&#8221;solid&#8221; sticky_enabled=&#8221;0&#8243;]<\/p>\n<p><span style=\"color: #000000;\"><strong>Autor:<\/strong> ALUMNES DEL SEGON CICLE FORMATIU DE CUINA DE L&#8217;INS CAVALL BERNAT DE TERRASSA.\u00a0<\/span><\/p>\n<p><span style=\"color: #000000;\"><strong>Tipus de plat:<\/strong>\u00a0APERITIU<\/span><\/p>\n<p><span style=\"color: #000000;\"><strong>Tipus de cuina:<\/strong>\u00a0CONSUM AMB MODERACI\u00d3<\/span><\/p>\n<p><span style=\"color: #000000;\"><strong>Temps de preparaci\u00f3: \u00a0<\/strong>20 minuts (elaboraci\u00f3) + 3 hores (rep\u00f2s).<\/span><\/p>\n<p><span style=\"color: #000000;\"><strong>Dificultat:<\/strong>\u00a0F\u00c0CIL<\/span><\/p>\n<p>[\/et_pb_text][\/et_pb_column][et_pb_column type=&#8221;3_4&#8243; _builder_version=&#8221;3.25&#8243; background_position=&#8221;top_left&#8221; custom_padding=&#8221;|||&#8221; custom_padding__hover=&#8221;|||&#8221;][et_pb_image src=&#8221;https:\/\/disteco.com\/wp-content\/uploads\/2017\/08\/bombon-de-foie-con-calvados-ies-cavall-bernat.png&#8221; show_bottom_space=&#8221;off&#8221; align_tablet=&#8221;center&#8221; align_last_edited=&#8221;on|desktop&#8221; admin_label=&#8221;Image&#8221; _builder_version=&#8221;3.23&#8243; animation_style=&#8221;fade&#8221; animation_duration=&#8221;500ms&#8221; animation=&#8221;fade_in&#8221; sticky=&#8221;on&#8221;][\/et_pb_image][et_pb_text admin_label=&#8221;T\u00edtulo imagen&#8221; _builder_version=&#8221;3.27.4&#8243; text_font=&#8221;PT Serif||on||&#8221; text_text_color=&#8221;#363636&#8243; text_font_size=&#8221;12&#8243; background_size=&#8221;initial&#8221; background_position=&#8221;top_left&#8221; background_repeat=&#8221;repeat&#8221; max_width=&#8221;400px&#8221; custom_margin=&#8221;6px|||&#8221; border_style=&#8221;solid&#8221; inline_fonts=&#8221;Comfortaa&#8221;]<span style=\"color: #e02b20; font-family: Comfortaa;\">Bomb\u00f3 de foie amb Calvados<\/span><br \/>\n[\/et_pb_text][et_pb_divider color=&#8221;#aeaeac&#8221; admin_label=&#8221;Separador&#8221; _builder_version=&#8221;3.2&#8243; custom_css_main_element=&#8221;width:130px;&#8221; hide_on_mobile=&#8221;off&#8221;][\/et_pb_divider][\/et_pb_column][\/et_pb_row][\/et_pb_section][et_pb_section fb_built=&#8221;1&#8243; admin_label=&#8221;Section&#8221; _builder_version=&#8221;3.22&#8243; background_color=&#8221;#f7f7f4&#8243; custom_padding=&#8221;0px|||&#8221; custom_padding_tablet=&#8221;0px|||&#8221; padding_mobile=&#8221;on&#8221;][et_pb_row admin_label=&#8221;Fila&#8221; _builder_version=&#8221;3.25&#8243; background_size=&#8221;initial&#8221; background_position=&#8221;top_left&#8221; background_repeat=&#8221;repeat&#8221; custom_padding=&#8221;0px|0px|55px|0px&#8221;][et_pb_column type=&#8221;4_4&#8243; _builder_version=&#8221;3.25&#8243; background_position=&#8221;top_left&#8221; custom_padding=&#8221;|||&#8221; custom_padding__hover=&#8221;|||&#8221;][et_pb_text admin_label=&#8221;Ingredientes&#8221; _builder_version=&#8221;3.27.4&#8243; text_text_color=&#8221;#363636&#8243; text_line_height=&#8221;1.5em&#8221; background_size=&#8221;initial&#8221; background_position=&#8221;top_left&#8221; background_repeat=&#8221;repeat&#8221; max_width=&#8221;800px&#8221; custom_margin=&#8221;30px||0px|&#8221; text_font_size_tablet=&#8221;&#8221; text_font_size_phone=&#8221;&#8221; text_font_size_last_edited=&#8221;on|desktop&#8221; inline_fonts=&#8221;Comfortaa&#8221;]<\/p>\n<div class=\"ERSIngredients\"><\/div>\n<h2><strong>Ingredientes<\/strong><\/h2>\n<p>Para preparar bomb\u00f3n de foie con calvados se necesitan los siguientes ingredientes:<\/p>\n<p>&nbsp;<\/p>\n<ul>\n<li>Foie Mi Cuit del Empord\u00e0, 400 gramos.<\/li>\n<li>\u201cPralin\u00e9\u201d\/Turr\u00f3n de Jijona, 300 gramos.<\/li>\n<li>Nata, 100 gramos.<\/li>\n<li>Mantequilla, 50 gramos.<\/li>\n<li>Calvados, 50 gramos.<\/li>\n<li>Chocolate negro, 500 gramos.<\/li>\n<\/ul>\n<p>[\/et_pb_text][et_pb_text admin_label=&#8221;Receta&#8221; _builder_version=&#8221;3.27.4&#8243; text_text_color=&#8221;#363636&#8243; text_line_height=&#8221;1.5em&#8221; background_size=&#8221;initial&#8221; background_position=&#8221;top_left&#8221; background_repeat=&#8221;repeat&#8221; max_width=&#8221;1400px&#8221; custom_margin=&#8221;30px||0px|&#8221; text_font_size_tablet=&#8221;&#8221; text_font_size_phone=&#8221;&#8221; text_font_size_last_edited=&#8221;on|desktop&#8221; border_style=&#8221;solid&#8221; inline_fonts=&#8221;Comfortaa&#8221;]<\/p>\n<div class=\"ERSIngredients\">\n<h1><strong>Recepta de bomb\u00f3 de foie amb calvados<\/strong><\/h1>\n<\/div>\n<h2><strong>Elaboraci\u00f3\u00a0<\/strong><\/h2>\n<p>Treballar en fred el foie amb la nata, la mantega &#8220;pomada&#8221; i afegir el calvados.<\/p>\n<p>Un cop tinguem la barreja homogene\u00eftzada, deixarem refredar i un cop fred emulsionaremos.<\/p>\n<p>Omplirem els motlles de mitja esfera i els congelarem.<\/p>\n<p>Al cap d&#8217;unes hores traurem les mitges esferes de foie i les cobrirem amb xocolata.<\/p>\n<h2><strong>Per emplatar<\/strong><\/h2>\n<ul>\n<li>Podem decorar-los amb unes fulles de menta.<\/li>\n<\/ul>\n<p>&nbsp;<\/p>\n<p>&nbsp;<\/p>\n<h3><strong>Acc\u00e9s al v\u00eddeo de la recepta:<\/strong><\/h3>\n<p>[\/et_pb_text][et_pb_video src=&#8221;https:\/\/www.youtube.com\/watch?v=B_CIyHEhIjg&#038;feature=youtu.be&#8221; image_src=&#8221;https:\/\/disteco.com\/wp-content\/uploads\/2017\/08\/bombon-de-foie-con-calvados-ies-cavall-bernat.png&#8221; admin_label=&#8221;V\u00eddeo&#8221; _builder_version=&#8221;3.0.51&#8243;][\/et_pb_video][\/et_pb_column][\/et_pb_row][\/et_pb_section][et_pb_section fb_built=&#8221;1&#8243; admin_label=&#8221;Section&#8221; _builder_version=&#8221;3.22&#8243; background_color=&#8221;rgba(255,255,255,0)&#8221; custom_padding=&#8221;0px|||&#8221; custom_padding_tablet=&#8221;0px|||&#8221; transparent_background=&#8221;on&#8221; padding_mobile=&#8221;on&#8221;][et_pb_row admin_label=&#8221;Fila&#8221; _builder_version=&#8221;3.25&#8243; background_size=&#8221;initial&#8221; background_position=&#8221;top_left&#8221; background_repeat=&#8221;repeat&#8221; custom_padding=&#8221;0px|0px|55px|0px&#8221;][et_pb_column type=&#8221;4_4&#8243; _builder_version=&#8221;3.25&#8243; background_position=&#8221;top_left&#8221; custom_padding=&#8221;|||&#8221; custom_padding__hover=&#8221;|||&#8221;][et_pb_text admin_label=&#8221;Comentaris IES Cavall Bernat&#8221; _builder_version=&#8221;4.9.4&#8243; text_text_color=&#8221;#363636&#8243; text_line_height=&#8221;1.5em&#8221; background_size=&#8221;initial&#8221; background_position=&#8221;top_left&#8221; background_repeat=&#8221;repeat&#8221; text_orientation=&#8221;justified&#8221; max_width=&#8221;1400px&#8221; custom_margin=&#8221;30px||0px|&#8221; hover_enabled=&#8221;0&#8243; text_font_size_tablet=&#8221;&#8221; text_font_size_phone=&#8221;&#8221; text_font_size_last_edited=&#8221;on|desktop&#8221; border_style=&#8221;solid&#8221; inline_fonts=&#8221;Comfortaa&#8221; sticky_enabled=&#8221;0&#8243;]<\/p>\n<h2><\/h2>\n<h2><\/h2>\n<div class=\"ERSNotesDiv\">\n<hr \/>\n<h3 style=\"text-align: center;\"><strong>Especial agra\u00efment a tots els alumnes de Segon de cicle formatiu de cuina de l&#8217;INS Cavall Bernat <\/strong><strong>per la creaci\u00f3 de la recepta.<\/strong><\/h3>\n<hr \/>\n<p style=\"text-align: center;\"><strong>Aquesta recepta \u00e9s resultat de la col\u00b7laboraci\u00f3 de l&#8217;\u00a0ESCOLA D&#8217;HOSTALERIA MOSS\u00c8N HOMS\u00a0amb\u00a0<a href=\"https:\/\/disteco.com\/ca\/\" target=\"_blank\" rel=\"noopener noreferrer\">GRUP ALIMENTARI DISTECO<\/a> amb el suport de<\/strong><strong>\u00a0<a href=\"https:\/\/baraka-technology.es\/\" target=\"_blank\" rel=\"noopener noreferrer\">BARAKA TECHNOLOGY<\/a><\/strong><\/p>\n<h4 style=\"text-align: center;\"><strong>en el\u00a0<\/strong><strong>&#8220;PROJECTE PER FOMENTAR JOVES CUINERS&#8221;,<\/strong><\/h4>\n<p>&nbsp;<\/p>\n<h4 style=\"text-align: center;\">els principis s\u00f3n<strong> la innovaci\u00f3, la qualitat del producte <\/strong>i<strong> la professionalitat.\u00a0<\/strong><\/h4>\n<\/div>\n<p>[\/et_pb_text][\/et_pb_column][\/et_pb_row][\/et_pb_section]<\/p>\n","protected":false},"excerpt":{"rendered":"<p>\u00a0 Bomb\u00f3 de foie amb Calvados Autor: ALUMNES DEL SEGON CICLE FORMATIU DE CUINA DE L&#8217;INS CAVALL BERNAT DE TERRASSA.\u00a0 Tipus de plat:\u00a0APERITIU Tipus de cuina:\u00a0CONSUM AMB MODERACI\u00d3 Temps de preparaci\u00f3: \u00a020 minuts (elaboraci\u00f3) + 3 hores (rep\u00f2s). Dificultat:\u00a0F\u00c0CILBomb\u00f3 de foie amb Calvados Ingredientes Para preparar bomb\u00f3n de foie con calvados se necesitan los siguientes [&hellip;]<\/p>\n","protected":false},"author":1,"featured_media":205728,"parent":0,"menu_order":0,"comment_status":"closed","ping_status":"closed","template":"","meta":{"_et_pb_use_builder":"on","_et_pb_old_content":"","_et_gb_content_width":"","footnotes":""},"class_list":["post-206276","page","type-page","status-publish","has-post-thumbnail","hentry"],"yoast_head":"<!-- This site is optimized with the Yoast SEO plugin v26.9 - https:\/\/yoast.com\/product\/yoast-seo-wordpress\/ -->\n<title>Bomb\u00f3 de foie amb Calvados. Col\u00b7laboraci\u00f3 IES CAVALL BERNAT-GAD.<\/title>\n<meta name=\"description\" content=\"Bomb\u00f3 de foie amb calvados. Autor de la recepta: ALUMNES DEL SEGON CICLE FORMATIU DE CUINA DE L&#039;INS CAVALL BERNAT DE TERRASSA.\" \/>\n<meta name=\"robots\" content=\"index, follow, max-snippet:-1, max-image-preview:large, max-video-preview:-1\" \/>\n<link rel=\"canonical\" href=\"https:\/\/disteco.com\/ca\/bombo-de-foie-amb-calvados\/\" \/>\n<meta property=\"og:locale\" content=\"ca_ES\" \/>\n<meta property=\"og:type\" content=\"article\" \/>\n<meta property=\"og:title\" content=\"Bomb\u00f3 de foie amb Calvados. Col\u00b7laboraci\u00f3 IES CAVALL BERNAT-GAD.\" \/>\n<meta property=\"og:description\" content=\"Bomb\u00f3 de foie amb calvados. Autor de la recepta: ALUMNES DEL SEGON CICLE FORMATIU DE CUINA DE L&#039;INS CAVALL BERNAT DE TERRASSA.\" \/>\n<meta property=\"og:url\" content=\"https:\/\/disteco.com\/ca\/bombo-de-foie-amb-calvados\/\" \/>\n<meta property=\"og:site_name\" content=\"GRUP ALIMENTARI DISTECO\" \/>\n<meta property=\"article:publisher\" content=\"https:\/\/www.facebook.com\/grupalimentaridisteco\/\" \/>\n<meta property=\"article:modified_time\" content=\"2022-11-25T11:58:46+00:00\" \/>\n<meta property=\"og:image\" content=\"https:\/\/disteco.com\/wp-content\/uploads\/2017\/08\/bombon-de-foie-con-calvados-ies-cavall-bernat.png\" \/>\n\t<meta property=\"og:image:width\" content=\"1024\" \/>\n\t<meta property=\"og:image:height\" content=\"683\" \/>\n\t<meta property=\"og:image:type\" content=\"image\/png\" \/>\n<meta name=\"twitter:card\" content=\"summary_large_image\" \/>\n<meta name=\"twitter:site\" content=\"@DistecoGrup\" \/>\n<meta name=\"twitter:label1\" content=\"Temps estimat de lectura\" \/>\n\t<meta name=\"twitter:data1\" content=\"6 minut\" \/>\n<script type=\"application\/ld+json\" class=\"yoast-schema-graph\">{\"@context\":\"https:\/\/schema.org\",\"@graph\":[{\"@type\":\"WebPage\",\"@id\":\"https:\/\/disteco.com\/ca\/bombo-de-foie-amb-calvados\/\",\"url\":\"https:\/\/disteco.com\/ca\/bombo-de-foie-amb-calvados\/\",\"name\":\"Bomb\u00f3 de foie amb Calvados. Col\u00b7laboraci\u00f3 IES CAVALL BERNAT-GAD.\",\"isPartOf\":{\"@id\":\"https:\/\/disteco.com\/ca\/#website\"},\"primaryImageOfPage\":{\"@id\":\"https:\/\/disteco.com\/ca\/bombo-de-foie-amb-calvados\/#primaryimage\"},\"image\":{\"@id\":\"https:\/\/disteco.com\/ca\/bombo-de-foie-amb-calvados\/#primaryimage\"},\"thumbnailUrl\":\"https:\/\/disteco.com\/wp-content\/uploads\/2017\/08\/bombon-de-foie-con-calvados-ies-cavall-bernat.png\",\"datePublished\":\"2017-08-24T05:28:18+00:00\",\"dateModified\":\"2022-11-25T11:58:46+00:00\",\"description\":\"Bomb\u00f3 de foie amb calvados. Autor de la recepta: ALUMNES DEL SEGON CICLE FORMATIU DE CUINA DE L'INS CAVALL BERNAT DE TERRASSA.\",\"breadcrumb\":{\"@id\":\"https:\/\/disteco.com\/ca\/bombo-de-foie-amb-calvados\/#breadcrumb\"},\"inLanguage\":\"ca\",\"potentialAction\":[{\"@type\":\"ReadAction\",\"target\":[\"https:\/\/disteco.com\/ca\/bombo-de-foie-amb-calvados\/\"]}]},{\"@type\":\"ImageObject\",\"inLanguage\":\"ca\",\"@id\":\"https:\/\/disteco.com\/ca\/bombo-de-foie-amb-calvados\/#primaryimage\",\"url\":\"https:\/\/disteco.com\/wp-content\/uploads\/2017\/08\/bombon-de-foie-con-calvados-ies-cavall-bernat.png\",\"contentUrl\":\"https:\/\/disteco.com\/wp-content\/uploads\/2017\/08\/bombon-de-foie-con-calvados-ies-cavall-bernat.png\",\"width\":1024,\"height\":683},{\"@type\":\"BreadcrumbList\",\"@id\":\"https:\/\/disteco.com\/ca\/bombo-de-foie-amb-calvados\/#breadcrumb\",\"itemListElement\":[{\"@type\":\"ListItem\",\"position\":1,\"name\":\"Portada\",\"item\":\"https:\/\/disteco.com\/ca\/\"},{\"@type\":\"ListItem\",\"position\":2,\"name\":\"Bomb\u00f3 de foie amb Calvados\"}]},{\"@type\":\"WebSite\",\"@id\":\"https:\/\/disteco.com\/ca\/#website\",\"url\":\"https:\/\/disteco.com\/ca\/\",\"name\":\"GRUP ALIMENTARI DISTECO\",\"description\":\"Distribuci\u00f3 aliment\u00e0ria de productes d'alta qualitat\",\"publisher\":{\"@id\":\"https:\/\/disteco.com\/ca\/#organization\"},\"potentialAction\":[{\"@type\":\"SearchAction\",\"target\":{\"@type\":\"EntryPoint\",\"urlTemplate\":\"https:\/\/disteco.com\/ca\/?s={search_term_string}\"},\"query-input\":{\"@type\":\"PropertyValueSpecification\",\"valueRequired\":true,\"valueName\":\"search_term_string\"}}],\"inLanguage\":\"ca\"},{\"@type\":\"Organization\",\"@id\":\"https:\/\/disteco.com\/ca\/#organization\",\"name\":\"GRUP ALIMENTARI DISTECO\",\"url\":\"https:\/\/disteco.com\/ca\/\",\"logo\":{\"@type\":\"ImageObject\",\"inLanguage\":\"ca\",\"@id\":\"https:\/\/disteco.com\/ca\/#\/schema\/logo\/image\/\",\"url\":\"https:\/\/disteco.com\/wp-content\/uploads\/2017\/03\/logo-grup-alimentari-disteco.png\",\"contentUrl\":\"https:\/\/disteco.com\/wp-content\/uploads\/2017\/03\/logo-grup-alimentari-disteco.png\",\"width\":600,\"height\":61,\"caption\":\"GRUP ALIMENTARI DISTECO\"},\"image\":{\"@id\":\"https:\/\/disteco.com\/ca\/#\/schema\/logo\/image\/\"},\"sameAs\":[\"https:\/\/www.facebook.com\/grupalimentaridisteco\/\",\"https:\/\/x.com\/DistecoGrup\",\"https:\/\/www.instagram.com\/gadisteco\/\",\"https:\/\/www.linkedin.com\/company\/grup-alimentari-disteco\/\",\"https:\/\/www.youtube.com\/@grupalimentaridisteco572\"]}]}<\/script>\n<!-- \/ Yoast SEO plugin. -->","yoast_head_json":{"title":"Bomb\u00f3 de foie amb Calvados. Col\u00b7laboraci\u00f3 IES CAVALL BERNAT-GAD.","description":"Bomb\u00f3 de foie amb calvados. Autor de la recepta: ALUMNES DEL SEGON CICLE FORMATIU DE CUINA DE L'INS CAVALL BERNAT DE TERRASSA.","robots":{"index":"index","follow":"follow","max-snippet":"max-snippet:-1","max-image-preview":"max-image-preview:large","max-video-preview":"max-video-preview:-1"},"canonical":"https:\/\/disteco.com\/ca\/bombo-de-foie-amb-calvados\/","og_locale":"ca_ES","og_type":"article","og_title":"Bomb\u00f3 de foie amb Calvados. Col\u00b7laboraci\u00f3 IES CAVALL BERNAT-GAD.","og_description":"Bomb\u00f3 de foie amb calvados. Autor de la recepta: ALUMNES DEL SEGON CICLE FORMATIU DE CUINA DE L'INS CAVALL BERNAT DE TERRASSA.","og_url":"https:\/\/disteco.com\/ca\/bombo-de-foie-amb-calvados\/","og_site_name":"GRUP ALIMENTARI DISTECO","article_publisher":"https:\/\/www.facebook.com\/grupalimentaridisteco\/","article_modified_time":"2022-11-25T11:58:46+00:00","og_image":[{"width":1024,"height":683,"url":"https:\/\/disteco.com\/wp-content\/uploads\/2017\/08\/bombon-de-foie-con-calvados-ies-cavall-bernat.png","type":"image\/png"}],"twitter_card":"summary_large_image","twitter_site":"@DistecoGrup","twitter_misc":{"Temps estimat de lectura":"6 minut"},"schema":{"@context":"https:\/\/schema.org","@graph":[{"@type":"WebPage","@id":"https:\/\/disteco.com\/ca\/bombo-de-foie-amb-calvados\/","url":"https:\/\/disteco.com\/ca\/bombo-de-foie-amb-calvados\/","name":"Bomb\u00f3 de foie amb Calvados. Col\u00b7laboraci\u00f3 IES CAVALL BERNAT-GAD.","isPartOf":{"@id":"https:\/\/disteco.com\/ca\/#website"},"primaryImageOfPage":{"@id":"https:\/\/disteco.com\/ca\/bombo-de-foie-amb-calvados\/#primaryimage"},"image":{"@id":"https:\/\/disteco.com\/ca\/bombo-de-foie-amb-calvados\/#primaryimage"},"thumbnailUrl":"https:\/\/disteco.com\/wp-content\/uploads\/2017\/08\/bombon-de-foie-con-calvados-ies-cavall-bernat.png","datePublished":"2017-08-24T05:28:18+00:00","dateModified":"2022-11-25T11:58:46+00:00","description":"Bomb\u00f3 de foie amb calvados. Autor de la recepta: ALUMNES DEL SEGON CICLE FORMATIU DE CUINA DE L'INS CAVALL BERNAT DE TERRASSA.","breadcrumb":{"@id":"https:\/\/disteco.com\/ca\/bombo-de-foie-amb-calvados\/#breadcrumb"},"inLanguage":"ca","potentialAction":[{"@type":"ReadAction","target":["https:\/\/disteco.com\/ca\/bombo-de-foie-amb-calvados\/"]}]},{"@type":"ImageObject","inLanguage":"ca","@id":"https:\/\/disteco.com\/ca\/bombo-de-foie-amb-calvados\/#primaryimage","url":"https:\/\/disteco.com\/wp-content\/uploads\/2017\/08\/bombon-de-foie-con-calvados-ies-cavall-bernat.png","contentUrl":"https:\/\/disteco.com\/wp-content\/uploads\/2017\/08\/bombon-de-foie-con-calvados-ies-cavall-bernat.png","width":1024,"height":683},{"@type":"BreadcrumbList","@id":"https:\/\/disteco.com\/ca\/bombo-de-foie-amb-calvados\/#breadcrumb","itemListElement":[{"@type":"ListItem","position":1,"name":"Portada","item":"https:\/\/disteco.com\/ca\/"},{"@type":"ListItem","position":2,"name":"Bomb\u00f3 de foie amb Calvados"}]},{"@type":"WebSite","@id":"https:\/\/disteco.com\/ca\/#website","url":"https:\/\/disteco.com\/ca\/","name":"GRUP ALIMENTARI DISTECO","description":"Distribuci\u00f3 aliment\u00e0ria de productes d'alta qualitat","publisher":{"@id":"https:\/\/disteco.com\/ca\/#organization"},"potentialAction":[{"@type":"SearchAction","target":{"@type":"EntryPoint","urlTemplate":"https:\/\/disteco.com\/ca\/?s={search_term_string}"},"query-input":{"@type":"PropertyValueSpecification","valueRequired":true,"valueName":"search_term_string"}}],"inLanguage":"ca"},{"@type":"Organization","@id":"https:\/\/disteco.com\/ca\/#organization","name":"GRUP ALIMENTARI DISTECO","url":"https:\/\/disteco.com\/ca\/","logo":{"@type":"ImageObject","inLanguage":"ca","@id":"https:\/\/disteco.com\/ca\/#\/schema\/logo\/image\/","url":"https:\/\/disteco.com\/wp-content\/uploads\/2017\/03\/logo-grup-alimentari-disteco.png","contentUrl":"https:\/\/disteco.com\/wp-content\/uploads\/2017\/03\/logo-grup-alimentari-disteco.png","width":600,"height":61,"caption":"GRUP ALIMENTARI DISTECO"},"image":{"@id":"https:\/\/disteco.com\/ca\/#\/schema\/logo\/image\/"},"sameAs":["https:\/\/www.facebook.com\/grupalimentaridisteco\/","https:\/\/x.com\/DistecoGrup","https:\/\/www.instagram.com\/gadisteco\/","https:\/\/www.linkedin.com\/company\/grup-alimentari-disteco\/","https:\/\/www.youtube.com\/@grupalimentaridisteco572"]}]}},"_links":{"self":[{"href":"https:\/\/disteco.com\/ca\/wp-json\/wp\/v2\/pages\/206276","targetHints":{"allow":["GET"]}}],"collection":[{"href":"https:\/\/disteco.com\/ca\/wp-json\/wp\/v2\/pages"}],"about":[{"href":"https:\/\/disteco.com\/ca\/wp-json\/wp\/v2\/types\/page"}],"author":[{"embeddable":true,"href":"https:\/\/disteco.com\/ca\/wp-json\/wp\/v2\/users\/1"}],"replies":[{"embeddable":true,"href":"https:\/\/disteco.com\/ca\/wp-json\/wp\/v2\/comments?post=206276"}],"version-history":[{"count":7,"href":"https:\/\/disteco.com\/ca\/wp-json\/wp\/v2\/pages\/206276\/revisions"}],"predecessor-version":[{"id":250603,"href":"https:\/\/disteco.com\/ca\/wp-json\/wp\/v2\/pages\/206276\/revisions\/250603"}],"wp:featuredmedia":[{"embeddable":true,"href":"https:\/\/disteco.com\/ca\/wp-json\/wp\/v2\/media\/205728"}],"wp:attachment":[{"href":"https:\/\/disteco.com\/ca\/wp-json\/wp\/v2\/media?parent=206276"}],"curies":[{"name":"wp","href":"https:\/\/api.w.org\/{rel}","templated":true}]}}