{"id":206269,"date":"2017-08-24T04:38:55","date_gmt":"2017-08-24T04:38:55","guid":{"rendered":"http:\/\/disteco.com\/foie-micuit-de-lemporda-al-oporto\/"},"modified":"2017-09-10T07:07:48","modified_gmt":"2017-09-10T07:07:48","slug":"foie-micuit-de-lemporda-al-porto","status":"publish","type":"page","link":"https:\/\/disteco.com\/ca\/foie-micuit-de-lemporda-al-porto\/","title":{"rendered":"Foie Micuit de l&#8217;Empord\u00e0 al Porto"},"content":{"rendered":"<p>[et_pb_section bb_built=&#8221;1&#8243; admin_label=&#8221;section&#8221; background_color=&#8221;rgba(255,255,255,0.02)&#8221; custom_padding=&#8221;||0px|&#8221; padding_mobile=&#8221;on&#8221; _builder_version=&#8221;3.0.51&#8243; background_image=&#8221;http:\/\/disteco.com\/wp-content\/uploads\/2017\/08\/foie-micuit-de-lemporda-al-oporto.png&#8221; parallax=&#8221;on&#8221; parallax_method=&#8221;off&#8221;][et_pb_row admin_label=&#8221;row&#8221; custom_padding=&#8221;||0px|&#8221; padding_mobile=&#8221;on&#8221; column_padding_mobile=&#8221;on&#8221; parallax_method_1=&#8221;off&#8221; _builder_version=&#8221;3.0.51&#8243; background_size=&#8221;initial&#8221; background_position=&#8221;top_left&#8221; background_repeat=&#8221;repeat&#8221;][et_pb_column type=&#8221;4_4&#8243;][et_pb_divider admin_label=&#8221;Divider&#8221; height=&#8221;110&#8243; _builder_version=&#8221;3.0.51&#8243; \/][\/et_pb_column][\/et_pb_row][\/et_pb_section][et_pb_section bb_built=&#8221;1&#8243; admin_label=&#8221;Section&#8221; background_color=&#8221;#f7f7f4&#8243; custom_padding=&#8221;0px||0px|&#8221; _builder_version=&#8221;3.0.51&#8243;][et_pb_row admin_label=&#8221;row&#8221; use_custom_width=&#8221;on&#8221; custom_width_px=&#8221;620px&#8221; custom_padding=&#8221;0px||0px|&#8221; column_padding_mobile=&#8221;on&#8221; parallax_method_1=&#8221;off&#8221; parallax_method_2=&#8221;off&#8221; _builder_version=&#8221;3.0.51&#8243; background_size=&#8221;initial&#8221; background_position=&#8221;top_left&#8221; background_repeat=&#8221;repeat&#8221;][et_pb_column type=&#8221;4_4&#8243;][et_pb_image admin_label=&#8221;logo GAD&#8221; src=&#8221;http:\/\/disteco.com\/wp-content\/uploads\/2017\/03\/gad-grup-alimentari-disteco.png&#8221; animation=&#8221;off&#8221; sticky=&#8221;on&#8221; align=&#8221;center&#8221; _builder_version=&#8221;3.0.51&#8243; custom_margin=&#8221;-48px|||&#8221; \/][et_pb_text admin_label=&#8221;Familia de recetas&#8221; text_orientation=&#8221;center&#8221; _builder_version=&#8221;3.0.51&#8243; text_font=&#8221;PT Sans|on|||&#8221; text_text_color=&#8221;#bcbcbc&#8221; text_letter_spacing=&#8221;2px&#8221; background_size=&#8221;initial&#8221; background_position=&#8221;top_left&#8221; background_repeat=&#8221;repeat&#8221; custom_margin=&#8221;||0px|&#8221; custom_padding=&#8221;||0px|&#8221; inline_fonts=&#8221;Montserrat&#8221;]<\/p>\n<p class=\"\" style=\"text-align: center;\"><span style=\"font-family: Montserrat; font-weight: normal; font-size: large;\">\u00a0<\/span><\/p>\n<p>[\/et_pb_text][et_pb_text admin_label=&#8221;T\u00edtulo&#8221; text_orientation=&#8221;center&#8221; max_width=&#8221;660px&#8221; _builder_version=&#8221;3.0.51&#8243; text_font=&#8221;PT Sans||||&#8221; text_font_size=&#8221;72&#8243; text_font_size_tablet=&#8221;52&#8243; text_font_size_last_edited=&#8221;on|desktop&#8221; text_text_color=&#8221;#1d1d1d&#8221; text_line_height=&#8221;1.1em&#8221; background_size=&#8221;initial&#8221; background_position=&#8221;top_left&#8221; background_repeat=&#8221;repeat&#8221; custom_margin=&#8221;18px||80px|&#8221; background_layout=&#8221;light&#8221; border_style=&#8221;solid&#8221;]<\/p>\n<h1 class=\"entry-title\"><span style=\"color: #000000;\"><strong>Foie Micuit de l&#8217;Empord\u00e0 al Porto<\/strong><\/span><\/h1>\n<p>[\/et_pb_text][\/et_pb_column][\/et_pb_row][et_pb_row admin_label=&#8221;Fila&#8221; custom_padding=&#8221;0px|0px|0px|0px&#8221; background_position_1=&#8221;top_left&#8221; background_position_2=&#8221;top_left&#8221; background_repeat_1=&#8221;no-repeat&#8221; background_repeat_2=&#8221;no-repeat&#8221; _builder_version=&#8221;3.0.51&#8243; background_size=&#8221;initial&#8221; background_position=&#8221;top_left&#8221; background_repeat=&#8221;repeat&#8221;][et_pb_column type=&#8221;1_4&#8243;][et_pb_text admin_label=&#8221;Autor receta&#8221; _builder_version=&#8221;3.0.51&#8243; background_layout=&#8221;light&#8221; text_orientation=&#8221;left&#8221; border_style=&#8221;solid&#8221;]<\/p>\n<p><span style=\"color: #000000;\"><strong>Autor:<\/strong> Disteco<\/span><\/p>\n<p><span style=\"color: #000000;\"><strong>Tipus de plat:<\/strong> semiconserva<\/span><\/p>\n<p><span style=\"color: #000000;\"><strong>Tipus de cuina:<\/strong> CONSUM MODERAT<\/span><\/p>\n<p><span style=\"color: #000000;\"><strong>Temps de preparaci\u00f3:<\/strong> 60 minuts (total preparaci\u00f3) +8 hores (maceraci\u00f3) +24 hores (rep\u00f2s).<\/span><\/p>\n<p><span style=\"color: #000000;\"><strong>Dificultat:<\/strong> MEDIA<\/span><\/p>\n<p>[\/et_pb_text][\/et_pb_column][et_pb_column type=&#8221;3_4&#8243;][et_pb_image admin_label=&#8221;Image&#8221; src=&#8221;http:\/\/disteco.com\/wp-content\/uploads\/2017\/08\/foie-micuit-de-lemporda-al-oporto.png&#8221; animation=&#8221;fade_in&#8221; sticky=&#8221;on&#8221; _builder_version=&#8221;3.0.51&#8243; \/][et_pb_text admin_label=&#8221;T\u00edtulo imagen&#8221; max_width=&#8221;400px&#8221; _builder_version=&#8221;3.0.51&#8243; text_font=&#8221;PT Serif||on||&#8221; text_font_size=&#8221;12&#8243; text_text_color=&#8221;#363636&#8243; text_line_height=&#8221;1.2em&#8221; background_size=&#8221;initial&#8221; background_position=&#8221;top_left&#8221; background_repeat=&#8221;repeat&#8221; custom_margin=&#8221;6px|||&#8221; inline_fonts=&#8221;Comfortaa&#8221; background_layout=&#8221;light&#8221; text_orientation=&#8221;left&#8221; border_style=&#8221;solid&#8221;] <span style=\"color: #e02b20; font-family: Comfortaa;\">Foie Micuit de l&#8217;Empord\u00e0 al Porto<\/span> [\/et_pb_text][et_pb_divider admin_label=&#8221;Separador&#8221; color=&#8221;#aeaeac&#8221; show_divider=&#8221;on&#8221; divider_style=&#8221;solid&#8221; divider_position=&#8221;top&#8221; hide_on_mobile=&#8221;off&#8221; _builder_version=&#8221;3.0.51&#8243; custom_css_main_element=&#8221;width:130px;&#8221; \/][\/et_pb_column][\/et_pb_row][\/et_pb_section][et_pb_section bb_built=&#8221;1&#8243; admin_label=&#8221;Section&#8221; transparent_background=&#8221;on&#8221; custom_padding=&#8221;0px|||&#8221; padding_mobile=&#8221;on&#8221; _builder_version=&#8221;3.0.51&#8243;][et_pb_row admin_label=&#8221;Fila&#8221; custom_padding=&#8221;0px|0px|55px|0px&#8221; background_position_1=&#8221;top_left&#8221; background_position_2=&#8221;top_left&#8221; background_repeat_1=&#8221;no-repeat&#8221; background_repeat_2=&#8221;no-repeat&#8221; _builder_version=&#8221;3.0.51&#8243; background_size=&#8221;initial&#8221; background_position=&#8221;top_left&#8221; background_repeat=&#8221;repeat&#8221;][et_pb_column type=&#8221;4_4&#8243;][et_pb_text admin_label=&#8221;Ingredientes&#8221; max_width=&#8221;800px&#8221; _builder_version=&#8221;3.0.51&#8243; text_font_size_last_edited=&#8221;on|desktop&#8221; text_text_color=&#8221;#363636&#8243; text_line_height=&#8221;1.5em&#8221; background_size=&#8221;initial&#8221; background_position=&#8221;top_left&#8221; background_repeat=&#8221;repeat&#8221; custom_margin=&#8221;30px||0px|&#8221; inline_fonts=&#8221;Comfortaa&#8221; background_layout=&#8221;light&#8221; text_orientation=&#8221;left&#8221; border_style=&#8221;solid&#8221;]<\/p>\n<div class=\"ERSIngredients\">\n<h2 class=\"ERSIngredientsHeader ERSHeading\"><strong>Ingredients<\/strong><\/h2>\n<div class=\"ERSIngredientsHeader ERSHeading\">\n<p>Per elaborar foie micuit a casa s\u00f3n necessaris els seg\u00fcents ingredients:<\/p>\n<ul>\n<li>1 fetge cru d&#8217;\u00e0nec.<\/li>\n<li>18 gr. Kg. De sal.<\/li>\n<li>9 Gr. Kg. Culleradeta de sucre.<\/li>\n<li>Uns 2 gr. Kg. Pebre blanc m\u00f2lt.<\/li>\n<li>1 culleradeta de porto o Banyuls (opcional).<\/li>\n<\/ul>\n<\/div>\n<\/div>\n<div class=\"ERSInstructions\"><\/div>\n<p>[\/et_pb_text][et_pb_text admin_label=&#8221;Receta&#8221; max_width=&#8221;1400px&#8221; _builder_version=&#8221;3.0.51&#8243; text_font_size_last_edited=&#8221;on|desktop&#8221; text_text_color=&#8221;#363636&#8243; text_line_height=&#8221;1.5em&#8221; background_size=&#8221;initial&#8221; background_position=&#8221;top_left&#8221; background_repeat=&#8221;repeat&#8221; custom_margin=&#8221;30px||0px|&#8221; inline_fonts=&#8221;Comfortaa&#8221; background_layout=&#8221;light&#8221; text_orientation=&#8221;left&#8221; border_style=&#8221;solid&#8221;]<\/p>\n<h2 class=\"ERSInstructionsHeader ERSHeading\"><strong>Recepta de foie micuit de l&#8217;Empord\u00e0 al Porto<\/strong><\/h2>\n<ul>\n<li>Per comen\u00e7ar la preparaci\u00f3 cal obrir el fetge per la meitat a l&#8217;ample i retirar les venes gruixudes i els nervis.<\/li>\n<li>Un cop net es posa el fetge a sobre de paper film transparent i s&#8217;empolvora amb el sucre, la sal, el pebre i el licor.<\/li>\n<li>Amb el paper film formem un corr\u00f3 allargat que contingui el fetge. \u00c9s important que el foie quedi ben apretat i que es segellin b\u00e9 els extrems amb un nus perqu\u00e8 no s&#8217;escapi la barreja.<\/li>\n<li>Guardem el corr\u00f3 a la nevera unes vuit hores perqu\u00e8 macere.Pasado aquest temps preparem la vaporera. Si no tens vaporera a casa nom\u00e9s cal posar aigua en una olla normal i posar a sobre un tam\u00eds i tapar l&#8217;olla.<\/li>\n<li>Hem de deixar el foie al vapor 15 minuts i tot seguit donar-li la volta i coure-ho uns altres 7 minuts. Vigilant que no exude molt de greix, si \u00e9s aix\u00ed baixar la temperatura i allargar el temps de cocci\u00f3.<\/li>\n<li>Passat aquest temps traiem el foie micuit amb cura i ho introdu\u00efm en un bol que pr\u00e8viament h\u00e0gim preparat i que contingui aigua amb gel per tal de tallar la cocci\u00f3.<\/li>\n<li>Deixem el foie micuit reposar 24 hores a la nevera i ja est\u00e0 llest per degustar.<\/li>\n<\/ul>\n<p>[\/et_pb_text][\/et_pb_column][\/et_pb_row][\/et_pb_section][et_pb_section bb_built=&#8221;1&#8243; admin_label=&#8221;Section&#8221; transparent_background=&#8221;on&#8221; custom_padding=&#8221;0px|||&#8221; padding_mobile=&#8221;on&#8221; _builder_version=&#8221;3.0.51&#8243;][et_pb_row admin_label=&#8221;Fila&#8221; custom_padding=&#8221;0px|0px|55px|0px&#8221; background_position_1=&#8221;top_left&#8221; background_position_2=&#8221;top_left&#8221; background_repeat_1=&#8221;no-repeat&#8221; background_repeat_2=&#8221;no-repeat&#8221; _builder_version=&#8221;3.0.51&#8243; background_size=&#8221;initial&#8221; background_position=&#8221;top_left&#8221; background_repeat=&#8221;repeat&#8221;][et_pb_column type=&#8221;4_4&#8243;][et_pb_text admin_label=&#8221;Valor nutricional &#8221; max_width=&#8221;800px&#8221; _builder_version=&#8221;3.0.51&#8243; text_font_size_last_edited=&#8221;on|desktop&#8221; text_text_color=&#8221;#363636&#8243; text_line_height=&#8221;1.5em&#8221; background_size=&#8221;initial&#8221; background_position=&#8221;top_left&#8221; background_repeat=&#8221;repeat&#8221; custom_margin=&#8221;30px||0px|&#8221; inline_fonts=&#8221;Comfortaa&#8221; background_layout=&#8221;light&#8221; text_orientation=&#8221;left&#8221; border_style=&#8221;solid&#8221;]<\/p>\n<h2><\/h2>\n<h2><strong>Informaci\u00f3 nutricional de 100 gr. de foie micuit de l&#8217;Empord\u00e0<\/strong><\/h2>\n<p>&nbsp;<\/p>\n<p>&nbsp;<\/p>\n<table style=\"width: 540.635px;\">\n<tbody>\n<tr>\n<td style=\"width: 237px;\" colspan=\"2\">Calories<\/td>\n<td style=\"width: 297.635px;\" colspan=\"2\">1933 kj\/462 kcal<\/td>\n<\/tr>\n<tr>\n<td style=\"width: 237px;\" colspan=\"2\">Greix<\/td>\n<td style=\"width: 297.635px;\" colspan=\"2\">43,84 gr.<\/td>\n<\/tr>\n<tr>\n<td style=\"width: 237px;\" colspan=\"2\">Colesterol<\/td>\n<td style=\"width: 297.635px;\" colspan=\"2\">150 mg.<\/td>\n<\/tr>\n<tr>\n<td style=\"width: 237px;\" colspan=\"2\">Carbohidrats<\/td>\n<td style=\"width: 297.635px;\" colspan=\"2\">4,67 gr.<\/td>\n<\/tr>\n<tr>\n<td style=\"width: 237px;\" colspan=\"2\">Fibra<\/td>\n<td style=\"width: 297.635px;\" colspan=\"2\">0 g.<\/td>\n<\/tr>\n<tr>\n<td style=\"width: 237px;\" colspan=\"2\">Sucres<\/td>\n<td style=\"width: 297.635px;\" colspan=\"2\">0 g.<\/td>\n<\/tr>\n<tr>\n<td style=\"width: 237px;\" colspan=\"2\">Proteiness<\/td>\n<td style=\"width: 297.635px;\" colspan=\"2\">11,4 g.<\/td>\n<\/tr>\n<tr>\n<td style=\"width: 224px;\">Sodi<\/td>\n<td style=\"width: 13px;\"><\/td>\n<td style=\"width: 274px;\">\u00a0697 mg.<\/td>\n<td style=\"width: 23.6354px;\"><\/td>\n<\/tr>\n<tr>\n<td style=\"width: 224px;\">Potassi<\/td>\n<td style=\"width: 13px;\"><\/td>\n<td style=\"width: 274px;\">\u00a0138 mg.<\/td>\n<td style=\"width: 23.6354px;\"><\/td>\n<\/tr>\n<\/tbody>\n<\/table>\n<p>[\/et_pb_text][et_pb_text admin_label=&#8221;Comentarios a la receta&#8221; text_orientation=&#8221;justified&#8221; max_width=&#8221;1400px&#8221; _builder_version=&#8221;3.0.51&#8243; text_font_size_last_edited=&#8221;on|desktop&#8221; text_text_color=&#8221;#363636&#8243; text_line_height=&#8221;1.5em&#8221; background_size=&#8221;initial&#8221; background_position=&#8221;top_left&#8221; background_repeat=&#8221;repeat&#8221; custom_margin=&#8221;30px||0px|&#8221; inline_fonts=&#8221;Comfortaa&#8221; background_layout=&#8221;light&#8221; border_style=&#8221;solid&#8221;]<\/p>\n<h2><\/h2>\n<h2><\/h2>\n<h2><\/h2>\n<h2><strong>Difer\u00e8ncies entre el foie i el pat\u00e9<\/strong><\/h2>\n<p>&nbsp;<\/p>\n<p>&nbsp;<\/p>\n<div class=\"ERSNotesDiv\">\n<p>El foie gras \u00e9s un producte alimentari que sovint es confon amb el pat\u00e9, encara que en realitat es tracta de dos productes diferents en l&#8217;elaboraci\u00f3 del qual segueixen diferents processos. Mentre que \u00e9s possible trobar pat\u00e9 elaborat amb el fetge de diferents animals com el porc, el senglar o la perdiu, el foie s&#8217;elabora \u00fanicament amb fetge d&#8217;\u00e0nec o oca. Encara que tamb\u00e9 hi ha pat\u00e9 nom\u00e9s d&#8217;\u00c0nec que \u00e9s el m\u00e9s apreciat.<\/p>\n<p><strong>El foie micuit \u00e9s en realitat un foie en semiconserva que permet que el producte no perdi greix i conservi aix\u00ed tot el seu sabor.<\/strong> El foie micuit pot usar-se com a ingredient en altres receptes (per omplir carns per exemple), per\u00f2 per si sol tamb\u00e9 constitueix un interessant ingredient per elaborar canap\u00e8s.<\/p>\n<\/div>\n<p>[\/et_pb_text][\/et_pb_column][\/et_pb_row][\/et_pb_section]<\/p>\n","protected":false},"excerpt":{"rendered":"<p>\u00a0 Foie Micuit de l&#8217;Empord\u00e0 al Porto Autor: Disteco Tipus de plat: semiconserva Tipus de cuina: CONSUM MODERAT Temps de preparaci\u00f3: 60 minuts (total preparaci\u00f3) +8 hores (maceraci\u00f3) +24 hores (rep\u00f2s). Dificultat: MEDIA Foie Micuit de l&#8217;Empord\u00e0 al Porto Ingredients Per elaborar foie micuit a casa s\u00f3n necessaris els seg\u00fcents ingredients: 1 fetge cru d&#8217;\u00e0nec. [&hellip;]<\/p>\n","protected":false},"author":1,"featured_media":205726,"parent":0,"menu_order":0,"comment_status":"closed","ping_status":"closed","template":"","meta":{"_et_pb_use_builder":"on","_et_pb_old_content":"","_et_gb_content_width":"","footnotes":""},"class_list":["post-206269","page","type-page","status-publish","has-post-thumbnail","hentry"],"yoast_head":"<!-- This site is optimized with the Yoast SEO plugin v26.9 - https:\/\/yoast.com\/product\/yoast-seo-wordpress\/ -->\n<title>Foie Micuit de l&#039;Empord\u00e0 al Porto<\/title>\n<meta name=\"description\" content=\"Recepta de foie micuit de l&#039;Empord\u00e0 al Porto. El foie micuit \u00e9s en realitat un foie en semiconserva que permet que el producte conservi tot el seu sabor.\" \/>\n<meta name=\"robots\" content=\"index, follow, max-snippet:-1, max-image-preview:large, max-video-preview:-1\" \/>\n<link rel=\"canonical\" href=\"https:\/\/disteco.com\/ca\/foie-micuit-de-lemporda-al-porto\/\" \/>\n<meta property=\"og:locale\" content=\"ca_ES\" \/>\n<meta property=\"og:type\" content=\"article\" \/>\n<meta property=\"og:title\" content=\"Foie Micuit de l&#039;Empord\u00e0 al Porto\" \/>\n<meta property=\"og:description\" content=\"Recepta de foie micuit de l&#039;Empord\u00e0 al Porto. El foie micuit \u00e9s en realitat un foie en semiconserva que permet que el producte conservi tot el seu sabor.\" \/>\n<meta property=\"og:url\" content=\"https:\/\/disteco.com\/ca\/foie-micuit-de-lemporda-al-porto\/\" \/>\n<meta property=\"og:site_name\" content=\"GRUP ALIMENTARI DISTECO\" \/>\n<meta property=\"article:publisher\" content=\"https:\/\/www.facebook.com\/grupalimentaridisteco\/\" \/>\n<meta property=\"article:modified_time\" content=\"2017-09-10T07:07:48+00:00\" \/>\n<meta property=\"og:image\" content=\"https:\/\/disteco.com\/wp-content\/uploads\/2017\/08\/foie-micuit-de-lemporda-al-oporto.png\" \/>\n\t<meta property=\"og:image:width\" content=\"1024\" \/>\n\t<meta property=\"og:image:height\" content=\"683\" \/>\n\t<meta property=\"og:image:type\" content=\"image\/png\" \/>\n<meta name=\"twitter:card\" content=\"summary_large_image\" \/>\n<meta name=\"twitter:site\" content=\"@DistecoGrup\" \/>\n<meta name=\"twitter:label1\" content=\"Temps estimat de lectura\" \/>\n\t<meta name=\"twitter:data1\" content=\"7 minut\" \/>\n<script type=\"application\/ld+json\" class=\"yoast-schema-graph\">{\"@context\":\"https:\/\/schema.org\",\"@graph\":[{\"@type\":\"WebPage\",\"@id\":\"https:\/\/disteco.com\/ca\/foie-micuit-de-lemporda-al-porto\/\",\"url\":\"https:\/\/disteco.com\/ca\/foie-micuit-de-lemporda-al-porto\/\",\"name\":\"Foie Micuit de l'Empord\u00e0 al Porto\",\"isPartOf\":{\"@id\":\"https:\/\/disteco.com\/ca\/#website\"},\"primaryImageOfPage\":{\"@id\":\"https:\/\/disteco.com\/ca\/foie-micuit-de-lemporda-al-porto\/#primaryimage\"},\"image\":{\"@id\":\"https:\/\/disteco.com\/ca\/foie-micuit-de-lemporda-al-porto\/#primaryimage\"},\"thumbnailUrl\":\"https:\/\/disteco.com\/wp-content\/uploads\/2017\/08\/foie-micuit-de-lemporda-al-oporto.png\",\"datePublished\":\"2017-08-24T04:38:55+00:00\",\"dateModified\":\"2017-09-10T07:07:48+00:00\",\"description\":\"Recepta de foie micuit de l'Empord\u00e0 al Porto. El foie micuit \u00e9s en realitat un foie en semiconserva que permet que el producte conservi tot el seu sabor.\",\"breadcrumb\":{\"@id\":\"https:\/\/disteco.com\/ca\/foie-micuit-de-lemporda-al-porto\/#breadcrumb\"},\"inLanguage\":\"ca\",\"potentialAction\":[{\"@type\":\"ReadAction\",\"target\":[\"https:\/\/disteco.com\/ca\/foie-micuit-de-lemporda-al-porto\/\"]}]},{\"@type\":\"ImageObject\",\"inLanguage\":\"ca\",\"@id\":\"https:\/\/disteco.com\/ca\/foie-micuit-de-lemporda-al-porto\/#primaryimage\",\"url\":\"https:\/\/disteco.com\/wp-content\/uploads\/2017\/08\/foie-micuit-de-lemporda-al-oporto.png\",\"contentUrl\":\"https:\/\/disteco.com\/wp-content\/uploads\/2017\/08\/foie-micuit-de-lemporda-al-oporto.png\",\"width\":1024,\"height\":683},{\"@type\":\"BreadcrumbList\",\"@id\":\"https:\/\/disteco.com\/ca\/foie-micuit-de-lemporda-al-porto\/#breadcrumb\",\"itemListElement\":[{\"@type\":\"ListItem\",\"position\":1,\"name\":\"Portada\",\"item\":\"https:\/\/disteco.com\/ca\/\"},{\"@type\":\"ListItem\",\"position\":2,\"name\":\"Foie Micuit de l&#8217;Empord\u00e0 al Porto\"}]},{\"@type\":\"WebSite\",\"@id\":\"https:\/\/disteco.com\/ca\/#website\",\"url\":\"https:\/\/disteco.com\/ca\/\",\"name\":\"GRUP ALIMENTARI DISTECO\",\"description\":\"Distribuci\u00f3 aliment\u00e0ria de productes d'alta qualitat\",\"publisher\":{\"@id\":\"https:\/\/disteco.com\/ca\/#organization\"},\"potentialAction\":[{\"@type\":\"SearchAction\",\"target\":{\"@type\":\"EntryPoint\",\"urlTemplate\":\"https:\/\/disteco.com\/ca\/?s={search_term_string}\"},\"query-input\":{\"@type\":\"PropertyValueSpecification\",\"valueRequired\":true,\"valueName\":\"search_term_string\"}}],\"inLanguage\":\"ca\"},{\"@type\":\"Organization\",\"@id\":\"https:\/\/disteco.com\/ca\/#organization\",\"name\":\"GRUP ALIMENTARI DISTECO\",\"url\":\"https:\/\/disteco.com\/ca\/\",\"logo\":{\"@type\":\"ImageObject\",\"inLanguage\":\"ca\",\"@id\":\"https:\/\/disteco.com\/ca\/#\/schema\/logo\/image\/\",\"url\":\"https:\/\/disteco.com\/wp-content\/uploads\/2017\/03\/logo-grup-alimentari-disteco.png\",\"contentUrl\":\"https:\/\/disteco.com\/wp-content\/uploads\/2017\/03\/logo-grup-alimentari-disteco.png\",\"width\":600,\"height\":61,\"caption\":\"GRUP ALIMENTARI DISTECO\"},\"image\":{\"@id\":\"https:\/\/disteco.com\/ca\/#\/schema\/logo\/image\/\"},\"sameAs\":[\"https:\/\/www.facebook.com\/grupalimentaridisteco\/\",\"https:\/\/x.com\/DistecoGrup\",\"https:\/\/www.instagram.com\/gadisteco\/\",\"https:\/\/www.linkedin.com\/company\/grup-alimentari-disteco\/\",\"https:\/\/www.youtube.com\/@grupalimentaridisteco572\"]}]}<\/script>\n<!-- \/ Yoast SEO plugin. -->","yoast_head_json":{"title":"Foie Micuit de l'Empord\u00e0 al Porto","description":"Recepta de foie micuit de l'Empord\u00e0 al Porto. El foie micuit \u00e9s en realitat un foie en semiconserva que permet que el producte conservi tot el seu sabor.","robots":{"index":"index","follow":"follow","max-snippet":"max-snippet:-1","max-image-preview":"max-image-preview:large","max-video-preview":"max-video-preview:-1"},"canonical":"https:\/\/disteco.com\/ca\/foie-micuit-de-lemporda-al-porto\/","og_locale":"ca_ES","og_type":"article","og_title":"Foie Micuit de l'Empord\u00e0 al Porto","og_description":"Recepta de foie micuit de l'Empord\u00e0 al Porto. El foie micuit \u00e9s en realitat un foie en semiconserva que permet que el producte conservi tot el seu sabor.","og_url":"https:\/\/disteco.com\/ca\/foie-micuit-de-lemporda-al-porto\/","og_site_name":"GRUP ALIMENTARI DISTECO","article_publisher":"https:\/\/www.facebook.com\/grupalimentaridisteco\/","article_modified_time":"2017-09-10T07:07:48+00:00","og_image":[{"width":1024,"height":683,"url":"https:\/\/disteco.com\/wp-content\/uploads\/2017\/08\/foie-micuit-de-lemporda-al-oporto.png","type":"image\/png"}],"twitter_card":"summary_large_image","twitter_site":"@DistecoGrup","twitter_misc":{"Temps estimat de lectura":"7 minut"},"schema":{"@context":"https:\/\/schema.org","@graph":[{"@type":"WebPage","@id":"https:\/\/disteco.com\/ca\/foie-micuit-de-lemporda-al-porto\/","url":"https:\/\/disteco.com\/ca\/foie-micuit-de-lemporda-al-porto\/","name":"Foie Micuit de l'Empord\u00e0 al Porto","isPartOf":{"@id":"https:\/\/disteco.com\/ca\/#website"},"primaryImageOfPage":{"@id":"https:\/\/disteco.com\/ca\/foie-micuit-de-lemporda-al-porto\/#primaryimage"},"image":{"@id":"https:\/\/disteco.com\/ca\/foie-micuit-de-lemporda-al-porto\/#primaryimage"},"thumbnailUrl":"https:\/\/disteco.com\/wp-content\/uploads\/2017\/08\/foie-micuit-de-lemporda-al-oporto.png","datePublished":"2017-08-24T04:38:55+00:00","dateModified":"2017-09-10T07:07:48+00:00","description":"Recepta de foie micuit de l'Empord\u00e0 al Porto. El foie micuit \u00e9s en realitat un foie en semiconserva que permet que el producte conservi tot el seu sabor.","breadcrumb":{"@id":"https:\/\/disteco.com\/ca\/foie-micuit-de-lemporda-al-porto\/#breadcrumb"},"inLanguage":"ca","potentialAction":[{"@type":"ReadAction","target":["https:\/\/disteco.com\/ca\/foie-micuit-de-lemporda-al-porto\/"]}]},{"@type":"ImageObject","inLanguage":"ca","@id":"https:\/\/disteco.com\/ca\/foie-micuit-de-lemporda-al-porto\/#primaryimage","url":"https:\/\/disteco.com\/wp-content\/uploads\/2017\/08\/foie-micuit-de-lemporda-al-oporto.png","contentUrl":"https:\/\/disteco.com\/wp-content\/uploads\/2017\/08\/foie-micuit-de-lemporda-al-oporto.png","width":1024,"height":683},{"@type":"BreadcrumbList","@id":"https:\/\/disteco.com\/ca\/foie-micuit-de-lemporda-al-porto\/#breadcrumb","itemListElement":[{"@type":"ListItem","position":1,"name":"Portada","item":"https:\/\/disteco.com\/ca\/"},{"@type":"ListItem","position":2,"name":"Foie Micuit de l&#8217;Empord\u00e0 al Porto"}]},{"@type":"WebSite","@id":"https:\/\/disteco.com\/ca\/#website","url":"https:\/\/disteco.com\/ca\/","name":"GRUP ALIMENTARI DISTECO","description":"Distribuci\u00f3 aliment\u00e0ria de productes d'alta qualitat","publisher":{"@id":"https:\/\/disteco.com\/ca\/#organization"},"potentialAction":[{"@type":"SearchAction","target":{"@type":"EntryPoint","urlTemplate":"https:\/\/disteco.com\/ca\/?s={search_term_string}"},"query-input":{"@type":"PropertyValueSpecification","valueRequired":true,"valueName":"search_term_string"}}],"inLanguage":"ca"},{"@type":"Organization","@id":"https:\/\/disteco.com\/ca\/#organization","name":"GRUP ALIMENTARI DISTECO","url":"https:\/\/disteco.com\/ca\/","logo":{"@type":"ImageObject","inLanguage":"ca","@id":"https:\/\/disteco.com\/ca\/#\/schema\/logo\/image\/","url":"https:\/\/disteco.com\/wp-content\/uploads\/2017\/03\/logo-grup-alimentari-disteco.png","contentUrl":"https:\/\/disteco.com\/wp-content\/uploads\/2017\/03\/logo-grup-alimentari-disteco.png","width":600,"height":61,"caption":"GRUP ALIMENTARI DISTECO"},"image":{"@id":"https:\/\/disteco.com\/ca\/#\/schema\/logo\/image\/"},"sameAs":["https:\/\/www.facebook.com\/grupalimentaridisteco\/","https:\/\/x.com\/DistecoGrup","https:\/\/www.instagram.com\/gadisteco\/","https:\/\/www.linkedin.com\/company\/grup-alimentari-disteco\/","https:\/\/www.youtube.com\/@grupalimentaridisteco572"]}]}},"_links":{"self":[{"href":"https:\/\/disteco.com\/ca\/wp-json\/wp\/v2\/pages\/206269","targetHints":{"allow":["GET"]}}],"collection":[{"href":"https:\/\/disteco.com\/ca\/wp-json\/wp\/v2\/pages"}],"about":[{"href":"https:\/\/disteco.com\/ca\/wp-json\/wp\/v2\/types\/page"}],"author":[{"embeddable":true,"href":"https:\/\/disteco.com\/ca\/wp-json\/wp\/v2\/users\/1"}],"replies":[{"embeddable":true,"href":"https:\/\/disteco.com\/ca\/wp-json\/wp\/v2\/comments?post=206269"}],"version-history":[{"count":3,"href":"https:\/\/disteco.com\/ca\/wp-json\/wp\/v2\/pages\/206269\/revisions"}],"predecessor-version":[{"id":206273,"href":"https:\/\/disteco.com\/ca\/wp-json\/wp\/v2\/pages\/206269\/revisions\/206273"}],"wp:featuredmedia":[{"embeddable":true,"href":"https:\/\/disteco.com\/ca\/wp-json\/wp\/v2\/media\/205726"}],"wp:attachment":[{"href":"https:\/\/disteco.com\/ca\/wp-json\/wp\/v2\/media?parent=206269"}],"curies":[{"name":"wp","href":"https:\/\/api.w.org\/{rel}","templated":true}]}}