{"id":206260,"date":"2017-08-23T13:09:10","date_gmt":"2017-08-23T13:09:10","guid":{"rendered":"http:\/\/disteco.com\/tapas-con-jamon-iberico\/"},"modified":"2017-09-11T17:52:51","modified_gmt":"2017-09-11T17:52:51","slug":"tapes-amb-pernil-iberic","status":"publish","type":"page","link":"https:\/\/disteco.com\/ca\/tapes-amb-pernil-iberic\/","title":{"rendered":"Tapes amb pernil ib\u00e8ric"},"content":{"rendered":"<p>[et_pb_section fb_built=&#8221;1&#8243; background_color=&#8221;rgba(255,255,255,0.02)&#8221; custom_padding=&#8221;||0px|&#8221; padding_mobile=&#8221;on&#8221; admin_label=&#8221;section&#8221; _builder_version=&#8221;3.0.51&#8243; background_image=&#8221;http:\/\/disteco.com\/wp-content\/uploads\/2017\/08\/Tapas-con-jam\u00f3n-ib\u00e9rico.jpg&#8221; parallax=&#8221;on&#8221; parallax_method=&#8221;off&#8221;][et_pb_row custom_padding=&#8221;||0px|&#8221; padding_mobile=&#8221;on&#8221; column_padding_mobile=&#8221;on&#8221; parallax_method_1=&#8221;off&#8221; admin_label=&#8221;row&#8221; _builder_version=&#8221;3.0.51&#8243; background_size=&#8221;initial&#8221; background_position=&#8221;top_left&#8221; background_repeat=&#8221;repeat&#8221;][et_pb_column type=&#8221;4_4&#8243; _builder_version=&#8221;3.0.47&#8243; column_padding_mobile=&#8221;on&#8221; parallax=&#8221;off&#8221; parallax_method=&#8221;off&#8221;][et_pb_divider height=&#8221;110&#8243; admin_label=&#8221;Divider&#8221; _builder_version=&#8221;3.0.51&#8243;][\/et_pb_divider][\/et_pb_column][\/et_pb_row][\/et_pb_section][et_pb_section fb_built=&#8221;1&#8243; background_color=&#8221;#f7f7f4&#8243; custom_padding=&#8221;0px||0px|&#8221; admin_label=&#8221;Section&#8221; _builder_version=&#8221;3.0.51&#8243;][et_pb_row use_custom_width=&#8221;on&#8221; custom_width_px=&#8221;620px&#8221; custom_padding=&#8221;0px||0px|&#8221; column_padding_mobile=&#8221;on&#8221; parallax_method_1=&#8221;off&#8221; parallax_method_2=&#8221;off&#8221; admin_label=&#8221;row&#8221; _builder_version=&#8221;3.0.51&#8243; background_size=&#8221;initial&#8221; background_position=&#8221;top_left&#8221; background_repeat=&#8221;repeat&#8221;][et_pb_column type=&#8221;4_4&#8243; _builder_version=&#8221;3.0.47&#8243; column_padding_mobile=&#8221;on&#8221; parallax=&#8221;off&#8221; parallax_method=&#8221;off&#8221;][et_pb_image src=&#8221;http:\/\/disteco.com\/wp-content\/uploads\/2017\/03\/gad-grup-alimentari-disteco.png&#8221; animation=&#8221;off&#8221; sticky=&#8221;on&#8221; align=&#8221;center&#8221; admin_label=&#8221;logo GAD&#8221; _builder_version=&#8221;3.0.51&#8243; custom_margin=&#8221;-48px|||&#8221;][\/et_pb_image][et_pb_text text_orientation=&#8221;center&#8221; admin_label=&#8221;Familia de recetas&#8221; _builder_version=&#8221;3.0.51&#8243; text_font=&#8221;PT Sans|on|||&#8221; text_text_color=&#8221;#bcbcbc&#8221; text_letter_spacing=&#8221;2px&#8221; background_size=&#8221;initial&#8221; background_position=&#8221;top_left&#8221; background_repeat=&#8221;repeat&#8221; custom_margin=&#8221;||0px|&#8221; custom_padding=&#8221;||0px|&#8221; inline_fonts=&#8221;Montserrat&#8221;]<\/p>\n<p class=\"\" style=\"text-align: center;\"><span style=\"font-family: Montserrat; font-weight: normal; font-size: large;\">\u00a0<\/span><\/p>\n<p>[\/et_pb_text][et_pb_text text_orientation=&#8221;center&#8221; max_width=&#8221;660px&#8221; admin_label=&#8221;T\u00edtulo&#8221; _builder_version=&#8221;3.0.51&#8243; text_font=&#8221;PT Sans||||&#8221; text_font_size=&#8221;72&#8243; text_font_size_tablet=&#8221;52&#8243; text_font_size_last_edited=&#8221;on|desktop&#8221; text_text_color=&#8221;#1d1d1d&#8221; text_line_height=&#8221;1.1em&#8221; background_size=&#8221;initial&#8221; background_position=&#8221;top_left&#8221; background_repeat=&#8221;repeat&#8221; custom_margin=&#8221;18px||80px|&#8221;]<\/p>\n<h1 class=\"entry-title\"><span style=\"color: #000000;\"><strong>Tapes amb pernil ib\u00e8ric<\/strong><\/span><\/h1>\n<p>[\/et_pb_text][\/et_pb_column][\/et_pb_row][et_pb_row custom_padding=&#8221;0px|0px|0px|0px&#8221; background_position_1=&#8221;top_left&#8221; background_position_2=&#8221;top_left&#8221; background_repeat_1=&#8221;no-repeat&#8221; background_repeat_2=&#8221;no-repeat&#8221; admin_label=&#8221;Fila&#8221; _builder_version=&#8221;3.0.51&#8243; background_size=&#8221;initial&#8221; background_position=&#8221;top_left&#8221; background_repeat=&#8221;repeat&#8221;][et_pb_column type=&#8221;1_4&#8243; _builder_version=&#8221;3.0.47&#8243; parallax=&#8221;off&#8221; parallax_method=&#8221;on&#8221; background_position=&#8221;top_left&#8221; background_repeat=&#8221;no-repeat&#8221;][et_pb_text admin_label=&#8221;Autor receta&#8221; _builder_version=&#8221;3.0.51&#8243;]<\/p>\n<p><span style=\"color: #000000;\"><strong>Autor:<\/strong>\u00a0DISTECO<\/span><\/p>\n<p><span style=\"color: #000000;\"><strong>Tipus de plat:<\/strong>\u00a0ENTRANT<\/span><\/p>\n<p><span style=\"color: #000000;\"><strong>Tipus de cuina:<\/strong>\u00a0SANA<\/span><\/p>\n<p><span style=\"color: #000000;\"><strong>Temps de preparaci\u00f3:<\/strong>\u00a05-10 MINUTS<\/span><\/p>\n<p><span style=\"color: #000000;\"><strong>Dificultat:<\/strong>\u00a0F\u00c0CIL<\/span><\/p>\n<p>[\/et_pb_text][\/et_pb_column][et_pb_column type=&#8221;3_4&#8243; _builder_version=&#8221;3.0.47&#8243; parallax=&#8221;off&#8221; parallax_method=&#8221;on&#8221; background_position=&#8221;top_left&#8221; background_repeat=&#8221;no-repeat&#8221;][et_pb_image src=&#8221;http:\/\/disteco.com\/wp-content\/uploads\/2017\/08\/Tapas-con-jam\u00f3n-ib\u00e9rico.jpg&#8221; animation=&#8221;fade_in&#8221; sticky=&#8221;on&#8221; admin_label=&#8221;Image&#8221; _builder_version=&#8221;3.0.51&#8243;][\/et_pb_image][et_pb_text max_width=&#8221;400px&#8221; admin_label=&#8221;T\u00edtulo imagen&#8221; _builder_version=&#8221;3.0.51&#8243; text_font=&#8221;PT Serif||on||&#8221; text_font_size=&#8221;12&#8243; text_text_color=&#8221;#363636&#8243; text_line_height=&#8221;1.2em&#8221; background_size=&#8221;initial&#8221; background_position=&#8221;top_left&#8221; background_repeat=&#8221;repeat&#8221; custom_margin=&#8221;6px|||&#8221; inline_fonts=&#8221;Comfortaa&#8221;]<\/p>\n<p><span style=\"color: #e02b20; font-family: Comfortaa;\">Tapes amb pernil ib\u00e8ric<\/span><\/p>\n<p>[\/et_pb_text][et_pb_divider color=&#8221;#aeaeac&#8221; show_divider=&#8221;on&#8221; divider_style=&#8221;solid&#8221; divider_position=&#8221;top&#8221; hide_on_mobile=&#8221;off&#8221; admin_label=&#8221;Separador&#8221; _builder_version=&#8221;3.0.51&#8243; custom_css_main_element=&#8221;width:130px;&#8221;][\/et_pb_divider][\/et_pb_column][\/et_pb_row][\/et_pb_section][et_pb_section fb_built=&#8221;1&#8243; transparent_background=&#8221;on&#8221; custom_padding=&#8221;0px|||&#8221; padding_mobile=&#8221;on&#8221; admin_label=&#8221;Section&#8221; _builder_version=&#8221;3.0.51&#8243;][et_pb_row custom_padding=&#8221;0px|0px|55px|0px&#8221; background_position_1=&#8221;top_left&#8221; background_position_2=&#8221;top_left&#8221; background_repeat_1=&#8221;no-repeat&#8221; background_repeat_2=&#8221;no-repeat&#8221; admin_label=&#8221;Fila&#8221; _builder_version=&#8221;3.0.51&#8243; background_size=&#8221;initial&#8221; background_position=&#8221;top_left&#8221; background_repeat=&#8221;repeat&#8221;][et_pb_column type=&#8221;4_4&#8243; _builder_version=&#8221;3.0.47&#8243; parallax=&#8221;off&#8221; parallax_method=&#8221;on&#8221; background_position=&#8221;top_left&#8221; background_repeat=&#8221;no-repeat&#8221;][et_pb_text max_width=&#8221;800px&#8221; admin_label=&#8221;Ingredientes&#8221; _builder_version=&#8221;3.0.51&#8243; text_font_size_last_edited=&#8221;on|desktop&#8221; text_text_color=&#8221;#363636&#8243; text_line_height=&#8221;1.5em&#8221; background_size=&#8221;initial&#8221; background_position=&#8221;top_left&#8221; background_repeat=&#8221;repeat&#8221; custom_margin=&#8221;30px||0px|&#8221; inline_fonts=&#8221;Comfortaa&#8221;]<\/p>\n<h1><strong>Pa amb pernil ib\u00e8ric i tom\u00e0quet<\/strong><\/h1>\n<p>&nbsp;<\/p>\n<p>&nbsp;<\/p>\n<div class=\"ERSIngredients\">\n<h2 class=\"ERSIngredientsHeader ERSHeading\"><strong>Ingredients<\/strong><\/h2>\n<p>&nbsp;<\/p>\n<p>Per elaborar aquesta tapa calen els seg\u00fcents ingredients:<\/p>\n<ul>\n<li>Pa de baguette.<\/li>\n<li>250 grams de pernil ib\u00e8ric<\/li>\n<li>3 tom\u00e0quets.<\/li>\n<li>5 alls.<\/li>\n<li>Oli d\u2019oliva.<\/li>\n<\/ul>\n<\/div>\n<div class=\"ERSIngredients\"><\/div>\n<div class=\"ERSInstructions\"><\/div>\n<p>[\/et_pb_text][et_pb_text max_width=&#8221;1400px&#8221; admin_label=&#8221;Receta&#8221; _builder_version=&#8221;3.0.51&#8243; text_font_size_last_edited=&#8221;on|desktop&#8221; text_text_color=&#8221;#363636&#8243; text_line_height=&#8221;1.5em&#8221; background_size=&#8221;initial&#8221; background_position=&#8221;top_left&#8221; background_repeat=&#8221;repeat&#8221; custom_margin=&#8221;30px||0px|&#8221; inline_fonts=&#8221;Comfortaa&#8221;]<\/p>\n<h2 class=\"ERSInstructionsHeader ERSHeading\"><strong>Recepta\u00a0<\/strong><strong>de la tapa\u00a0<\/strong><em><strong>Pa amb pernil ib\u00e8ric i tom\u00e0quet<\/strong><\/em><\/h2>\n<p>&nbsp;<\/p>\n<p>&nbsp;<\/p>\n<ul>\n<li>Primer es pelen i ratllen els tom\u00e0quets i tot seguit es pelen les dents d\u2019all, s\u2019aixafen amb un ganivet i es piquen.<\/li>\n<li>Es barregen els alls amb el tom\u00e0quet triturat i s\u2019afegeix una mica d\u2019oli d\u2019oliva per lligar-ho tot.<\/li>\n<li>Es pot afegir sal, per\u00f2 caldr\u00e0 anar amb compte ja que el pernil tamb\u00e9 \u00e9s salat.<\/li>\n<li>La baguette es talla en trossos i es torren (opcional).<\/li>\n<li>Per sobre de la baguette s\u2019est\u00e9n una mica de la barreja de tom\u00e0quet amb all i es posa a sobre un tall de pernil ib\u00e8ric.<\/li>\n<li>Llest per servir!<\/li>\n<\/ul>\n<p>[\/et_pb_text][et_pb_text max_width=&#8221;800px&#8221; admin_label=&#8221;Ingredientes&#8221; _builder_version=&#8221;3.0.51&#8243; text_font_size_last_edited=&#8221;on|desktop&#8221; text_text_color=&#8221;#363636&#8243; text_line_height=&#8221;1.5em&#8221; background_size=&#8221;initial&#8221; background_position=&#8221;top_left&#8221; background_repeat=&#8221;repeat&#8221; custom_margin=&#8221;30px||0px|&#8221; inline_fonts=&#8221;Comfortaa&#8221;]<\/p>\n<div class=\"ERSInstructions\">\n<h1><strong>Mel\u00f3 amb pernil ib\u00e8ric<\/strong><\/h1>\n<p>&nbsp;<\/p>\n<p>&nbsp;<\/p>\n<div class=\"ERSIngredients\">\n<h2 class=\"ERSIngredientsHeader ERSHeading\"><strong>Ingredients<\/strong><\/h2>\n<ul>\n<li class=\"ERSIngredientsHeader ERSHeading\">Un mel\u00f3 madur.<\/li>\n<li class=\"ERSIngredientsHeader ERSHeading\">Talls de pernil ib\u00e8ric.<\/li>\n<\/ul>\n<\/div>\n<\/div>\n<p>[\/et_pb_text][et_pb_text max_width=&#8221;1400px&#8221; admin_label=&#8221;Receta&#8221; _builder_version=&#8221;3.0.51&#8243; text_font_size_last_edited=&#8221;on|desktop&#8221; text_text_color=&#8221;#363636&#8243; text_line_height=&#8221;1.5em&#8221; background_size=&#8221;initial&#8221; background_position=&#8221;top_left&#8221; background_repeat=&#8221;repeat&#8221; custom_margin=&#8221;30px||0px|&#8221; inline_fonts=&#8221;Comfortaa&#8221;]<\/p>\n<h2 class=\"ERSInstructionsHeader ERSHeading\"><strong>Recepta\u00a0<\/strong><strong>de la tapa\u00a0<\/strong><strong><em>Mel\u00f3 amb pernil ib\u00e8ric<\/em><\/strong><\/h2>\n<p>&nbsp;<\/p>\n<p>&nbsp;<\/p>\n<ul>\n<li>Aquesta recepta que combina dol\u00e7 i salat \u00e9s ideal com a tapa o com a entrant.<\/li>\n<li>Nom\u00e9s cal tallar el mel\u00f3 a daus o amb ajuda d\u2019un tallador per fer formes m\u00e9s originals.<\/li>\n<li>A sobre del mel\u00f3 es col\u00b7loca la tall de pernil ib\u00e8ric i ja est\u00e0 llest.<\/li>\n<li>En algunes regions aquest plat s\u2019amaneix amb una mica d\u2019oli d\u2019oliva, en altres es passa per la planxa per servir-temperat i en altres s\u2019acompanya a m\u00e9s de formatge, qualsevol d\u2019elles ens permet gaudir al m\u00e0xim del gust del pernil ib\u00e8ric.<\/li>\n<\/ul>\n<p>[\/et_pb_text][et_pb_text max_width=&#8221;800px&#8221; admin_label=&#8221;Valor nutricional &#8221; _builder_version=&#8221;3.0.51&#8243; text_font_size_last_edited=&#8221;on|desktop&#8221; text_text_color=&#8221;#363636&#8243; text_line_height=&#8221;1.5em&#8221; background_size=&#8221;initial&#8221; background_position=&#8221;top_left&#8221; background_repeat=&#8221;repeat&#8221; custom_margin=&#8221;30px||0px|&#8221; inline_fonts=&#8221;Comfortaa&#8221;]<\/p>\n<div class=\"ERSInstructions\">\n<div class=\"ERSInstructions\">\n<h2><\/h2>\n<h2><strong>Informaci\u00f3 nutricional de pernil ib\u00e8ric per 100 grams<\/strong><\/h2>\n<p>&nbsp;<\/p>\n<p>&nbsp;<\/p>\n<\/div>\n<table class=\"food_summary\" summary=\"Jam\u00f3n iberico: Informaci\u00f3n nutricional\">\n<tbody>\n<tr class=\"first\">\n<th style=\"text-align: left;\" colspan=\"2\">Calories<\/th>\n<td colspan=\"2\">375 kcal.<\/td>\n<\/tr>\n<tr>\n<th style=\"text-align: left;\" colspan=\"2\">Greix<\/th>\n<td colspan=\"2\">22,40 g.<\/td>\n<\/tr>\n<tr>\n<th style=\"text-align: left;\" colspan=\"2\">Colesterol<\/th>\n<td colspan=\"2\">0 mg.<\/td>\n<\/tr>\n<tr>\n<th style=\"text-align: left;\" colspan=\"2\">Sodi<\/th>\n<td colspan=\"2\">1110,90 mg.<\/td>\n<\/tr>\n<tr>\n<th style=\"text-align: left;\" colspan=\"2\">Carbohidrats<\/th>\n<td colspan=\"2\">0,10 g.<\/td>\n<\/tr>\n<tr>\n<th style=\"text-align: left;\" colspan=\"2\">Fibra<\/th>\n<td colspan=\"2\">0 g.<\/td>\n<\/tr>\n<tr>\n<th style=\"text-align: left;\" colspan=\"2\">Sucres<\/th>\n<td colspan=\"2\">0,10 g.<\/td>\n<\/tr>\n<tr>\n<th style=\"text-align: left;\" colspan=\"2\">Prote\u00efnes<\/th>\n<td colspan=\"2\">43,20 g.<\/td>\n<\/tr>\n<tr class=\"mini separated\">\n<th class=\"leftmost\" style=\"text-align: left;\">Vitamina A<\/th>\n<td class=\"leftcenter\">0 ug.<\/td>\n<th class=\"rightcenter\">Vitamina C<\/th>\n<td class=\"rightmost\">0 mg.<\/td>\n<\/tr>\n<tr class=\"mini\">\n<th class=\"leftmost\">Vitamina B12<\/th>\n<td class=\"leftcenter\">15,68 ug.<\/td>\n<th class=\"rightcenter\" style=\"text-align: left;\">Calci<\/th>\n<td class=\"rightmost\">27,08 mg.<\/td>\n<\/tr>\n<tr class=\"mini\">\n<th class=\"leftmost\" style=\"text-align: left;\">Ferro<\/th>\n<td class=\"leftcenter\" style=\"text-align: left;\">3,35 mg.<\/td>\n<th class=\"rightcenter\" style=\"text-align: left;\">Vitamina B3<\/th>\n<td class=\"rightmost\" style=\"text-align: left;\">0 mg.<\/td>\n<\/tr>\n<\/tbody>\n<\/table>\n<hr \/>\n<\/div>\n<p>[\/et_pb_text][et_pb_text text_orientation=&#8221;justified&#8221; max_width=&#8221;1400px&#8221; admin_label=&#8221;Comentarios a la receta&#8221; _builder_version=&#8221;3.0.51&#8243; text_font_size_last_edited=&#8221;on|desktop&#8221; text_text_color=&#8221;#363636&#8243; text_line_height=&#8221;1.5em&#8221; background_size=&#8221;initial&#8221; background_position=&#8221;top_left&#8221; background_repeat=&#8221;repeat&#8221; custom_margin=&#8221;30px||0px|&#8221; inline_fonts=&#8221;Comfortaa&#8221;]<\/p>\n<h2><\/h2>\n<h2><\/h2>\n<h2><strong>El pernil ib\u00e8ric, un dels nostres productes m\u00e9s populars<\/strong><\/h2>\n<p>&nbsp;<\/p>\n<p>El pernil ib\u00e8ric \u00e9s un dels productes m\u00e9s populars dins de la gastronomia espanyola i comen\u00e7a tamb\u00e9 a ser molt apreciat fora de les nostres fronteres.<\/p>\n<p>Si tenim convidats a casa fer unes tapes de pernil pot ser tot un encert i \u00e9s que aquest ingredient \u00e9s adequat per acompanyar vins i cerveses i anar obrint la gana. A m\u00e9s \u00e9s una carn molt magra amb poc contingut en greix, el que el converteix en un aliment sa a m\u00e9s de delici\u00f3s.<\/p>\n<p>Existeixen una gran quantitat de receptes de tapes de pernil ib\u00e8ric, avui hem repassat les m\u00e9s habituals.<\/p>\n<p>[\/et_pb_text][\/et_pb_column][\/et_pb_row][\/et_pb_section]<\/p>\n","protected":false},"excerpt":{"rendered":"<p>\u00a0 Tapes amb pernil ib\u00e8ric Autor:\u00a0DISTECO Tipus de plat:\u00a0ENTRANT Tipus de cuina:\u00a0SANA Temps de preparaci\u00f3:\u00a05-10 MINUTS Dificultat:\u00a0F\u00c0CIL Tapes amb pernil ib\u00e8ric Pa amb pernil ib\u00e8ric i tom\u00e0quet &nbsp; &nbsp; Ingredients &nbsp; Per elaborar aquesta tapa calen els seg\u00fcents ingredients: Pa de baguette. 250 grams de pernil ib\u00e8ric 3 tom\u00e0quets. 5 alls. Oli d\u2019oliva. Recepta\u00a0de la [&hellip;]<\/p>\n","protected":false},"author":1,"featured_media":205722,"parent":0,"menu_order":0,"comment_status":"closed","ping_status":"closed","template":"","meta":{"_et_pb_use_builder":"on","_et_pb_old_content":"","_et_gb_content_width":"","footnotes":""},"class_list":["post-206260","page","type-page","status-publish","has-post-thumbnail","hentry"],"yoast_head":"<!-- This site is optimized with the Yoast SEO plugin v26.9 - https:\/\/yoast.com\/product\/yoast-seo-wordpress\/ -->\n<title>Tapes amb pernil ib\u00e8ric, repassem les m\u00e9s populars.<\/title>\n<meta name=\"description\" content=\"El pernil ib\u00e8ric \u00e9s un dels productes m\u00e9s populars dins de la gastronomia espanyola i comen\u00e7a tamb\u00e9 a ser molt apreciat fora de les nostres fronteres.\" \/>\n<meta name=\"robots\" content=\"index, follow, max-snippet:-1, max-image-preview:large, max-video-preview:-1\" \/>\n<link rel=\"canonical\" href=\"https:\/\/disteco.com\/ca\/tapes-amb-pernil-iberic\/\" \/>\n<meta property=\"og:locale\" content=\"ca_ES\" \/>\n<meta property=\"og:type\" content=\"article\" \/>\n<meta property=\"og:title\" content=\"Tapes amb pernil ib\u00e8ric, repassem les m\u00e9s populars.\" \/>\n<meta property=\"og:description\" content=\"El pernil ib\u00e8ric \u00e9s un dels productes m\u00e9s populars dins de la gastronomia espanyola i comen\u00e7a tamb\u00e9 a ser molt apreciat fora de les nostres fronteres.\" \/>\n<meta property=\"og:url\" content=\"https:\/\/disteco.com\/ca\/tapes-amb-pernil-iberic\/\" \/>\n<meta property=\"og:site_name\" content=\"GRUP ALIMENTARI DISTECO\" \/>\n<meta property=\"article:publisher\" content=\"https:\/\/www.facebook.com\/grupalimentaridisteco\/\" \/>\n<meta property=\"article:modified_time\" content=\"2017-09-11T17:52:51+00:00\" \/>\n<meta property=\"og:image\" content=\"https:\/\/disteco.com\/wp-content\/uploads\/2017\/08\/Tapas-con-jam\u00f3n-ib\u00e9rico.jpg\" \/>\n\t<meta property=\"og:image:width\" content=\"1024\" \/>\n\t<meta property=\"og:image:height\" content=\"683\" \/>\n\t<meta property=\"og:image:type\" content=\"image\/jpeg\" \/>\n<meta name=\"twitter:card\" content=\"summary_large_image\" \/>\n<meta name=\"twitter:site\" content=\"@DistecoGrup\" \/>\n<meta name=\"twitter:label1\" content=\"Temps estimat de lectura\" \/>\n\t<meta name=\"twitter:data1\" content=\"7 minut\" \/>\n<script type=\"application\/ld+json\" class=\"yoast-schema-graph\">{\"@context\":\"https:\/\/schema.org\",\"@graph\":[{\"@type\":\"WebPage\",\"@id\":\"https:\/\/disteco.com\/ca\/tapes-amb-pernil-iberic\/\",\"url\":\"https:\/\/disteco.com\/ca\/tapes-amb-pernil-iberic\/\",\"name\":\"Tapes amb pernil ib\u00e8ric, repassem les m\u00e9s populars.\",\"isPartOf\":{\"@id\":\"https:\/\/disteco.com\/ca\/#website\"},\"primaryImageOfPage\":{\"@id\":\"https:\/\/disteco.com\/ca\/tapes-amb-pernil-iberic\/#primaryimage\"},\"image\":{\"@id\":\"https:\/\/disteco.com\/ca\/tapes-amb-pernil-iberic\/#primaryimage\"},\"thumbnailUrl\":\"https:\/\/disteco.com\/wp-content\/uploads\/2017\/08\/Tapas-con-jam\u00f3n-ib\u00e9rico.jpg\",\"datePublished\":\"2017-08-23T13:09:10+00:00\",\"dateModified\":\"2017-09-11T17:52:51+00:00\",\"description\":\"El pernil ib\u00e8ric \u00e9s un dels productes m\u00e9s populars dins de la gastronomia espanyola i comen\u00e7a tamb\u00e9 a ser molt apreciat fora de les nostres fronteres.\",\"breadcrumb\":{\"@id\":\"https:\/\/disteco.com\/ca\/tapes-amb-pernil-iberic\/#breadcrumb\"},\"inLanguage\":\"ca\",\"potentialAction\":[{\"@type\":\"ReadAction\",\"target\":[\"https:\/\/disteco.com\/ca\/tapes-amb-pernil-iberic\/\"]}]},{\"@type\":\"ImageObject\",\"inLanguage\":\"ca\",\"@id\":\"https:\/\/disteco.com\/ca\/tapes-amb-pernil-iberic\/#primaryimage\",\"url\":\"https:\/\/disteco.com\/wp-content\/uploads\/2017\/08\/Tapas-con-jam\u00f3n-ib\u00e9rico.jpg\",\"contentUrl\":\"https:\/\/disteco.com\/wp-content\/uploads\/2017\/08\/Tapas-con-jam\u00f3n-ib\u00e9rico.jpg\",\"width\":1024,\"height\":683},{\"@type\":\"BreadcrumbList\",\"@id\":\"https:\/\/disteco.com\/ca\/tapes-amb-pernil-iberic\/#breadcrumb\",\"itemListElement\":[{\"@type\":\"ListItem\",\"position\":1,\"name\":\"Portada\",\"item\":\"https:\/\/disteco.com\/ca\/\"},{\"@type\":\"ListItem\",\"position\":2,\"name\":\"Tapes amb pernil ib\u00e8ric\"}]},{\"@type\":\"WebSite\",\"@id\":\"https:\/\/disteco.com\/ca\/#website\",\"url\":\"https:\/\/disteco.com\/ca\/\",\"name\":\"GRUP ALIMENTARI DISTECO\",\"description\":\"Distribuci\u00f3 aliment\u00e0ria de productes d'alta qualitat\",\"publisher\":{\"@id\":\"https:\/\/disteco.com\/ca\/#organization\"},\"potentialAction\":[{\"@type\":\"SearchAction\",\"target\":{\"@type\":\"EntryPoint\",\"urlTemplate\":\"https:\/\/disteco.com\/ca\/?s={search_term_string}\"},\"query-input\":{\"@type\":\"PropertyValueSpecification\",\"valueRequired\":true,\"valueName\":\"search_term_string\"}}],\"inLanguage\":\"ca\"},{\"@type\":\"Organization\",\"@id\":\"https:\/\/disteco.com\/ca\/#organization\",\"name\":\"GRUP ALIMENTARI DISTECO\",\"url\":\"https:\/\/disteco.com\/ca\/\",\"logo\":{\"@type\":\"ImageObject\",\"inLanguage\":\"ca\",\"@id\":\"https:\/\/disteco.com\/ca\/#\/schema\/logo\/image\/\",\"url\":\"https:\/\/disteco.com\/wp-content\/uploads\/2017\/03\/logo-grup-alimentari-disteco.png\",\"contentUrl\":\"https:\/\/disteco.com\/wp-content\/uploads\/2017\/03\/logo-grup-alimentari-disteco.png\",\"width\":600,\"height\":61,\"caption\":\"GRUP ALIMENTARI DISTECO\"},\"image\":{\"@id\":\"https:\/\/disteco.com\/ca\/#\/schema\/logo\/image\/\"},\"sameAs\":[\"https:\/\/www.facebook.com\/grupalimentaridisteco\/\",\"https:\/\/x.com\/DistecoGrup\",\"https:\/\/www.instagram.com\/gadisteco\/\",\"https:\/\/www.linkedin.com\/company\/grup-alimentari-disteco\/\",\"https:\/\/www.youtube.com\/@grupalimentaridisteco572\"]}]}<\/script>\n<!-- \/ Yoast SEO plugin. -->","yoast_head_json":{"title":"Tapes amb pernil ib\u00e8ric, repassem les m\u00e9s populars.","description":"El pernil ib\u00e8ric \u00e9s un dels productes m\u00e9s populars dins de la gastronomia espanyola i comen\u00e7a tamb\u00e9 a ser molt apreciat fora de les nostres fronteres.","robots":{"index":"index","follow":"follow","max-snippet":"max-snippet:-1","max-image-preview":"max-image-preview:large","max-video-preview":"max-video-preview:-1"},"canonical":"https:\/\/disteco.com\/ca\/tapes-amb-pernil-iberic\/","og_locale":"ca_ES","og_type":"article","og_title":"Tapes amb pernil ib\u00e8ric, repassem les m\u00e9s populars.","og_description":"El pernil ib\u00e8ric \u00e9s un dels productes m\u00e9s populars dins de la gastronomia espanyola i comen\u00e7a tamb\u00e9 a ser molt apreciat fora de les nostres fronteres.","og_url":"https:\/\/disteco.com\/ca\/tapes-amb-pernil-iberic\/","og_site_name":"GRUP ALIMENTARI DISTECO","article_publisher":"https:\/\/www.facebook.com\/grupalimentaridisteco\/","article_modified_time":"2017-09-11T17:52:51+00:00","og_image":[{"width":1024,"height":683,"url":"https:\/\/disteco.com\/wp-content\/uploads\/2017\/08\/Tapas-con-jam\u00f3n-ib\u00e9rico.jpg","type":"image\/jpeg"}],"twitter_card":"summary_large_image","twitter_site":"@DistecoGrup","twitter_misc":{"Temps estimat de lectura":"7 minut"},"schema":{"@context":"https:\/\/schema.org","@graph":[{"@type":"WebPage","@id":"https:\/\/disteco.com\/ca\/tapes-amb-pernil-iberic\/","url":"https:\/\/disteco.com\/ca\/tapes-amb-pernil-iberic\/","name":"Tapes amb pernil ib\u00e8ric, repassem les m\u00e9s populars.","isPartOf":{"@id":"https:\/\/disteco.com\/ca\/#website"},"primaryImageOfPage":{"@id":"https:\/\/disteco.com\/ca\/tapes-amb-pernil-iberic\/#primaryimage"},"image":{"@id":"https:\/\/disteco.com\/ca\/tapes-amb-pernil-iberic\/#primaryimage"},"thumbnailUrl":"https:\/\/disteco.com\/wp-content\/uploads\/2017\/08\/Tapas-con-jam\u00f3n-ib\u00e9rico.jpg","datePublished":"2017-08-23T13:09:10+00:00","dateModified":"2017-09-11T17:52:51+00:00","description":"El pernil ib\u00e8ric \u00e9s un dels productes m\u00e9s populars dins de la gastronomia espanyola i comen\u00e7a tamb\u00e9 a ser molt apreciat fora de les nostres fronteres.","breadcrumb":{"@id":"https:\/\/disteco.com\/ca\/tapes-amb-pernil-iberic\/#breadcrumb"},"inLanguage":"ca","potentialAction":[{"@type":"ReadAction","target":["https:\/\/disteco.com\/ca\/tapes-amb-pernil-iberic\/"]}]},{"@type":"ImageObject","inLanguage":"ca","@id":"https:\/\/disteco.com\/ca\/tapes-amb-pernil-iberic\/#primaryimage","url":"https:\/\/disteco.com\/wp-content\/uploads\/2017\/08\/Tapas-con-jam\u00f3n-ib\u00e9rico.jpg","contentUrl":"https:\/\/disteco.com\/wp-content\/uploads\/2017\/08\/Tapas-con-jam\u00f3n-ib\u00e9rico.jpg","width":1024,"height":683},{"@type":"BreadcrumbList","@id":"https:\/\/disteco.com\/ca\/tapes-amb-pernil-iberic\/#breadcrumb","itemListElement":[{"@type":"ListItem","position":1,"name":"Portada","item":"https:\/\/disteco.com\/ca\/"},{"@type":"ListItem","position":2,"name":"Tapes amb pernil ib\u00e8ric"}]},{"@type":"WebSite","@id":"https:\/\/disteco.com\/ca\/#website","url":"https:\/\/disteco.com\/ca\/","name":"GRUP ALIMENTARI DISTECO","description":"Distribuci\u00f3 aliment\u00e0ria de productes d'alta qualitat","publisher":{"@id":"https:\/\/disteco.com\/ca\/#organization"},"potentialAction":[{"@type":"SearchAction","target":{"@type":"EntryPoint","urlTemplate":"https:\/\/disteco.com\/ca\/?s={search_term_string}"},"query-input":{"@type":"PropertyValueSpecification","valueRequired":true,"valueName":"search_term_string"}}],"inLanguage":"ca"},{"@type":"Organization","@id":"https:\/\/disteco.com\/ca\/#organization","name":"GRUP ALIMENTARI DISTECO","url":"https:\/\/disteco.com\/ca\/","logo":{"@type":"ImageObject","inLanguage":"ca","@id":"https:\/\/disteco.com\/ca\/#\/schema\/logo\/image\/","url":"https:\/\/disteco.com\/wp-content\/uploads\/2017\/03\/logo-grup-alimentari-disteco.png","contentUrl":"https:\/\/disteco.com\/wp-content\/uploads\/2017\/03\/logo-grup-alimentari-disteco.png","width":600,"height":61,"caption":"GRUP ALIMENTARI DISTECO"},"image":{"@id":"https:\/\/disteco.com\/ca\/#\/schema\/logo\/image\/"},"sameAs":["https:\/\/www.facebook.com\/grupalimentaridisteco\/","https:\/\/x.com\/DistecoGrup","https:\/\/www.instagram.com\/gadisteco\/","https:\/\/www.linkedin.com\/company\/grup-alimentari-disteco\/","https:\/\/www.youtube.com\/@grupalimentaridisteco572"]}]}},"_links":{"self":[{"href":"https:\/\/disteco.com\/ca\/wp-json\/wp\/v2\/pages\/206260","targetHints":{"allow":["GET"]}}],"collection":[{"href":"https:\/\/disteco.com\/ca\/wp-json\/wp\/v2\/pages"}],"about":[{"href":"https:\/\/disteco.com\/ca\/wp-json\/wp\/v2\/types\/page"}],"author":[{"embeddable":true,"href":"https:\/\/disteco.com\/ca\/wp-json\/wp\/v2\/users\/1"}],"replies":[{"embeddable":true,"href":"https:\/\/disteco.com\/ca\/wp-json\/wp\/v2\/comments?post=206260"}],"version-history":[{"count":4,"href":"https:\/\/disteco.com\/ca\/wp-json\/wp\/v2\/pages\/206260\/revisions"}],"predecessor-version":[{"id":206984,"href":"https:\/\/disteco.com\/ca\/wp-json\/wp\/v2\/pages\/206260\/revisions\/206984"}],"wp:featuredmedia":[{"embeddable":true,"href":"https:\/\/disteco.com\/ca\/wp-json\/wp\/v2\/media\/205722"}],"wp:attachment":[{"href":"https:\/\/disteco.com\/ca\/wp-json\/wp\/v2\/media?parent=206260"}],"curies":[{"name":"wp","href":"https:\/\/api.w.org\/{rel}","templated":true}]}}