{"id":206206,"date":"2017-08-01T13:28:53","date_gmt":"2017-08-01T13:28:53","guid":{"rendered":"http:\/\/disteco.com\/receptes-de-cuina\/carpaccio-de-ternera-del-girones\/"},"modified":"2017-09-11T17:47:29","modified_gmt":"2017-09-11T17:47:29","slug":"carpaccio-de-vedella-del-girones","status":"publish","type":"page","link":"https:\/\/disteco.com\/ca\/carpaccio-de-vedella-del-girones\/","title":{"rendered":"Carpaccio de vedella del Giron\u00e8s"},"content":{"rendered":"<p>[et_pb_section bb_built=&#8221;1&#8243; admin_label=&#8221;section&#8221; background_color=&#8221;rgba(255,255,255,0.02)&#8221; custom_padding=&#8221;||0px|&#8221; padding_mobile=&#8221;on&#8221; _builder_version=&#8221;3.0.51&#8243; background_image=&#8221;http:\/\/disteco.com\/wp-content\/uploads\/2017\/08\/Carpaccio-ternera.jpg&#8221; parallax=&#8221;on&#8221; parallax_method=&#8221;off&#8221;][et_pb_row admin_label=&#8221;row&#8221; custom_padding=&#8221;||0px|&#8221; padding_mobile=&#8221;on&#8221; column_padding_mobile=&#8221;on&#8221; parallax_method_1=&#8221;off&#8221; _builder_version=&#8221;3.0.51&#8243; background_size=&#8221;initial&#8221; background_position=&#8221;top_left&#8221; background_repeat=&#8221;repeat&#8221;][et_pb_column type=&#8221;4_4&#8243;][et_pb_divider admin_label=&#8221;Divider&#8221; height=&#8221;110&#8243; _builder_version=&#8221;3.0.51&#8243; \/][\/et_pb_column][\/et_pb_row][\/et_pb_section][et_pb_section bb_built=&#8221;1&#8243; admin_label=&#8221;Section&#8221; background_color=&#8221;#f7f7f4&#8243; custom_padding=&#8221;0px||0px|&#8221; _builder_version=&#8221;3.0.51&#8243;][et_pb_row admin_label=&#8221;row&#8221; use_custom_width=&#8221;on&#8221; custom_width_px=&#8221;620px&#8221; custom_padding=&#8221;0px||0px|&#8221; column_padding_mobile=&#8221;on&#8221; parallax_method_1=&#8221;off&#8221; parallax_method_2=&#8221;off&#8221; _builder_version=&#8221;3.0.51&#8243; background_size=&#8221;initial&#8221; background_position=&#8221;top_left&#8221; background_repeat=&#8221;repeat&#8221;][et_pb_column type=&#8221;4_4&#8243;][et_pb_image admin_label=&#8221;logo GAD&#8221; src=&#8221;http:\/\/disteco.com\/wp-content\/uploads\/2017\/03\/gad-grup-alimentari-disteco.png&#8221; animation=&#8221;off&#8221; sticky=&#8221;on&#8221; align=&#8221;center&#8221; _builder_version=&#8221;3.0.51&#8243; custom_margin=&#8221;-48px|||&#8221; \/][et_pb_text admin_label=&#8221;Familia de recetas&#8221; text_orientation=&#8221;center&#8221; _builder_version=&#8221;3.0.51&#8243; text_font=&#8221;PT Sans|on|||&#8221; text_text_color=&#8221;#bcbcbc&#8221; text_letter_spacing=&#8221;2px&#8221; background_size=&#8221;initial&#8221; background_position=&#8221;top_left&#8221; background_repeat=&#8221;repeat&#8221; custom_margin=&#8221;||0px|&#8221; custom_padding=&#8221;||0px|&#8221; inline_fonts=&#8221;Montserrat&#8221;]<\/p>\n<p class=\"\" style=\"text-align: center;\"><span style=\"font-family: Montserrat; font-weight: normal; font-size: large;\">\u00a0<\/span><\/p>\n<p>[\/et_pb_text][et_pb_text admin_label=&#8221;T\u00edtulo&#8221; text_orientation=&#8221;center&#8221; max_width=&#8221;660px&#8221; _builder_version=&#8221;3.0.51&#8243; text_font=&#8221;PT Sans||||&#8221; text_font_size=&#8221;72&#8243; text_font_size_tablet=&#8221;52&#8243; text_font_size_last_edited=&#8221;on|desktop&#8221; text_text_color=&#8221;#1d1d1d&#8221; text_line_height=&#8221;1.1em&#8221; background_size=&#8221;initial&#8221; background_position=&#8221;top_left&#8221; background_repeat=&#8221;repeat&#8221; custom_margin=&#8221;18px||80px|&#8221;]<\/p>\n<h1 class=\"entry-title\"><span style=\"color: #000000;\"><strong>Carpaccio de vedella del Giron\u00e8s<\/strong><\/span><\/h1>\n<p>[\/et_pb_text][\/et_pb_column][\/et_pb_row][et_pb_row admin_label=&#8221;Fila&#8221; custom_padding=&#8221;0px|0px|0px|0px&#8221; background_position_1=&#8221;top_left&#8221; background_position_2=&#8221;top_left&#8221; background_repeat_1=&#8221;no-repeat&#8221; background_repeat_2=&#8221;no-repeat&#8221; _builder_version=&#8221;3.0.51&#8243; background_size=&#8221;initial&#8221; background_position=&#8221;top_left&#8221; background_repeat=&#8221;repeat&#8221;][et_pb_column type=&#8221;1_4&#8243;][et_pb_text admin_label=&#8221;Autor receta&#8221; _builder_version=&#8221;3.0.51&#8243;]<\/p>\n<div class=\"divERSHeadItems\">\n<p><span style=\"color: #000000;\"><strong>Autor:<\/strong>\u00a0DISTECO<\/span><\/p>\n<p>&nbsp;<\/p>\n<div class=\"divERSHeadItems\">\n<p class=\"ERSCategory\"><span style=\"color: #000000;\"><strong>Tipo de plato:<\/strong>\u00a0ENTRANTE o PRIMER PLATO<\/span><\/p>\n<p class=\"ERSCuisine\"><span style=\"color: #000000;\"><strong>Tipo de cocina:<\/strong>\u00a0SANA<\/span><\/p>\n<p class=\"ERSCuisine\"><span style=\"color: #000000;\"><strong>Tiempo de preparaci\u00f3n:\u00a0<\/strong>\u00a05-10 minutos (m\u00e1s 3 horas para endurecer la carne en el congelador)<\/span><\/p>\n<p class=\"ERSServes\"><span style=\"color: #000000;\"><strong>Dificultad:<\/strong>\u00a0F\u00c1CIL<\/span><\/p>\n<\/div>\n<\/div>\n<p>[\/et_pb_text][\/et_pb_column][et_pb_column type=&#8221;3_4&#8243;][et_pb_image admin_label=&#8221;Image&#8221; src=&#8221;http:\/\/disteco.com\/wp-content\/uploads\/2017\/08\/Carpaccio-ternera.jpg&#8221; animation=&#8221;fade_in&#8221; sticky=&#8221;on&#8221; _builder_version=&#8221;3.0.51&#8243; \/][et_pb_text admin_label=&#8221;T\u00edtulo imagen&#8221; max_width=&#8221;400px&#8221; _builder_version=&#8221;3.0.51&#8243; text_font=&#8221;PT Serif||on||&#8221; text_font_size=&#8221;12&#8243; text_text_color=&#8221;#363636&#8243; text_line_height=&#8221;1.2em&#8221; background_size=&#8221;initial&#8221; background_position=&#8221;top_left&#8221; background_repeat=&#8221;repeat&#8221; custom_margin=&#8221;6px|||&#8221; inline_fonts=&#8221;Comfortaa&#8221;] <span style=\"color: #e02b20; font-family: Comfortaa;\">Carpaccio de vedella del Giron\u00e8s<\/span> [\/et_pb_text][et_pb_divider admin_label=&#8221;Separador&#8221; color=&#8221;#aeaeac&#8221; show_divider=&#8221;on&#8221; divider_style=&#8221;solid&#8221; divider_position=&#8221;top&#8221; hide_on_mobile=&#8221;off&#8221; _builder_version=&#8221;3.0.51&#8243; custom_css_main_element=&#8221;width:130px;&#8221; \/][\/et_pb_column][\/et_pb_row][\/et_pb_section][et_pb_section bb_built=&#8221;1&#8243; admin_label=&#8221;Section&#8221; transparent_background=&#8221;on&#8221; custom_padding=&#8221;0px|||&#8221; padding_mobile=&#8221;on&#8221; _builder_version=&#8221;3.0.51&#8243;][et_pb_row admin_label=&#8221;Fila&#8221; custom_padding=&#8221;0px|0px|55px|0px&#8221; background_position_1=&#8221;top_left&#8221; background_position_2=&#8221;top_left&#8221; background_repeat_1=&#8221;no-repeat&#8221; background_repeat_2=&#8221;no-repeat&#8221; _builder_version=&#8221;3.0.51&#8243; background_size=&#8221;initial&#8221; background_position=&#8221;top_left&#8221; background_repeat=&#8221;repeat&#8221;][et_pb_column type=&#8221;4_4&#8243;][et_pb_text admin_label=&#8221;Ingredientes&#8221; max_width=&#8221;800px&#8221; _builder_version=&#8221;3.0.51&#8243; text_font_size_last_edited=&#8221;on|desktop&#8221; text_text_color=&#8221;#363636&#8243; text_line_height=&#8221;1.5em&#8221; background_size=&#8221;initial&#8221; background_position=&#8221;top_left&#8221; background_repeat=&#8221;repeat&#8221; custom_margin=&#8221;30px||0px|&#8221; inline_fonts=&#8221;Comfortaa&#8221;]<\/p>\n<div class=\"ERSInstructions\">\n<h2 class=\"ERSIngredientsHeader ERSHeading\"><strong>Ingredients<\/strong><\/h2>\n<p>&nbsp;<\/p>\n<p>&nbsp;<\/p>\n<\/div>\n<p>Aquesta recepta \u00e9s una de les m\u00e9s tradicionals. Per elaborar-la es necessita:<\/p>\n<ul>\n<li>1\/2 quilo de filet de vedella en una sola pe\u00e7a.<\/li>\n<li>Formatge parmes\u00e0 tallat en l\u00e0mines molt fines.<\/li>\n<li>Oli d\u2019oliva.<\/li>\n<li>Vinagre de modema.<\/li>\n<li>Pebre negre.<\/li>\n<\/ul>\n<p>[\/et_pb_text][et_pb_text admin_label=&#8221;Receta&#8221; max_width=&#8221;1400px&#8221; _builder_version=&#8221;3.0.51&#8243; text_font_size_last_edited=&#8221;on|desktop&#8221; text_text_color=&#8221;#363636&#8243; text_line_height=&#8221;1.5em&#8221; background_size=&#8221;initial&#8221; background_position=&#8221;top_left&#8221; background_repeat=&#8221;repeat&#8221; custom_margin=&#8221;30px||0px|&#8221; inline_fonts=&#8221;Comfortaa&#8221;]<\/p>\n<h2 class=\"ERSInstructionsHeader ERSHeading\"><strong>Recepta de Carpaccio de vedella del Giron\u00e8s<\/strong><\/h2>\n<ul>\n<li>La base d\u2019un bon carpaccio de vedella \u00e9s tallar la carn el m\u00e9s fina possible.<\/li>\n<li>Es recomana despr\u00e9s de tallar donar-li uns cops a la carn per fer-la encara m\u00e9s fina.<\/li>\n<li>Amb l\u2019oli d\u2019oliva i el vinagre de M\u00f2dena s\u2019elabora una vinagreta (tres parts d\u2019oli per una de vinagre).<\/li>\n<li>S\u2019aboca part de la vinagreta al plat en el qual anem a servir el carpaccio.<\/li>\n<li>A continuaci\u00f3 es distribueix la carn sobre de la vinagreta.<\/li>\n<li>S\u2019afegeixen per sobre les l\u00e0mines de formatge parmes\u00e0 i se salpebra.<\/li>\n<li>Finalment s\u2019aboca per sobre la resta de la vinagreta.<\/li>\n<\/ul>\n<p>[\/et_pb_text][et_pb_text admin_label=&#8221;Ingredientes&#8221; max_width=&#8221;800px&#8221; _builder_version=&#8221;3.0.51&#8243; text_font_size_last_edited=&#8221;on|desktop&#8221; text_text_color=&#8221;#363636&#8243; text_line_height=&#8221;1.5em&#8221; background_size=&#8221;initial&#8221; background_position=&#8221;top_left&#8221; background_repeat=&#8221;repeat&#8221; custom_margin=&#8221;30px||0px|&#8221; inline_fonts=&#8221;Comfortaa&#8221;]<\/p>\n<h2><strong>Ingredients<\/strong><\/h2>\n<p>&nbsp;<\/p>\n<p>Per als que volen \u00a0un plat una mica m\u00e9s elaborat necessitem:<\/p>\n<ul>\n<li>1\/2 quilo de filet de vedella del Giron\u00e8s.<\/li>\n<li>Formatge parmes\u00e0.<\/li>\n<li>Nous.<\/li>\n<li>Sal.<\/li>\n<li>Pebre negre.<\/li>\n<li>All.<\/li>\n<li>Julivert.<\/li>\n<li>Suc de llimona.<\/li>\n<li>Oli d\u2019oliva.<\/li>\n<\/ul>\n<p>[\/et_pb_text][et_pb_text admin_label=&#8221;Receta&#8221; max_width=&#8221;1400px&#8221; _builder_version=&#8221;3.0.51&#8243; text_font_size_last_edited=&#8221;on|desktop&#8221; text_text_color=&#8221;#363636&#8243; text_line_height=&#8221;1.5em&#8221; background_size=&#8221;initial&#8221; background_position=&#8221;top_left&#8221; background_repeat=&#8221;repeat&#8221; custom_margin=&#8221;30px||0px|&#8221; inline_fonts=&#8221;Comfortaa&#8221;]<\/p>\n<h2><strong>Recepta de Carpaccio de vedella del Giron\u00e8s amb parmes\u00e0 i nous<\/strong><\/h2>\n<p>&nbsp;<\/p>\n<p>&nbsp;<\/p>\n<ul>\n<li>Tallem i disposem la carn al plat en qu\u00e8 l\u2019anem a servir.<\/li>\n<li>Espremem mitja llimona sobre la carn i sobre d\u2019ella escampem l\u2019all, unes nous, julivert i formatge parmes\u00e0, tot aix\u00f2 tallat en petits trossos.<\/li>\n<li>Afegim sal i pebre i reguem amb un raig d\u2019oli.<\/li>\n<\/ul>\n<p>&nbsp;<\/p>\n<p>[\/et_pb_text][et_pb_text admin_label=&#8221;Valor nutricional &#8221; max_width=&#8221;800px&#8221; _builder_version=&#8221;3.0.51&#8243; text_font_size_last_edited=&#8221;on|desktop&#8221; text_text_color=&#8221;#363636&#8243; text_line_height=&#8221;1.5em&#8221; background_size=&#8221;initial&#8221; background_position=&#8221;top_left&#8221; background_repeat=&#8221;repeat&#8221; custom_margin=&#8221;30px||0px|&#8221; inline_fonts=&#8221;Comfortaa&#8221;]<\/p>\n<h2><\/h2>\n<h2><strong>Informaci\u00f3 nutricional de 100 gr. de Carpaccio de vedella del Giron\u00e8s<\/strong><\/h2>\n<table width=\"259\">\n<tbody>\n<tr>\n<td colspan=\"2\" width=\"173\">Calories<\/td>\n<td width=\"86\">229 kcal.<\/td>\n<\/tr>\n<tr>\n<td colspan=\"2\">Prote\u00efnes<\/td>\n<td width=\"86\">29,85 g.<\/td>\n<\/tr>\n<tr>\n<td colspan=\"2\" width=\"173\">Colesterol<\/td>\n<td width=\"86\">113 mg.<\/td>\n<\/tr>\n<tr>\n<td colspan=\"2\">Sodi<\/td>\n<td width=\"86\">55 mg.<\/td>\n<\/tr>\n<tr>\n<td colspan=\"2\">Carbohidrats<\/td>\n<td width=\"86\">0,00 g.<\/td>\n<\/tr>\n<tr>\n<td colspan=\"2\">Fibra<\/td>\n<td width=\"86\">0 g.<\/td>\n<\/tr>\n<tr>\n<td colspan=\"2\">Sucres<\/td>\n<td width=\"86\">0 g.<\/td>\n<\/tr>\n<tr>\n<td colspan=\"2\">Greix<\/td>\n<td width=\"86\">11,3 g.<\/td>\n<\/tr>\n<tr>\n<td colspan=\"2\">Greix Saturat<\/td>\n<td width=\"86\">4,244 g.<\/td>\n<\/tr>\n<tr>\n<td colspan=\"2\">Greix Monoinsaturat<\/td>\n<td width=\"86\">4,363 g.<\/td>\n<\/tr>\n<tr>\n<td colspan=\"2\">Greix Poliinsaturat<\/td>\n<td width=\"86\">0,793 g.<\/td>\n<\/tr>\n<tr>\n<td width=\"96\">Sodi<\/td>\n<td width=\"77\"><\/td>\n<td width=\"86\">\u00a0409 mg.<\/td>\n<\/tr>\n<tr>\n<td width=\"96\">Potassi<\/td>\n<td width=\"77\"><\/td>\n<td width=\"86\">\u00a0322 mg.<\/td>\n<\/tr>\n<\/tbody>\n<\/table>\n<p>[\/et_pb_text][et_pb_text admin_label=&#8221;Comentarios a la receta&#8221; text_orientation=&#8221;justified&#8221; max_width=&#8221;1400px&#8221; _builder_version=&#8221;3.0.51&#8243; text_font_size_last_edited=&#8221;on|desktop&#8221; text_text_color=&#8221;#363636&#8243; text_line_height=&#8221;1.5em&#8221; background_size=&#8221;initial&#8221; background_position=&#8221;top_left&#8221; background_repeat=&#8221;repeat&#8221; custom_margin=&#8221;30px||0px|&#8221; inline_fonts=&#8221;Comfortaa&#8221;]<\/p>\n<h2><\/h2>\n<h2><\/h2>\n<h2><\/h2>\n<h2><strong>Carpaccio de vedella, una recepta deliciosa<\/strong><\/h2>\n<p>&nbsp;<\/p>\n<p>El carpaccio de vedella \u00e9s una recepta italiana.<\/p>\n<p>Pel que sembla aquesta recepta va ser preparada per primera vegada per a una marquesa a la qual per motius de salut havien recomanat la ingesta de carn crua.<\/p>\n<p>En el carpaccio de vedella la carn no es cuina, per aix\u00f2 \u00e9s important tallar-la a l\u00e0mines molt fines.<\/p>\n<p>El carpaccio \u00e9s una de les receptes italianes m\u00e9s populars i hi ha diferents maneres de amanir la carn de vedella.<\/p>\n<div class=\"ERSNotesDiv\"><\/div>\n<p>[\/et_pb_text][\/et_pb_column][\/et_pb_row][\/et_pb_section]<\/p>\n","protected":false},"excerpt":{"rendered":"<p>\u00a0 Carpaccio de vedella del Giron\u00e8s Autor:\u00a0DISTECO &nbsp; Tipo de plato:\u00a0ENTRANTE o PRIMER PLATO Tipo de cocina:\u00a0SANA Tiempo de preparaci\u00f3n:\u00a0\u00a05-10 minutos (m\u00e1s 3 horas para endurecer la carne en el congelador) Dificultad:\u00a0F\u00c1CIL Carpaccio de vedella del Giron\u00e8s Ingredients &nbsp; &nbsp; Aquesta recepta \u00e9s una de les m\u00e9s tradicionals. Per elaborar-la es necessita: 1\/2 quilo de [&hellip;]<\/p>\n","protected":false},"author":1,"featured_media":205724,"parent":0,"menu_order":0,"comment_status":"closed","ping_status":"closed","template":"","meta":{"_et_pb_use_builder":"on","_et_pb_old_content":"","_et_gb_content_width":"","footnotes":""},"class_list":["post-206206","page","type-page","status-publish","has-post-thumbnail","hentry"],"yoast_head":"<!-- This site is optimized with the Yoast SEO plugin v26.9 - https:\/\/yoast.com\/product\/yoast-seo-wordpress\/ -->\n<title>Carpaccio de vedella del Giron\u00e8s<\/title>\n<meta name=\"description\" content=\"El carpaccio de vedella va ser preparada per primera vegada per a una marquesa a la qual per motius de salut havien recomanat la ingesta de carn crua.\" \/>\n<meta name=\"robots\" content=\"index, follow, max-snippet:-1, max-image-preview:large, max-video-preview:-1\" \/>\n<link rel=\"canonical\" href=\"https:\/\/disteco.com\/ca\/carpaccio-de-vedella-del-girones\/\" \/>\n<meta property=\"og:locale\" content=\"ca_ES\" \/>\n<meta property=\"og:type\" content=\"article\" \/>\n<meta property=\"og:title\" content=\"Carpaccio de vedella del Giron\u00e8s\" \/>\n<meta property=\"og:description\" content=\"El carpaccio de vedella va ser preparada per primera vegada per a una marquesa a la qual per motius de salut havien recomanat la ingesta de carn crua.\" \/>\n<meta property=\"og:url\" content=\"https:\/\/disteco.com\/ca\/carpaccio-de-vedella-del-girones\/\" \/>\n<meta property=\"og:site_name\" content=\"GRUP ALIMENTARI DISTECO\" \/>\n<meta property=\"article:publisher\" content=\"https:\/\/www.facebook.com\/grupalimentaridisteco\/\" \/>\n<meta property=\"article:modified_time\" content=\"2017-09-11T17:47:29+00:00\" \/>\n<meta property=\"og:image\" content=\"https:\/\/disteco.com\/wp-content\/uploads\/2017\/08\/Carpaccio-ternera.jpg\" \/>\n\t<meta property=\"og:image:width\" content=\"1024\" \/>\n\t<meta property=\"og:image:height\" content=\"683\" \/>\n\t<meta property=\"og:image:type\" content=\"image\/jpeg\" \/>\n<meta name=\"twitter:card\" content=\"summary_large_image\" \/>\n<meta name=\"twitter:site\" content=\"@DistecoGrup\" \/>\n<meta name=\"twitter:label1\" content=\"Temps estimat de lectura\" \/>\n\t<meta name=\"twitter:data1\" content=\"6 minut\" \/>\n<script type=\"application\/ld+json\" class=\"yoast-schema-graph\">{\"@context\":\"https:\/\/schema.org\",\"@graph\":[{\"@type\":\"WebPage\",\"@id\":\"https:\/\/disteco.com\/ca\/carpaccio-de-vedella-del-girones\/\",\"url\":\"https:\/\/disteco.com\/ca\/carpaccio-de-vedella-del-girones\/\",\"name\":\"Carpaccio de vedella del Giron\u00e8s\",\"isPartOf\":{\"@id\":\"https:\/\/disteco.com\/ca\/#website\"},\"primaryImageOfPage\":{\"@id\":\"https:\/\/disteco.com\/ca\/carpaccio-de-vedella-del-girones\/#primaryimage\"},\"image\":{\"@id\":\"https:\/\/disteco.com\/ca\/carpaccio-de-vedella-del-girones\/#primaryimage\"},\"thumbnailUrl\":\"https:\/\/disteco.com\/wp-content\/uploads\/2017\/08\/Carpaccio-ternera.jpg\",\"datePublished\":\"2017-08-01T13:28:53+00:00\",\"dateModified\":\"2017-09-11T17:47:29+00:00\",\"description\":\"El carpaccio de vedella va ser preparada per primera vegada per a una marquesa a la qual per motius de salut havien recomanat la ingesta de carn crua.\",\"breadcrumb\":{\"@id\":\"https:\/\/disteco.com\/ca\/carpaccio-de-vedella-del-girones\/#breadcrumb\"},\"inLanguage\":\"ca\",\"potentialAction\":[{\"@type\":\"ReadAction\",\"target\":[\"https:\/\/disteco.com\/ca\/carpaccio-de-vedella-del-girones\/\"]}]},{\"@type\":\"ImageObject\",\"inLanguage\":\"ca\",\"@id\":\"https:\/\/disteco.com\/ca\/carpaccio-de-vedella-del-girones\/#primaryimage\",\"url\":\"https:\/\/disteco.com\/wp-content\/uploads\/2017\/08\/Carpaccio-ternera.jpg\",\"contentUrl\":\"https:\/\/disteco.com\/wp-content\/uploads\/2017\/08\/Carpaccio-ternera.jpg\",\"width\":1024,\"height\":683},{\"@type\":\"BreadcrumbList\",\"@id\":\"https:\/\/disteco.com\/ca\/carpaccio-de-vedella-del-girones\/#breadcrumb\",\"itemListElement\":[{\"@type\":\"ListItem\",\"position\":1,\"name\":\"Portada\",\"item\":\"https:\/\/disteco.com\/ca\/\"},{\"@type\":\"ListItem\",\"position\":2,\"name\":\"Carpaccio de vedella del Giron\u00e8s\"}]},{\"@type\":\"WebSite\",\"@id\":\"https:\/\/disteco.com\/ca\/#website\",\"url\":\"https:\/\/disteco.com\/ca\/\",\"name\":\"GRUP ALIMENTARI DISTECO\",\"description\":\"Distribuci\u00f3 aliment\u00e0ria de productes d'alta qualitat\",\"publisher\":{\"@id\":\"https:\/\/disteco.com\/ca\/#organization\"},\"potentialAction\":[{\"@type\":\"SearchAction\",\"target\":{\"@type\":\"EntryPoint\",\"urlTemplate\":\"https:\/\/disteco.com\/ca\/?s={search_term_string}\"},\"query-input\":{\"@type\":\"PropertyValueSpecification\",\"valueRequired\":true,\"valueName\":\"search_term_string\"}}],\"inLanguage\":\"ca\"},{\"@type\":\"Organization\",\"@id\":\"https:\/\/disteco.com\/ca\/#organization\",\"name\":\"GRUP ALIMENTARI DISTECO\",\"url\":\"https:\/\/disteco.com\/ca\/\",\"logo\":{\"@type\":\"ImageObject\",\"inLanguage\":\"ca\",\"@id\":\"https:\/\/disteco.com\/ca\/#\/schema\/logo\/image\/\",\"url\":\"https:\/\/disteco.com\/wp-content\/uploads\/2017\/03\/logo-grup-alimentari-disteco.png\",\"contentUrl\":\"https:\/\/disteco.com\/wp-content\/uploads\/2017\/03\/logo-grup-alimentari-disteco.png\",\"width\":600,\"height\":61,\"caption\":\"GRUP ALIMENTARI DISTECO\"},\"image\":{\"@id\":\"https:\/\/disteco.com\/ca\/#\/schema\/logo\/image\/\"},\"sameAs\":[\"https:\/\/www.facebook.com\/grupalimentaridisteco\/\",\"https:\/\/x.com\/DistecoGrup\",\"https:\/\/www.instagram.com\/gadisteco\/\",\"https:\/\/www.linkedin.com\/company\/grup-alimentari-disteco\/\",\"https:\/\/www.youtube.com\/@grupalimentaridisteco572\"]}]}<\/script>\n<!-- \/ Yoast SEO plugin. -->","yoast_head_json":{"title":"Carpaccio de vedella del Giron\u00e8s","description":"El carpaccio de vedella va ser preparada per primera vegada per a una marquesa a la qual per motius de salut havien recomanat la ingesta de carn crua.","robots":{"index":"index","follow":"follow","max-snippet":"max-snippet:-1","max-image-preview":"max-image-preview:large","max-video-preview":"max-video-preview:-1"},"canonical":"https:\/\/disteco.com\/ca\/carpaccio-de-vedella-del-girones\/","og_locale":"ca_ES","og_type":"article","og_title":"Carpaccio de vedella del Giron\u00e8s","og_description":"El carpaccio de vedella va ser preparada per primera vegada per a una marquesa a la qual per motius de salut havien recomanat la ingesta de carn crua.","og_url":"https:\/\/disteco.com\/ca\/carpaccio-de-vedella-del-girones\/","og_site_name":"GRUP ALIMENTARI DISTECO","article_publisher":"https:\/\/www.facebook.com\/grupalimentaridisteco\/","article_modified_time":"2017-09-11T17:47:29+00:00","og_image":[{"width":1024,"height":683,"url":"https:\/\/disteco.com\/wp-content\/uploads\/2017\/08\/Carpaccio-ternera.jpg","type":"image\/jpeg"}],"twitter_card":"summary_large_image","twitter_site":"@DistecoGrup","twitter_misc":{"Temps estimat de lectura":"6 minut"},"schema":{"@context":"https:\/\/schema.org","@graph":[{"@type":"WebPage","@id":"https:\/\/disteco.com\/ca\/carpaccio-de-vedella-del-girones\/","url":"https:\/\/disteco.com\/ca\/carpaccio-de-vedella-del-girones\/","name":"Carpaccio de vedella del Giron\u00e8s","isPartOf":{"@id":"https:\/\/disteco.com\/ca\/#website"},"primaryImageOfPage":{"@id":"https:\/\/disteco.com\/ca\/carpaccio-de-vedella-del-girones\/#primaryimage"},"image":{"@id":"https:\/\/disteco.com\/ca\/carpaccio-de-vedella-del-girones\/#primaryimage"},"thumbnailUrl":"https:\/\/disteco.com\/wp-content\/uploads\/2017\/08\/Carpaccio-ternera.jpg","datePublished":"2017-08-01T13:28:53+00:00","dateModified":"2017-09-11T17:47:29+00:00","description":"El carpaccio de vedella va ser preparada per primera vegada per a una marquesa a la qual per motius de salut havien recomanat la ingesta de carn crua.","breadcrumb":{"@id":"https:\/\/disteco.com\/ca\/carpaccio-de-vedella-del-girones\/#breadcrumb"},"inLanguage":"ca","potentialAction":[{"@type":"ReadAction","target":["https:\/\/disteco.com\/ca\/carpaccio-de-vedella-del-girones\/"]}]},{"@type":"ImageObject","inLanguage":"ca","@id":"https:\/\/disteco.com\/ca\/carpaccio-de-vedella-del-girones\/#primaryimage","url":"https:\/\/disteco.com\/wp-content\/uploads\/2017\/08\/Carpaccio-ternera.jpg","contentUrl":"https:\/\/disteco.com\/wp-content\/uploads\/2017\/08\/Carpaccio-ternera.jpg","width":1024,"height":683},{"@type":"BreadcrumbList","@id":"https:\/\/disteco.com\/ca\/carpaccio-de-vedella-del-girones\/#breadcrumb","itemListElement":[{"@type":"ListItem","position":1,"name":"Portada","item":"https:\/\/disteco.com\/ca\/"},{"@type":"ListItem","position":2,"name":"Carpaccio de vedella del Giron\u00e8s"}]},{"@type":"WebSite","@id":"https:\/\/disteco.com\/ca\/#website","url":"https:\/\/disteco.com\/ca\/","name":"GRUP ALIMENTARI DISTECO","description":"Distribuci\u00f3 aliment\u00e0ria de productes d'alta qualitat","publisher":{"@id":"https:\/\/disteco.com\/ca\/#organization"},"potentialAction":[{"@type":"SearchAction","target":{"@type":"EntryPoint","urlTemplate":"https:\/\/disteco.com\/ca\/?s={search_term_string}"},"query-input":{"@type":"PropertyValueSpecification","valueRequired":true,"valueName":"search_term_string"}}],"inLanguage":"ca"},{"@type":"Organization","@id":"https:\/\/disteco.com\/ca\/#organization","name":"GRUP ALIMENTARI DISTECO","url":"https:\/\/disteco.com\/ca\/","logo":{"@type":"ImageObject","inLanguage":"ca","@id":"https:\/\/disteco.com\/ca\/#\/schema\/logo\/image\/","url":"https:\/\/disteco.com\/wp-content\/uploads\/2017\/03\/logo-grup-alimentari-disteco.png","contentUrl":"https:\/\/disteco.com\/wp-content\/uploads\/2017\/03\/logo-grup-alimentari-disteco.png","width":600,"height":61,"caption":"GRUP ALIMENTARI DISTECO"},"image":{"@id":"https:\/\/disteco.com\/ca\/#\/schema\/logo\/image\/"},"sameAs":["https:\/\/www.facebook.com\/grupalimentaridisteco\/","https:\/\/x.com\/DistecoGrup","https:\/\/www.instagram.com\/gadisteco\/","https:\/\/www.linkedin.com\/company\/grup-alimentari-disteco\/","https:\/\/www.youtube.com\/@grupalimentaridisteco572"]}]}},"_links":{"self":[{"href":"https:\/\/disteco.com\/ca\/wp-json\/wp\/v2\/pages\/206206","targetHints":{"allow":["GET"]}}],"collection":[{"href":"https:\/\/disteco.com\/ca\/wp-json\/wp\/v2\/pages"}],"about":[{"href":"https:\/\/disteco.com\/ca\/wp-json\/wp\/v2\/types\/page"}],"author":[{"embeddable":true,"href":"https:\/\/disteco.com\/ca\/wp-json\/wp\/v2\/users\/1"}],"replies":[{"embeddable":true,"href":"https:\/\/disteco.com\/ca\/wp-json\/wp\/v2\/comments?post=206206"}],"version-history":[{"count":5,"href":"https:\/\/disteco.com\/ca\/wp-json\/wp\/v2\/pages\/206206\/revisions"}],"predecessor-version":[{"id":206255,"href":"https:\/\/disteco.com\/ca\/wp-json\/wp\/v2\/pages\/206206\/revisions\/206255"}],"wp:featuredmedia":[{"embeddable":true,"href":"https:\/\/disteco.com\/ca\/wp-json\/wp\/v2\/media\/205724"}],"wp:attachment":[{"href":"https:\/\/disteco.com\/ca\/wp-json\/wp\/v2\/media?parent=206206"}],"curies":[{"name":"wp","href":"https:\/\/api.w.org\/{rel}","templated":true}]}}